{"id":5370,"date":"2024-07-16T05:22:32","date_gmt":"2024-07-16T05:22:32","guid":{"rendered":"https:\/\/emergency.sncil.org\/informacion-de-emergencia-de-nevada-por-ciudad-condado\/informacion-de-emergencia-del-condado-de-clark\/"},"modified":"2025-08-05T22:14:30","modified_gmt":"2025-08-05T22:14:30","slug":"informacion-de-emergencia-del-condado-de-clark","status":"publish","type":"page","link":"https:\/\/emergency.sncil.org\/es\/informacion-de-emergencia-de-nevada-por-ciudad-condado\/informacion-de-emergencia-del-condado-de-clark\/","title":{"rendered":"Informaci\u00f3n de Emergencia del Condado de Clark"},"content":{"rendered":"\t\t<div data-elementor-type=\"wp-page\" data-elementor-id=\"5370\" class=\"elementor elementor-5370 elementor-2841\" data-elementor-post-type=\"page\">\n\t\t\t\t<div class=\"elementor-element elementor-element-25a4e9ae e-flex e-con-boxed e-con e-parent\" data-id=\"25a4e9ae\" data-element_type=\"container\" data-e-type=\"container\">\n\t\t\t\t\t<div class=\"e-con-inner\">\n\t\t<div class=\"elementor-element elementor-element-407c8c1 e-con-full e-flex e-con e-child\" data-id=\"407c8c1\" data-element_type=\"container\" data-e-type=\"container\" data-settings=\"{&quot;background_background&quot;:&quot;classic&quot;}\">\n\t\t\t\t<div class=\"elementor-element elementor-element-e4f98a4 elementor-widget elementor-widget-heading\" data-id=\"e4f98a4\" data-element_type=\"widget\" data-e-type=\"widget\" data-widget_type=\"heading.default\">\n\t\t\t\t<div class=\"elementor-widget-container\">\n\t\t\t\t\t<h2 class=\"elementor-heading-title elementor-size-default\">Condado de Clark<\/h2>\t\t\t\t<\/div>\n\t\t\t\t<\/div>\n\t\t\t\t<\/div>\n\t\t\t\t\t<\/div>\n\t\t\t\t<\/div>\n\t\t<div class=\"elementor-element elementor-element-3f0876ab e-flex e-con-boxed e-con e-parent\" data-id=\"3f0876ab\" data-element_type=\"container\" data-e-type=\"container\">\n\t\t\t\t\t<div class=\"e-con-inner\">\n\t\t\t\t<div class=\"elementor-element elementor-element-5df609b6 elementor-widget elementor-widget-text-editor\" data-id=\"5df609b6\" data-element_type=\"widget\" data-e-type=\"widget\" data-widget_type=\"text-editor.default\">\n\t\t\t\t<div class=\"elementor-widget-container\">\n\t\t\t\t\t\t\t\t\t<p>El condado de Clark alberga el bullicioso centro urbano de Las Vegas (la ciudad m\u00e1s grande de Nevada), North Las Vegas, Boulder, Henderson, Mesquite junto con otras ciudades m\u00e1s peque\u00f1as, monta\u00f1as escarpadas y vastas extensiones de terreno del desierto de Mojave. La zona experimenta temperaturas extremadamente altas durante los meses de verano, lo que puede provocar <a href=\"https:\/\/emergency.sncil.org\/es\/informacion-de-emergencia-en-caso-de-ola-de-calor\/\" target=\"_blank\" rel=\"noopener\"><span style=\"text-decoration: underline;\">emergencias relacionadas con el calor<\/span><\/a> como insolaci\u00f3n y deshidrataci\u00f3n. <\/p><p>Las condiciones secas y la vegetaci\u00f3n hacen que la zona sea susceptible de sufrir <a href=\"https:\/\/emergency.sncil.org\/es\/informacion-de-emergencia-en-caso-de-incendio\/\" target=\"_blank\" rel=\"noopener\"><span style=\"text-decoration: underline;\">incendios forestales<\/span>,<\/a> sobre todo en las regiones rurales y monta\u00f1osas.<\/p><p>El humo asociado a los incendios forestales puede contribuir a <a href=\"https:\/\/www.lung.org\/lung-health-diseases\/lung-disease-lookup\/copd\/living-with-copd\/prevent-flare-ups\" target=\"_blank\" rel=\"noopener\">las exacerbaciones de EPOC<\/a> durante condiciones de humo intenso, especialmente en poblaciones de edad avanzada. Visita <a href=\"http:\/\/ruralnvsmoke.ndep.nv.gov\/\">Humo Rural NV<\/a> para conocer las condiciones actualizadas del humo en la zona. <\/p><p>Las lluvias torrenciales, especialmente durante la estaci\u00f3n monz\u00f3nica, pueden provocar <a href=\"https:\/\/emergency.sncil.org\/es\/informacion-de-emergencia-por-lluvia-inundacion\/\" target=\"_blank\" rel=\"noopener\"><span style=\"text-decoration: underline;\">inundaciones repentinas<\/span><\/a> en algunas partes del condado de Clark. Estas inundaciones pueden ser repentinas y peligrosas. <\/p><p>Puedes ayudar a protegerte<\/p><ul><li>Bebe mucho l\u00edquido, mantente alejado del sol y busca un lugar con aire acondicionado<\/li><li>Mantente informado sobre las <a href=\"http:\/\/www.weather.com\">previsiones meteorol\u00f3gicas <\/a> <\/li><li>Piensa en c\u00f3mo podr\u00eda afectarte una inundaci\u00f3n<\/li><li>Planificar tus necesidades en caso de<span style=\"text-decoration: underline;\"> <a href=\"https:\/\/emergency.sncil.org\/es\/evacuacion\/\" target=\"_blank\" rel=\"noopener\"> evacuaci\u00f3n<\/a>, <a href=\"https:\/\/emergency.sncil.org\/es\/refugiarse-en-el-lugar\/\" target=\"_blank\" rel=\"noopener\">quedarte atrapado en casa<\/a> o <a href=\"https:\/\/emergency.sncil.org\/es\/prepararse-para-un-apagon\/\">quedarte sin electricidad<\/a><\/span><\/li><li>Preparar un espacio defendible alrededor de tu casa<\/li><li><a href=\"https:\/\/www.nevadafireinfo.org\/\" target=\"_blank\" rel=\"noopener\">Mantente informado sobre los incendios forestales<\/a><\/li><\/ul><p>Es esencial que los residentes y visitantes del condado de Clark, sobre todo de Las Vegas, se mantengan informados sobre posibles emergencias y dispongan de un <a href=\"https:\/\/emergency.sncil.org\/es\/cual-es-tu-plan-de-emergencia\/\" target=\"_blank\" rel=\"noopener\">plan de preparaci\u00f3n para emergencias<\/a>, que incluya <a href=\"https:\/\/emergency.sncil.org\/who-is-in-your-network\/\" target=\"_blank\" rel=\"noopener\">disponer de una red<\/a>, conocer las rutas de evacuaci\u00f3n, tener suministros de emergencia y permanecer atentos a las noticias y autoridades locales para estar al d\u00eda durante este tipo de sucesos.<\/p><p>Las autoridades locales, incluidos el Departamento de Polic\u00eda Metropolitana de Las Vegas y la Gesti\u00f3n de Emergencias del Condado de Clark, proporcionan informaci\u00f3n y orientaci\u00f3n durante las emergencias.<\/p><p><strong>Informaci\u00f3n de contacto en caso de emergencia  <\/strong><\/p><ul><li>Emergencia: 9-1-1<\/li><li>Emergencia de salud mental: 9-8-8<\/li><li><a href=\"https:\/\/www.smart911.com\/smart911\/login.action?lpse=1\" target=\"_blank\" rel=\"noopener\">Aplicaci\u00f3n m\u00f3vil 911 inverso<\/a><\/li><li><a href=\"https:\/\/public.alertsense.com\/signup\/?regionid\">Alertas de emergencia y avisos de mal tiempo<\/a><\/li><li><a href=\"https:\/\/www.clarkcountynv.gov\/government\/departments\/sheriff_civil\/index.php\">Oficina del Sheriff del Condado de Clark:<\/a> 702-455-0000<\/li><li><a href=\"https:\/\/www.clarkcountynv.gov\/government\/departments\/fire\/index.php\">Departamento de Bomberos del Condado de Clark<\/a>: 702-455-7311<\/li><li><a href=\"https:\/\/www.clarkcountynv.gov\/government\/departments\/fire\/office_of_emergency_management.php\">Gesti\u00f3n de Emergencias del Condado de Clark<\/a>: 702-455-0000<\/li><li><a href=\"https:\/\/www.clarkcountynv.gov\/government\/departments\/fire\/emergency_response_plans.php\">Planes de Respuesta a Emergencias del Condado de Clark<\/a><\/li><li><a href=\"https:\/\/www.bcnv.org\/739\/Emergency-Management\" target=\"_blank\" rel=\"noopener\">Oficina de Gesti\u00f3n de Emergencias de la Ciudad de Boulder<\/a><\/li><li><a href=\"https:\/\/www.cityofhenderson.com\/government\/departments\/emergency-management\" target=\"_blank\" rel=\"noopener\">Oficina de Gesti\u00f3n de Emergencias de Henderson<\/a><\/li><li><a href=\"https:\/\/www.lasvegasnevada.gov\/government\/public-safety-services\/emergency-management\" target=\"_blank\" rel=\"noopener\">Oficina de Gesti\u00f3n de Emergencias de Las Vegas<\/a><\/li><li><a href=\"https:\/\/www.cityofmesquite.com\/459\/Office-of-Emergency-Management\" target=\"_blank\" rel=\"noopener\">Oficina de Gesti\u00f3n de Emergencias de Mesquite<\/a><\/li><li><a href=\"https:\/\/www.cityofnorthlasvegas.com\/residents\/emergency-management\" target=\"_blank\" rel=\"noopener\">Oficina de Gesti\u00f3n de Emergencias del Norte de Las Vegas<\/a><\/li><li><a href=\"http:\/\/www.Nevada211.org\">Servicios Sociales, Humanos y de Salud de Nevada<\/a>: 2-1-1<\/li><li><a href=\"http:\/\/www.NVRoads.com\">Departamento de Transportes de Nevada (Tr\u00e1fico en directo\/Condiciones de la carretera\/C\u00e1maras)<\/a>: 5-1-1<\/li><li><a href=\"http:\/\/www.perimeter.com\">PERIMETRO<\/a> (Cartograf\u00eda en tiempo real para evacuaciones y otros incidentes de emergencia)<\/li><li><a href=\"http:\/\/www.poison.org\">Centro de Toxicolog\u00eda<\/a>: 800-222-1222<\/li><li><a href=\"https:\/\/www.nvenergy.com\/outages-and-emergencies\/view-current-outages\" target=\"_blank\" rel=\"noopener\">NV Energy (Apagones y Emergencias):<\/a> 775-834-4100 &#8211; Llama al 9-1-1 por una fuga de gas<\/li><li>Southwest Gas: 800-772-4555 &#8211; Llama al 9-1-1 en caso de fuga de gas<\/li><li><a href=\"https:\/\/dem.nv.gov\/preparedness\/Access___Functional_Needs\/\">Departamento de Gesti\u00f3n de Emergencias Necesidades Funcionales y de Acceso<\/a><\/li><li><a href=\"https:\/\/disasterstrategies.org\/\">Asociaci\u00f3n para una cat\u00e1strofe inclusiva<\/a><\/li><li><a href=\"https:\/\/www.adapacific.org\/\">ADA Pac\u00edfico<\/a><\/li><li><a href=\"http:\/\/www.dps.nv.gov\">Patrulla de Carreteras<\/a> de Nevada: 702-486-4100<\/li><li><a href=\"http:\/\/www.nevada.redcross.org\">Cruz Roja Americana<\/a>: 702-791-3311<\/li><li><a href=\"http:\/\/www.salvationarmyusa.org\">Ej\u00e9rcito de Salvaci\u00f3n<\/a>: 702-870-4430<\/li><li><a href=\"http:\/\/www.cdc.gov\">CDC<\/a>: 800-311-3435<\/li><\/ul>\t\t\t\t\t\t\t\t<\/div>\n\t\t\t\t<\/div>\n\t\t\t\t\t<\/div>\n\t\t\t\t<\/div>\n\t\t\t\t<\/div>\n\t\t","protected":false},"excerpt":{"rendered":"<p>Condado de Clark El condado de Clark alberga el bullicioso centro urbano de Las Vegas (la ciudad m\u00e1s grande de Nevada), North Las Vegas, Boulder, Henderson, Mesquite junto con otras ciudades m\u00e1s peque\u00f1as, monta\u00f1as escarpadas y vastas extensiones de terreno del desierto de Mojave. La zona experimenta temperaturas extremadamente altas durante los meses de verano, [&hellip;]<\/p>\n","protected":false},"author":1,"featured_media":0,"parent":5254,"menu_order":0,"comment_status":"closed","ping_status":"closed","template":"","meta":{"_mc_calendar":[],"footnotes":""},"class_list":["post-5370","page","type-page","status-publish","hentry"],"_links":{"self":[{"href":"https:\/\/emergency.sncil.org\/es\/wp-json\/wp\/v2\/pages\/5370","targetHints":{"allow":["GET"]}}],"collection":[{"href":"https:\/\/emergency.sncil.org\/es\/wp-json\/wp\/v2\/pages"}],"about":[{"href":"https:\/\/emergency.sncil.org\/es\/wp-json\/wp\/v2\/types\/page"}],"author":[{"embeddable":true,"href":"https:\/\/emergency.sncil.org\/es\/wp-json\/wp\/v2\/users\/1"}],"replies":[{"embeddable":true,"href":"https:\/\/emergency.sncil.org\/es\/wp-json\/wp\/v2\/comments?post=5370"}],"version-history":[{"count":7,"href":"https:\/\/emergency.sncil.org\/es\/wp-json\/wp\/v2\/pages\/5370\/revisions"}],"predecessor-version":[{"id":5804,"href":"https:\/\/emergency.sncil.org\/es\/wp-json\/wp\/v2\/pages\/5370\/revisions\/5804"}],"up":[{"embeddable":true,"href":"https:\/\/emergency.sncil.org\/es\/wp-json\/wp\/v2\/pages\/5254"}],"wp:attachment":[{"href":"https:\/\/emergency.sncil.org\/es\/wp-json\/wp\/v2\/media?parent=5370"}],"curies":[{"name":"wp","href":"https:\/\/api.w.org\/{rel}","templated":true}]}}