{"id":5352,"date":"2024-07-16T05:20:35","date_gmt":"2024-07-16T05:20:35","guid":{"rendered":"https:\/\/emergency.sncil.org\/informacion-de-emergencia-de-nevada-por-ciudad-condado\/informacion-de-emergencia-del-condado-de-nye\/"},"modified":"2025-02-01T18:27:03","modified_gmt":"2025-02-01T18:27:03","slug":"informacion-de-emergencia-del-condado-de-nye","status":"publish","type":"page","link":"https:\/\/emergency.sncil.org\/es\/informacion-de-emergencia-de-nevada-por-ciudad-condado\/informacion-de-emergencia-del-condado-de-nye\/","title":{"rendered":"Informaci\u00f3n de Emergencia del Condado de Nye"},"content":{"rendered":"\t\t<div data-elementor-type=\"wp-page\" data-elementor-id=\"5352\" class=\"elementor elementor-5352 elementor-2840\" data-elementor-post-type=\"page\">\n\t\t\t\t<div class=\"elementor-element elementor-element-698d6dcb e-flex e-con-boxed e-con e-parent\" data-id=\"698d6dcb\" data-element_type=\"container\" data-e-type=\"container\">\n\t\t\t\t\t<div class=\"e-con-inner\">\n\t\t<div class=\"elementor-element elementor-element-1ea516a e-con-full e-flex e-con e-child\" data-id=\"1ea516a\" data-element_type=\"container\" data-e-type=\"container\" data-settings=\"{&quot;background_background&quot;:&quot;classic&quot;}\">\n\t\t\t\t<div class=\"elementor-element elementor-element-99421d5 elementor-widget elementor-widget-heading\" data-id=\"99421d5\" data-element_type=\"widget\" data-e-type=\"widget\" data-widget_type=\"heading.default\">\n\t\t\t\t<div class=\"elementor-widget-container\">\n\t\t\t\t\t<h2 class=\"elementor-heading-title elementor-size-default\">Condado de Nye<\/h2>\t\t\t\t<\/div>\n\t\t\t\t<\/div>\n\t\t\t\t<\/div>\n\t\t\t\t\t<\/div>\n\t\t\t\t<\/div>\n\t\t<div class=\"elementor-element elementor-element-70f9d4b7 e-flex e-con-boxed e-con e-parent\" data-id=\"70f9d4b7\" data-element_type=\"container\" data-e-type=\"container\">\n\t\t\t\t\t<div class=\"e-con-inner\">\n\t\t\t\t<div class=\"elementor-element elementor-element-731fce69 elementor-widget elementor-widget-text-editor\" data-id=\"731fce69\" data-element_type=\"widget\" data-e-type=\"widget\" data-widget_type=\"text-editor.default\">\n\t\t\t\t<div class=\"elementor-widget-container\">\n\t\t\t\t\t\t\t\t\t<p>El condado de Nye est\u00e1 formado por extensas y \u00e1ridas llanuras y escarpadas cadenas monta\u00f1osas. La zona experimenta con frecuencia temperaturas muy altas durante los meses de verano, lo que puede provocar <a href=\"https:\/\/emergency.sncil.org\/es\/informacion-de-emergencia-en-caso-de-ola-de-calor\/\" target=\"_blank\" rel=\"noopener\"><span style=\"text-decoration: underline;\">emergencias relacionadas con el calor<\/span> <\/a>relacionadas con el calor, como la insolaci\u00f3n y la deshidrataci\u00f3n. <\/p>\n<p>El clima seco del desierto hace que el condado sea susceptible de sufrir <a href=\"https:\/\/emergency.sncil.org\/es\/informacion-de-emergencia-en-caso-de-incendio\/\" target=\"_blank\" rel=\"noopener\"><span style=\"text-decoration: underline;\">incendios forestales<\/span><\/a>sobre todo durante los calurosos meses de verano. Es crucial que las personas mayores y discapacitadas tengan un plan de evacuaci\u00f3n bien pensado, que tenga en cuenta sus necesidades espec\u00edficas, en caso de incendio forestal. <\/p>\n<p>El humo asociado a los incendios forestales puede contribuir a <a href=\"https:\/\/www.lung.org\/lung-health-diseases\/lung-disease-lookup\/copd\/living-with-copd\/prevent-flare-ups\" target=\"_blank\" rel=\"noopener\">las exacerbaciones de EPOC<\/a> durante condiciones de humo intenso, especialmente en poblaciones de edad avanzada. Visita <a href=\"http:\/\/ruralnvsmoke.ndep.nv.gov\/\">Humo Rural NV<\/a> para conocer las condiciones actualizadas del humo en la zona. <\/p>\n<p>Puedes ayudar a protegerte<\/p>\n<ul>\n<li>Bebe mucho l\u00edquido, mantente alejado del sol y busca un lugar con aire acondicionado<\/li>\n<li>Mantente informado sobre las <a href=\"http:\/\/www.weather.com\">previsiones meteorol\u00f3gicas <\/a> <\/li>\n<li>Planificar tus necesidades en caso de<span style=\"text-decoration: underline;\"><a href=\"https:\/\/emergency.sncil.org\/es\/evacuacion\/\" target=\"_blank\" rel=\"noopener\"> evacuaci\u00f3n<\/a>, de <a href=\"https:\/\/emergency.sncil.org\/es\/refugiarse-en-el-lugar\/\" target=\"_blank\" rel=\"noopener\">quedar atrapado en casa<\/a> o de <\/span><span style=\"text-decoration: underline;\"> <a href=\"https:\/\/emergency.sncil.org\/es\/prepararse-para-un-apagon\/\" target=\"_blank\" rel=\"noopener\">p\u00e9rdida de electricidad<\/a><\/span><\/li>\n<li>Preparar un espacio defendible alrededor de tu casa<\/li>\n<li><a href=\"https:\/\/www.nevadafireinfo.org\/\" target=\"_blank\" rel=\"noopener\">Mantente informado sobre <\/a><a href=\"https:\/\/www.nevadafireinfo.org\/\" target=\"_blank\" rel=\"noopener\">incendios forestales<\/a><\/li>\n<\/ul>\n<p>Es crucial que los residentes del condado de Nye se mantengan informados sobre posibles emergencias y cuenten con un <a href=\"https:\/\/emergency.sncil.org\/es\/cual-es-tu-plan-de-emergencia\/\" target=\"_blank\" rel=\"noopener\">plan de preparaci\u00f3n para emergencias<\/a>, que incluya <a href=\"https:\/\/emergency.sncil.org\/who-is-in-your-network\/\" target=\"_blank\" rel=\"noopener\">disponer de una red<\/a>, conocer las rutas de evacuaci\u00f3n, tener suministros de emergencia y permanecer atentos a las noticias y autoridades locales para estar al d\u00eda durante este tipo de sucesos.<\/p>\n<h3>Informaci\u00f3n de contacto en caso de emergencia<\/h3>\n<ul>\n<li style=\"list-style-type: none;\">\n<ul>\n<li>Emergencia: 9-1-1<\/li>\n<li>Emergencia de salud mental: 9-8-8<\/li>\n<li>Alertas de Emergencia: <a href=\"https:\/\/www.smart911.com\/smart911\/login.action?lpse=1\">Smart 911<\/a><\/li>\n<li><a href=\"https:\/\/public.alertsense.com\/signup\/?regionid\">Alertas de emergencia y avisos de mal tiempo<\/a><\/li>\n<li><a href=\"https:\/\/www.nyecountynv.gov\/109\/Sheriff\">Oficina del Sheriff del Condado de Nye:<\/a> 775-485-6393\n<ul>\n<li>Tonopah: 775-482-8101<\/li>\n<li>Beatty: 775-553-2345<\/li>\n<li>Pahrump: 775- 751-7000<\/li>\n<\/ul>\n<\/li>\n<li><a href=\"https:\/\/www.nyecountynv.gov\/122\/Fire-Services\">Servicios de Bomberos del Condado de Nye.<\/a>: (775) 751-4279\n<ul>\n<li><a href=\"https:\/\/www.nyecountynv.gov\/153\/Amargosa\">Servicio de Bomberos de Amargosa Valley<\/a>: 775-372-1111<\/li>\n<li><a href=\"https:\/\/www.nyecountynv.gov\/154\/Beatty\">Servicio de Bomberos de Beatty<\/a>: 775-553-2958<\/li>\n<li><a href=\"https:\/\/www.nyecountynv.gov\/155\/Belmont\">Belmont<\/a><\/li>\n<li><a href=\"https:\/\/www.nyecountynv.gov\/156\/Crystal\">Estaci\u00f3n de cristal 52<\/a><\/li>\n<li><span style=\"text-decoration: underline;\"> Servicio de Bomberos <\/span><a href=\"https:\/\/www.nyecountynv.gov\/157\/Currant-Duckwater\">de Currant Creek\/Duckwater<\/a><span style=\"text-decoration: underline;\">: <\/span>775-293-7005<\/li>\n<li><a href=\"https:\/\/www.nyecountynv.gov\/159\/Manhattan\">Servicio de Bomberos de Manhattan<\/a>: 775-487-2438<\/li>\n<li><span style=\"text-decoration: underline;\"> Servicio de Bomberos <\/span><a href=\"https:\/\/www.nyecountynv.gov\/161\/Round-Mountain-Smoky-Valley\">de Round Mountain\/Smoky Valley<\/a><span style=\"text-decoration: underline;\">: <\/span>775-377-2508<\/li>\n<li><a href=\"https:\/\/www.nyecountynv.gov\/163\/Tonopah\">Servicio de Bomberos de Tonopah<\/a>: 775-482-6336<\/li>\n<\/ul>\n<\/li>\n<li><a href=\"https:\/\/www.nyecountynv.gov\/179\/Department-of-Emergency-Management\">Gesti\u00f3n de Emergencias del Condado de Nye<\/a>: 775-751-4279<\/li>\n<li><a href=\"http:\/\/www.Nevada211.org\">Servicios Sociales, Humanos y de Salud de Nevada<\/a>: 2-1-1<\/li>\n<li><a href=\"http:\/\/www.NVRoads.com\">Departamento de Transportes de Nevada (Tr\u00e1fico en directo\/Condiciones de la carretera\/C\u00e1maras)<\/a>: 5-1-1<\/li>\n<li><a href=\"http:\/\/www.perimeter.com\">PERIMETRO<\/a> (Cartograf\u00eda en tiempo real para evacuaciones y otros incidentes de emergencia)<\/li>\n<li><a href=\"http:\/\/www.poison.org\">Centro de Toxicolog\u00eda<\/a>: 800-222-1222<\/li>\n<li><a href=\"https:\/\/www.nvenergy.com\/outages-and-emergencies\/view-current-outages\" target=\"_blank\" rel=\"noopener\">NV Energy (Apagones y Emergencias):<\/a> 775-834-4100 &#8211; Llama al 9-1-1 por una fuga de gas<\/li>\n<li><a href=\"https:\/\/dem.nv.gov\/preparedness\/Access___Functional_Needs\/\">Departamento de Gesti\u00f3n de Emergencias Necesidades Funcionales y de Acceso<\/a><\/li>\n<li><a href=\"https:\/\/disasterstrategies.org\/\">Asociaci\u00f3n para una cat\u00e1strofe inclusiva<\/a><\/li>\n<li><a href=\"https:\/\/www.adapacific.org\/\">ADA Pac\u00edfico<\/a><\/li>\n<li><a href=\"http:\/\/www.dps.nv.gov\">Patrulla de Carreteras<\/a> de Nevada: 775-688-2500<\/li>\n<li><a href=\"http:\/\/www.nevada.redcross.org\">Cruz Roja Americana<\/a>: 775-856-1000<\/li>\n<li><a href=\"http:\/\/www.cdc.gov\">CDC<\/a>: 800-311-3435<\/li>\n<\/ul>\n<\/li>\n<\/ul>\n\t\t\t\t\t\t\t\t<\/div>\n\t\t\t\t<\/div>\n\t\t\t\t\t<\/div>\n\t\t\t\t<\/div>\n\t\t\t\t<\/div>\n\t\t","protected":false},"excerpt":{"rendered":"<p>Condado de Nye El condado de Nye est\u00e1 formado por extensas y \u00e1ridas llanuras y escarpadas cadenas monta\u00f1osas. La zona experimenta con frecuencia temperaturas muy altas durante los meses de verano, lo que puede provocar emergencias relacionadas con el calor relacionadas con el calor, como la insolaci\u00f3n y la deshidrataci\u00f3n. El clima seco del desierto [&hellip;]<\/p>\n","protected":false},"author":1,"featured_media":0,"parent":5254,"menu_order":0,"comment_status":"closed","ping_status":"closed","template":"","meta":{"_mc_calendar":[],"footnotes":""},"class_list":["post-5352","page","type-page","status-publish","hentry"],"_links":{"self":[{"href":"https:\/\/emergency.sncil.org\/es\/wp-json\/wp\/v2\/pages\/5352","targetHints":{"allow":["GET"]}}],"collection":[{"href":"https:\/\/emergency.sncil.org\/es\/wp-json\/wp\/v2\/pages"}],"about":[{"href":"https:\/\/emergency.sncil.org\/es\/wp-json\/wp\/v2\/types\/page"}],"author":[{"embeddable":true,"href":"https:\/\/emergency.sncil.org\/es\/wp-json\/wp\/v2\/users\/1"}],"replies":[{"embeddable":true,"href":"https:\/\/emergency.sncil.org\/es\/wp-json\/wp\/v2\/comments?post=5352"}],"version-history":[{"count":2,"href":"https:\/\/emergency.sncil.org\/es\/wp-json\/wp\/v2\/pages\/5352\/revisions"}],"predecessor-version":[{"id":5672,"href":"https:\/\/emergency.sncil.org\/es\/wp-json\/wp\/v2\/pages\/5352\/revisions\/5672"}],"up":[{"embeddable":true,"href":"https:\/\/emergency.sncil.org\/es\/wp-json\/wp\/v2\/pages\/5254"}],"wp:attachment":[{"href":"https:\/\/emergency.sncil.org\/es\/wp-json\/wp\/v2\/media?parent=5352"}],"curies":[{"name":"wp","href":"https:\/\/api.w.org\/{rel}","templated":true}]}}