{"id":5330,"date":"2024-07-13T17:03:22","date_gmt":"2024-07-13T17:03:22","guid":{"rendered":"https:\/\/emergency.sncil.org\/que-llevas-en-la-bolsa\/"},"modified":"2024-10-11T17:33:40","modified_gmt":"2024-10-11T17:33:40","slug":"que-llevas-en-la-bolsa","status":"publish","type":"page","link":"https:\/\/emergency.sncil.org\/es\/que-llevas-en-la-bolsa\/","title":{"rendered":"\u00bfQu\u00e9 hay en tu bolsa?"},"content":{"rendered":"\t\t<div data-elementor-type=\"wp-page\" data-elementor-id=\"5330\" class=\"elementor elementor-5330 elementor-1868\" data-elementor-post-type=\"page\">\n\t\t\t\t<div class=\"elementor-element elementor-element-7e51f0c e-flex e-con-boxed e-con e-parent\" data-id=\"7e51f0c\" data-element_type=\"container\" data-e-type=\"container\" data-settings=\"{&quot;background_background&quot;:&quot;classic&quot;}\">\n\t\t\t\t\t<div class=\"e-con-inner\">\n\t\t<div class=\"elementor-element elementor-element-b59b637 e-con-full e-flex e-con e-child\" data-id=\"b59b637\" data-element_type=\"container\" data-e-type=\"container\" data-settings=\"{&quot;background_background&quot;:&quot;classic&quot;}\">\n\t\t\t\t<div class=\"elementor-element elementor-element-05fb537 elementor-widget elementor-widget-image\" data-id=\"05fb537\" data-element_type=\"widget\" data-e-type=\"widget\" data-widget_type=\"image.default\">\n\t\t\t\t<div class=\"elementor-widget-container\">\n\t\t\t\t\t\t\t\t\t\t\t\t\t\t\t<img fetchpriority=\"high\" decoding=\"async\" width=\"300\" height=\"300\" src=\"https:\/\/emergency.sncil.org\/wp-content\/uploads\/2024\/10\/Bag-Icon-300x300.png\" class=\"attachment-medium size-medium wp-image-5421\" alt=\"Backpack Icon\" srcset=\"https:\/\/emergency.sncil.org\/wp-content\/uploads\/2024\/10\/Bag-Icon-300x300.png 300w, https:\/\/emergency.sncil.org\/wp-content\/uploads\/2024\/10\/Bag-Icon-150x150.png 150w, https:\/\/emergency.sncil.org\/wp-content\/uploads\/2024\/10\/Bag-Icon.png 329w\" sizes=\"(max-width: 300px) 100vw, 300px\" \/>\t\t\t\t\t\t\t\t\t\t\t\t\t\t\t<\/div>\n\t\t\t\t<\/div>\n\t\t\t\t<div class=\"elementor-element elementor-element-37b0024 elementor-widget elementor-widget-heading\" data-id=\"37b0024\" data-element_type=\"widget\" data-e-type=\"widget\" data-widget_type=\"heading.default\">\n\t\t\t\t<div class=\"elementor-widget-container\">\n\t\t\t\t\t<h2 class=\"elementor-heading-title elementor-size-default\">Que  hay en tu bolsa?<\/h2>\t\t\t\t<\/div>\n\t\t\t\t<\/div>\n\t\t\t\t<\/div>\n\t\t\t\t\t<\/div>\n\t\t\t\t<\/div>\n\t\t<div class=\"elementor-element elementor-element-1cb58f9 e-flex e-con-boxed e-con e-parent\" data-id=\"1cb58f9\" data-element_type=\"container\" data-e-type=\"container\">\n\t\t\t\t\t<div class=\"e-con-inner\">\n\t\t\t\t\t<\/div>\n\t\t\t\t<\/div>\n\t\t<div class=\"elementor-element elementor-element-bc4e6b2 e-flex e-con-boxed e-con e-parent\" data-id=\"bc4e6b2\" data-element_type=\"container\" data-e-type=\"container\">\n\t\t\t\t\t<div class=\"e-con-inner\">\n\t\t\t\t<div class=\"elementor-element elementor-element-36fcd38 elementor-widget elementor-widget-video\" data-id=\"36fcd38\" data-element_type=\"widget\" data-e-type=\"widget\" data-settings=\"{&quot;youtube_url&quot;:&quot;https:\\\/\\\/youtu.be\\\/9krCAmgjGs0&quot;,&quot;video_type&quot;:&quot;youtube&quot;,&quot;controls&quot;:&quot;yes&quot;}\" data-widget_type=\"video.default\">\n\t\t\t\t<div class=\"elementor-widget-container\">\n\t\t\t\t\t\t\t<div class=\"elementor-wrapper elementor-open-inline\">\n\t\t\t<div class=\"elementor-video\"><\/div>\t\t<\/div>\n\t\t\t\t\t\t<\/div>\n\t\t\t\t<\/div>\n\t\t\t\t\t<\/div>\n\t\t\t\t<\/div>\n\t\t<div class=\"elementor-element elementor-element-fc81032 e-flex e-con-boxed e-con e-parent\" data-id=\"fc81032\" data-element_type=\"container\" data-e-type=\"container\">\n\t\t\t\t\t<div class=\"e-con-inner\">\n\t\t\t\t<div class=\"elementor-element elementor-element-086080b elementor-widget elementor-widget-heading\" data-id=\"086080b\" data-element_type=\"widget\" data-e-type=\"widget\" data-widget_type=\"heading.default\">\n\t\t\t\t<div class=\"elementor-widget-container\">\n\t\t\t\t\t<h2 class=\"elementor-heading-title elementor-size-default\">Lista de bolsas de evacuaci\u00f3n  <\/h2>\t\t\t\t<\/div>\n\t\t\t\t<\/div>\n\t\t\t\t<div class=\"elementor-element elementor-element-0e3bcbf elementor-widget elementor-widget-button\" data-id=\"0e3bcbf\" data-element_type=\"widget\" data-e-type=\"widget\" data-widget_type=\"button.default\">\n\t\t\t\t<div class=\"elementor-widget-container\">\n\t\t\t\t\t\t\t\t\t<div class=\"elementor-button-wrapper\">\n\t\t\t\t\t<a class=\"elementor-button elementor-button-link elementor-size-sm\" href=\"https:\/\/docs.google.com\/document\/d\/1W0ZTJt4vi7Z7f0hkIRheR9qyKn69LnhSlxcWrpZHH8E\/edit\">\n\t\t\t\t\t\t<span class=\"elementor-button-content-wrapper\">\n\t\t\t\t\t\t\t\t\t<span class=\"elementor-button-text\">Descarga e imprime esta lista<\/span>\n\t\t\t\t\t<\/span>\n\t\t\t\t\t<\/a>\n\t\t\t\t<\/div>\n\t\t\t\t\t\t\t\t<\/div>\n\t\t\t\t<\/div>\n\t\t\t\t<div class=\"elementor-element elementor-element-89f685a elementor-widget elementor-widget-text-editor\" data-id=\"89f685a\" data-element_type=\"widget\" data-e-type=\"widget\" data-widget_type=\"text-editor.default\">\n\t\t\t\t<div class=\"elementor-widget-container\">\n\t\t\t\t\t\t\t\t\t<span style=\"font-weight: 400;\">Guarda los suministros esenciales de emergencia en una bolsa, mochila o caja impermeable que puedas enrollar o transportar f\u00e1cilmente, o que <\/span><span style=\"font-weight: 400;\">a tu andador, silla de ruedas o scooter en caso de que<\/span><span style=\"font-weight: 400;\">oter en caso de que<\/span><span style=\"font-weight: 400;\">ave para evacuar.\nGuarda tu Bolsa de Viaje en un lugar donde puedas encontrarla f\u00e1cilmente.   <\/span>\n<ul>\n    <li><span style=\"font-weight: 400;\">Incluye tus <\/span><span style=\"font-weight: 400;\">listas de contactos de emergencia y de medicaci\u00f3n<\/span><span style=\"font-weight: 400;\"> en un co<\/span><span style=\"font-weight: 400;\">ntenedor estanco en tu Bolsa de Viaje y en tus dispositivos electr\u00f3nicos. <\/span> <\/li>\n    <li><span style=\"font-weight: 400;\">Una vez cada seis meses, comprueba que todos los art\u00edculos de tu bolsa de viaje est\u00e1n en buen estado<\/span>y que los medicamentos o alimentos no han caducado.<\/li>\n<\/ul>\nT\u00fa eres quien mejor te conoces a ti mismo y a tu familia. Piensa en lo que todos necesitar\u00edais si tuvierais que estar fuera de casa durante 72 horas y haz esta lista espec\u00edfica para vuestras necesidades diarias. \n<h3><span style=\"font-weight: 400;\">Conceptos b\u00e1sicos  <\/span><\/h3>\n<ul>\n    <li><span style=\"font-weight: 400;\">Agua (un gal\u00f3n por persona y d\u00eda durante varios d\u00edas, para beber e higienizarse)<\/span><\/li>\n    <li><span style=\"font-weight: 400;\">Alimentos (al menos comida no perecedera para varios d\u00edas)<\/span><\/li>\n    <li><span style=\"font-weight: 400;\">Linterna<\/span><\/li>\n    <li><span style=\"font-weight: 400;\">Botiqu\u00edn de primeros auxilios<\/span><\/li>\n    <li><span style=\"font-weight: 400;\">Pilas de repuesto<\/span><\/li>\n    <li><span style=\"font-weight: 400;\">Silbato (para pedir ayuda)<\/span><\/li>\n    <li><span style=\"font-weight: 400;\">Mascarillas antipolvo (para ayudar a filtrar el aire contaminado)<\/span><\/li>\n    <li><span style=\"font-weight: 400;\">Toallitas h\u00famedas, bolsas de basura y bridas de pl\u00e1stico (para la higiene personal)<\/span><\/li>\n    <li><span style=\"font-weight: 400;\">Llave inglesa o alicates (para desconectar los servicios p\u00fablicos)<\/span><\/li>\n    <li><span style=\"font-weight: 400;\">Abrelatas manual (para alimentos)<\/span><\/li>\n    <li><span style=\"font-weight: 400;\">Mapas locales<\/span><\/li>\n    <li><span style=\"font-weight: 400;\">Tel\u00e9fono m\u00f3vil  <\/span><\/li>\n    <li><span style=\"font-weight: 400;\">Cargadores y bater\u00edas de reserva para tus aparatos electr\u00f3nicos  <\/span><\/li>\n<\/ul>\n<h3><\/h3>\n<h3><span style=\"font-weight: 400;\">Cosas adicionales a tener en cuenta<\/span><\/h3>\n<ul>\n    <li><span style=\"font-weight: 400;\">Jab\u00f3n, desinfectante de manos y toallitas desinfectantes para desinfectar las superficies<\/span><\/li>\n    <li><span style=\"font-weight: 400;\">Preparados para lactantes, biberones, pa\u00f1ales, toallitas y crema para la dermatitis del pa\u00f1al<\/span><\/li>\n    <li><span style=\"font-weight: 400;\">Dinero en efectivo o cheques de viaje<\/span><\/li>\n    <li><span style=\"font-weight: 400;\">Documentos familiares importantes, como copias de p\u00f3lizas de seguros, poderes m\u00e9dicos, documentos de identidad y registros de cuentas bancarias guardados electr\u00f3nicamente o en un recipiente impermeable y port\u00e1til.<\/span><\/li>\n    <li><span style=\"font-weight: 400;\">Saco de dormir o manta caliente para cada persona<\/span><\/li>\n    <li><span style=\"font-weight: 400;\">Una muda completa de ropa adecuada a tu clima, y calzado resistente<\/span><\/li>\n    <li><span style=\"font-weight: 400;\">Botella con filtro de agua<\/span><\/li>\n    <li>Si tienes problemas especiales de alimentaci\u00f3n, aseg\u00farate de que tienes lo que necesitas para unos d\u00edas<\/li>\n    <li><span style=\"font-weight: 400;\">Extintor<\/span><\/li>\n    <li><span style=\"font-weight: 400;\">Cerillas en un recipiente impermeable<\/span><\/li>\n    <li><span style=\"font-weight: 400;\">Suministros femeninos y art\u00edculos de higiene personal<\/span><\/li>\n    <li><span style=\"font-weight: 400;\">Kits para desorden, vasos de papel, platos, toallas de papel y utensilios de pl\u00e1stico<\/span><\/li>\n    <li><span style=\"font-weight: 400;\">Papel y l\u00e1piz<\/span><\/li>\n    <li><span style=\"font-weight: 400;\">Radio a pilas o de manivela y una radio meteorol\u00f3gica NOAA con alerta por tonos<\/span><\/li>\n    <li><span style=\"font-weight: 400;\">L\u00e1minas de pl\u00e1stico y cinta aislante (para refugiarte en el lugar)<\/span><\/li>\n    <li><span style=\"font-weight: 400;\">Libros, juegos, puzzles u otras actividades para ni\u00f1os<\/span><\/li>\n    <li><span style=\"font-weight: 400;\">Libros, iPads u otros art\u00edculos de confort para adultos\n<\/span><\/li>\n<\/ul>\n<img decoding=\"async\" class=\"wp-image-1944 size-large aligncenter\" src=\"http:\/\/emergency.sncil.org\/wp-content\/uploads\/2024\/07\/Prepare-for-and-Earthquake-1024x277.png\" alt=\"Elementos que deben ir en una bolsa de emergencia, como un botiqu\u00edn de primeros auxilios, mantas, dinero en efectivo, cubiertos, papel higi\u00e9nico, comida enlatada y tijeras.\" width=\"800\" height=\"216\" srcset=\"https:\/\/emergency.sncil.org\/wp-content\/uploads\/2024\/07\/Prepare-for-and-Earthquake-1024x277.png 1024w, https:\/\/emergency.sncil.org\/wp-content\/uploads\/2024\/07\/Prepare-for-and-Earthquake-300x81.png 300w, https:\/\/emergency.sncil.org\/wp-content\/uploads\/2024\/07\/Prepare-for-and-Earthquake-768x208.png 768w, https:\/\/emergency.sncil.org\/wp-content\/uploads\/2024\/07\/Prepare-for-and-Earthquake.png 1440w\" sizes=\"(max-width: 800px) 100vw, 800px\" \/>\n<h3><span style=\"font-weight: 400;\">Art\u00edculos de apoyo m\u00e9dico<\/span><\/h3>\n<ul>\n    <li><span style=\"font-weight: 400;\">Medicamentos con receta<\/span>\n<ul>\n    <li style=\"font-weight: 400;\"><span style=\"font-weight: 400;\">Organiza y protege tus recetas, medicamentos sin receta y vitaminas para prepararte para una emergencia<\/span><\/li>\n    <li style=\"font-weight: 400;\"><span style=\"font-weight: 400;\">Una lista de recetas y dosis, por si tienes que pedir m\u00e1s antes de llegar a casa<\/span><\/li>\n<\/ul>\n<\/li>\n    <li><span style=\"font-weight: 400;\">EpiPens<\/span><\/li>\n    <li><span style=\"font-weight: 400;\">Medicamentos sin receta como analg\u00e9sicos, antidiarreicos, anti\u00e1cidos o laxantes<\/span><\/li>\n    <li><span style=\"font-weight: 400;\">Gafas graduadas y soluci\u00f3n para lentes de contacto<\/span><\/li>\n    <li><span style=\"font-weight: 400;\">Silla de ruedas<\/span><\/li>\n    <li>Scooter<\/li>\n    <li><span style=\"font-weight: 400;\">Ox\u00edgeno  <\/span><\/li>\n    <li><span style=\"font-weight: 400;\">Bast\u00f3n<\/span><\/li>\n    <li><span style=\"font-weight: 400;\">Etiquetas de alerta m\u00e9dica<\/span><\/li>\n    <li><span style=\"font-weight: 400;\">Dentaduras postizas<\/span><\/li>\n    <li><span style=\"font-weight: 400;\">Aud\u00edfonos  <\/span><\/li>\n    <li><span style=\"font-weight: 400;\">Tecnolog\u00eda asistencial<\/span><\/li>\n<\/ul>\n<h3><\/h3>\n<h3><span style=\"font-weight: 400;\">Animales de servicio y mascotas<\/span><\/h3>\n<ul>\n    <li><span style=\"font-weight: 400;\">Comida y agua extra para tu mascota<\/span><\/li>\n    <li><span style=\"font-weight: 400;\">Medicamentos para mascotas<\/span><\/li>\n    <li><span style=\"font-weight: 400;\">Arn\u00e9s y correa<\/span><\/li>\n<\/ul>\t\t\t\t\t\t\t\t<\/div>\n\t\t\t\t<\/div>\n\t\t\t\t\t<\/div>\n\t\t\t\t<\/div>\n\t\t<div class=\"elementor-element elementor-element-b628f94 e-flex e-con-boxed e-con e-parent\" data-id=\"b628f94\" data-element_type=\"container\" data-e-type=\"container\">\n\t\t\t\t\t<div class=\"e-con-inner\">\n\t\t\t\t\t<\/div>\n\t\t\t\t<\/div>\n\t\t\t\t<\/div>\n\t\t","protected":false},"excerpt":{"rendered":"<p>Que hay en tu bolsa? Lista de bolsas de evacuaci\u00f3n Descarga e imprime esta lista Guarda los suministros esenciales de emergencia en una bolsa, mochila o caja impermeable que puedas enrollar o transportar f\u00e1cilmente, o que a tu andador, silla de ruedas o scooter en caso de queoter en caso de queave para evacuar. Guarda [&hellip;]<\/p>\n","protected":false},"author":1,"featured_media":0,"parent":0,"menu_order":0,"comment_status":"closed","ping_status":"closed","template":"","meta":{"_mc_calendar":[],"footnotes":""},"class_list":["post-5330","page","type-page","status-publish","hentry"],"_links":{"self":[{"href":"https:\/\/emergency.sncil.org\/es\/wp-json\/wp\/v2\/pages\/5330","targetHints":{"allow":["GET"]}}],"collection":[{"href":"https:\/\/emergency.sncil.org\/es\/wp-json\/wp\/v2\/pages"}],"about":[{"href":"https:\/\/emergency.sncil.org\/es\/wp-json\/wp\/v2\/types\/page"}],"author":[{"embeddable":true,"href":"https:\/\/emergency.sncil.org\/es\/wp-json\/wp\/v2\/users\/1"}],"replies":[{"embeddable":true,"href":"https:\/\/emergency.sncil.org\/es\/wp-json\/wp\/v2\/comments?post=5330"}],"version-history":[{"count":8,"href":"https:\/\/emergency.sncil.org\/es\/wp-json\/wp\/v2\/pages\/5330\/revisions"}],"predecessor-version":[{"id":5508,"href":"https:\/\/emergency.sncil.org\/es\/wp-json\/wp\/v2\/pages\/5330\/revisions\/5508"}],"wp:attachment":[{"href":"https:\/\/emergency.sncil.org\/es\/wp-json\/wp\/v2\/media?parent=5330"}],"curies":[{"name":"wp","href":"https:\/\/api.w.org\/{rel}","templated":true}]}}