{"id":5324,"date":"2024-07-14T01:10:51","date_gmt":"2024-07-14T01:10:51","guid":{"rendered":"https:\/\/emergency.sncil.org\/informacion-general\/"},"modified":"2025-04-16T16:54:07","modified_gmt":"2025-04-16T16:54:07","slug":"informacion-general","status":"publish","type":"page","link":"https:\/\/emergency.sncil.org\/es\/informacion-general\/","title":{"rendered":"Informaci\u00f3n general"},"content":{"rendered":"\t\t<div data-elementor-type=\"wp-page\" data-elementor-id=\"5324\" class=\"elementor elementor-5324 elementor-2093\" data-elementor-post-type=\"page\">\n\t\t\t\t<div class=\"elementor-element elementor-element-c08c763 e-con-full e-flex e-con e-parent\" data-id=\"c08c763\" data-element_type=\"container\" data-e-type=\"container\">\n\t\t<div class=\"elementor-element elementor-element-c1ba408 e-flex e-con-boxed e-con e-child\" data-id=\"c1ba408\" data-element_type=\"container\" data-e-type=\"container\" data-settings=\"{&quot;background_background&quot;:&quot;classic&quot;}\">\n\t\t\t\t\t<div class=\"e-con-inner\">\n\t\t<div class=\"elementor-element elementor-element-1862703 e-con-full e-flex e-con e-child\" data-id=\"1862703\" data-element_type=\"container\" data-e-type=\"container\" data-settings=\"{&quot;background_background&quot;:&quot;classic&quot;}\">\n\t\t\t\t<div class=\"elementor-element elementor-element-37d927d elementor-widget elementor-widget-heading\" data-id=\"37d927d\" data-element_type=\"widget\" data-e-type=\"widget\" data-widget_type=\"heading.default\">\n\t\t\t\t<div class=\"elementor-widget-container\">\n\t\t\t\t\t<h2 class=\"elementor-heading-title elementor-size-default\">Informaci\u00f3n general<\/h2>\t\t\t\t<\/div>\n\t\t\t\t<\/div>\n\t\t\t\t<\/div>\n\t\t\t\t\t<\/div>\n\t\t\t\t<\/div>\n\t\t\t\t<\/div>\n\t\t<div class=\"elementor-element elementor-element-1956e84 e-flex e-con-boxed e-con e-parent\" data-id=\"1956e84\" data-element_type=\"container\" data-e-type=\"container\">\n\t\t\t\t\t<div class=\"e-con-inner\">\n\t\t\t\t<div class=\"elementor-element elementor-element-9f4c3b1 elementor-widget elementor-widget-image\" data-id=\"9f4c3b1\" data-element_type=\"widget\" data-e-type=\"widget\" data-widget_type=\"image.default\">\n\t\t\t\t<div class=\"elementor-widget-container\">\n\t\t\t\t\t\t\t\t\t\t\t\t\t\t\t<img fetchpriority=\"high\" decoding=\"async\" width=\"1440\" height=\"480\" src=\"https:\/\/emergency.sncil.org\/wp-content\/uploads\/2024\/07\/General-Emergency-Kit.png\" class=\"attachment-full size-full wp-image-5119\" alt=\"\" srcset=\"https:\/\/emergency.sncil.org\/wp-content\/uploads\/2024\/07\/General-Emergency-Kit.png 1440w, https:\/\/emergency.sncil.org\/wp-content\/uploads\/2024\/07\/General-Emergency-Kit-300x100.png 300w, https:\/\/emergency.sncil.org\/wp-content\/uploads\/2024\/07\/General-Emergency-Kit-1024x341.png 1024w, https:\/\/emergency.sncil.org\/wp-content\/uploads\/2024\/07\/General-Emergency-Kit-768x256.png 768w\" sizes=\"(max-width: 1440px) 100vw, 1440px\" \/>\t\t\t\t\t\t\t\t\t\t\t\t\t\t\t<\/div>\n\t\t\t\t<\/div>\n\t\t\t\t<div class=\"elementor-element elementor-element-0143eb7 elementor-widget elementor-widget-spacer\" data-id=\"0143eb7\" data-element_type=\"widget\" data-e-type=\"widget\" data-widget_type=\"spacer.default\">\n\t\t\t\t<div class=\"elementor-widget-container\">\n\t\t\t\t\t\t\t<div class=\"elementor-spacer\">\n\t\t\t<div class=\"elementor-spacer-inner\"><\/div>\n\t\t<\/div>\n\t\t\t\t\t\t<\/div>\n\t\t\t\t<\/div>\n\t\t\t\t<div class=\"elementor-element elementor-element-f5bdec1 elementor-widget elementor-widget-video\" data-id=\"f5bdec1\" data-element_type=\"widget\" data-e-type=\"widget\" data-settings=\"{&quot;youtube_url&quot;:&quot;https:\\\/\\\/youtu.be\\\/es4mmiJxLtg&quot;,&quot;yt_privacy&quot;:&quot;yes&quot;,&quot;video_type&quot;:&quot;youtube&quot;,&quot;controls&quot;:&quot;yes&quot;}\" data-widget_type=\"video.default\">\n\t\t\t\t<div class=\"elementor-widget-container\">\n\t\t\t\t\t\t\t<div class=\"elementor-wrapper elementor-open-inline\">\n\t\t\t<div class=\"elementor-video\"><\/div>\t\t<\/div>\n\t\t\t\t\t\t<\/div>\n\t\t\t\t<\/div>\n\t\t\t\t<div class=\"elementor-element elementor-element-8ac56f4 elementor-widget elementor-widget-spacer\" data-id=\"8ac56f4\" data-element_type=\"widget\" data-e-type=\"widget\" data-widget_type=\"spacer.default\">\n\t\t\t\t<div class=\"elementor-widget-container\">\n\t\t\t\t\t\t\t<div class=\"elementor-spacer\">\n\t\t\t<div class=\"elementor-spacer-inner\"><\/div>\n\t\t<\/div>\n\t\t\t\t\t\t<\/div>\n\t\t\t\t<\/div>\n\t\t\t\t<div class=\"elementor-element elementor-element-55ffdd9 elementor-widget elementor-widget-heading\" data-id=\"55ffdd9\" data-element_type=\"widget\" data-e-type=\"widget\" data-widget_type=\"heading.default\">\n\t\t\t\t<div class=\"elementor-widget-container\">\n\t\t\t\t\t<h1 class=\"elementor-heading-title elementor-size-default\">Considera tus necesidades<\/h1>\t\t\t\t<\/div>\n\t\t\t\t<\/div>\n\t\t<div class=\"elementor-element elementor-element-a0c8d30 e-con-full e-flex e-con e-child\" data-id=\"a0c8d30\" data-element_type=\"container\" data-e-type=\"container\">\n\t\t\t\t<div class=\"elementor-element elementor-element-cd36edd elementor-widget elementor-widget-text-editor\" data-id=\"cd36edd\" data-element_type=\"widget\" data-e-type=\"widget\" data-widget_type=\"text-editor.default\">\n\t\t\t\t<div class=\"elementor-widget-container\">\n\t\t\t\t\t\t\t\t\t<p>He aqu\u00ed algunas preguntas que debes tener en cuenta al preparar tu plan de emergencia.<\/p>\n\t\t\t\t\t\t\t\t<\/div>\n\t\t\t\t<\/div>\n\t\t\t\t<\/div>\n\t\t\t\t\t<\/div>\n\t\t\t\t<\/div>\n\t\t<div class=\"elementor-element elementor-element-efbf494 e-flex e-con-boxed e-con e-parent\" data-id=\"efbf494\" data-element_type=\"container\" data-e-type=\"container\">\n\t\t\t\t\t<div class=\"e-con-inner\">\n\t\t<div class=\"elementor-element elementor-element-46a66f2 e-con-full e-flex e-con e-child\" data-id=\"46a66f2\" data-element_type=\"container\" data-e-type=\"container\">\n\t\t\t\t<div class=\"elementor-element elementor-element-a895325 elementor-widget elementor-widget-image\" data-id=\"a895325\" data-element_type=\"widget\" data-e-type=\"widget\" data-widget_type=\"image.default\">\n\t\t\t\t<div class=\"elementor-widget-container\">\n\t\t\t\t\t\t\t\t\t\t\t\t\t\t\t<img decoding=\"async\" width=\"173\" height=\"151\" src=\"https:\/\/emergency.sncil.org\/wp-content\/uploads\/2024\/07\/Communication-Icon.png\" class=\"attachment-large size-large wp-image-5120\" alt=\"\" \/>\t\t\t\t\t\t\t\t\t\t\t\t\t\t\t<\/div>\n\t\t\t\t<\/div>\n\t\t\t\t<\/div>\n\t\t<div class=\"elementor-element elementor-element-15b7233 e-con-full e-flex e-con e-child\" data-id=\"15b7233\" data-element_type=\"container\" data-e-type=\"container\">\n\t\t\t\t<div class=\"elementor-element elementor-element-8ddfbe3 elementor-widget elementor-widget-heading\" data-id=\"8ddfbe3\" data-element_type=\"widget\" data-e-type=\"widget\" data-widget_type=\"heading.default\">\n\t\t\t\t<div class=\"elementor-widget-container\">\n\t\t\t\t\t<h2 class=\"elementor-heading-title elementor-size-default\">Comunicaci\u00f3n<\/h2>\t\t\t\t<\/div>\n\t\t\t\t<\/div>\n\t\t\t\t<div class=\"elementor-element elementor-element-b0bd2ff elementor-widget elementor-widget-text-editor\" data-id=\"b0bd2ff\" data-element_type=\"widget\" data-e-type=\"widget\" data-widget_type=\"text-editor.default\">\n\t\t\t\t<div class=\"elementor-widget-container\">\n\t\t\t\t\t\t\t\t\t<h3>\u00bfC\u00f3mo recibir\u00e1s las alertas y avisos de emergencia?<\/h3>\n<ul>\n<li><strong>Ap\u00fantate a<\/strong> las <strong>alertas<\/strong>: Aseg\u00farate de que est\u00e1s suscrito a las alertas de emergencia locales. Esto puede incluir mensajes de texto, correos electr\u00f3nicos o llamadas telef\u00f3nicas. <\/li>\n<li><strong>Mant\u00e9n la informaci\u00f3n accesible<\/strong>: Mant\u00e9n una lista de contactos de emergencia e informaci\u00f3n importante en un lugar de f\u00e1cil acceso.<\/li>\n<li><strong>Alimentaci\u00f3n<\/strong> de reserva: Si dependes de dispositivos electr\u00f3nicos de comunicaci\u00f3n, ten preparada una fuente de alimentaci\u00f3n de reserva.<\/li>\n<\/ul>\n\t\t\t\t\t\t\t\t<\/div>\n\t\t\t\t<\/div>\n\t\t\t\t<\/div>\n\t\t\t\t\t<\/div>\n\t\t\t\t<\/div>\n\t\t<div class=\"elementor-element elementor-element-f6652a4 e-flex e-con-boxed e-con e-parent\" data-id=\"f6652a4\" data-element_type=\"container\" data-e-type=\"container\">\n\t\t\t\t\t<div class=\"e-con-inner\">\n\t\t<div class=\"elementor-element elementor-element-cd4cf54 e-con-full e-flex e-con e-child\" data-id=\"cd4cf54\" data-element_type=\"container\" data-e-type=\"container\">\n\t\t\t\t<div class=\"elementor-element elementor-element-c8f9f33 elementor-widget elementor-widget-image\" data-id=\"c8f9f33\" data-element_type=\"widget\" data-e-type=\"widget\" data-widget_type=\"image.default\">\n\t\t\t\t<div class=\"elementor-widget-container\">\n\t\t\t\t\t\t\t\t\t\t\t\t\t\t\t<img decoding=\"async\" width=\"149\" height=\"149\" src=\"https:\/\/emergency.sncil.org\/wp-content\/uploads\/2024\/07\/Medical-Icon.png\" class=\"attachment-large size-large wp-image-5122\" alt=\"\" \/>\t\t\t\t\t\t\t\t\t\t\t\t\t\t\t<\/div>\n\t\t\t\t<\/div>\n\t\t\t\t<\/div>\n\t\t<div class=\"elementor-element elementor-element-b5179b6 e-con-full e-flex e-con e-child\" data-id=\"b5179b6\" data-element_type=\"container\" data-e-type=\"container\">\n\t\t\t\t<div class=\"elementor-element elementor-element-06d226f elementor-widget elementor-widget-heading\" data-id=\"06d226f\" data-element_type=\"widget\" data-e-type=\"widget\" data-widget_type=\"heading.default\">\n\t\t\t\t<div class=\"elementor-widget-container\">\n\t\t\t\t\t<h2 class=\"elementor-heading-title elementor-size-default\">M\u00e9dico<\/h2>\t\t\t\t<\/div>\n\t\t\t\t<\/div>\n\t\t\t\t<div class=\"elementor-element elementor-element-31df398 elementor-widget elementor-widget-text-editor\" data-id=\"31df398\" data-element_type=\"widget\" data-e-type=\"widget\" data-widget_type=\"text-editor.default\">\n\t\t\t\t<div class=\"elementor-widget-container\">\n\t\t\t\t\t\t\t\t\t<h3>\u00bfQu\u00e9 necesidades m\u00e9dicas deben atenderse durante una emergencia?<\/h3>\n<ul>\n<li><strong>Medicamentos<\/strong>: Lleva una lista actualizada de tus medicamentos, dosis y m\u00e9dicos que te los recetan. Aseg\u00farate de tener a mano al menos una semana de medicaci\u00f3n. <\/li>\n<li><strong>Equipo m\u00e9dico<\/strong>: Identifica de qu\u00e9 equipos dependes y ten bater\u00edas de reserva o fuentes de energ\u00eda alternativas.<\/li>\n<li><strong>Historiales m\u00e9dicos<\/strong>: Guarda copias de tu historial m\u00e9dico en un recipiente impermeable y port\u00e1til.<\/li>\n<\/ul>\n\t\t\t\t\t\t\t\t<\/div>\n\t\t\t\t<\/div>\n\t\t\t\t<\/div>\n\t\t\t\t\t<\/div>\n\t\t\t\t<\/div>\n\t\t<div class=\"elementor-element elementor-element-6d4d7c2 e-flex e-con-boxed e-con e-parent\" data-id=\"6d4d7c2\" data-element_type=\"container\" data-e-type=\"container\">\n\t\t\t\t\t<div class=\"e-con-inner\">\n\t\t<div class=\"elementor-element elementor-element-5960a1d e-con-full e-flex e-con e-child\" data-id=\"5960a1d\" data-element_type=\"container\" data-e-type=\"container\">\n\t\t\t\t<div class=\"elementor-element elementor-element-09064f1 elementor-widget elementor-widget-image\" data-id=\"09064f1\" data-element_type=\"widget\" data-e-type=\"widget\" data-widget_type=\"image.default\">\n\t\t\t\t<div class=\"elementor-widget-container\">\n\t\t\t\t\t\t\t\t\t\t\t\t\t\t\t<img loading=\"lazy\" decoding=\"async\" width=\"149\" height=\"143\" src=\"https:\/\/emergency.sncil.org\/wp-content\/uploads\/2024\/07\/Star.png\" class=\"attachment-large size-large wp-image-5123\" alt=\"\" \/>\t\t\t\t\t\t\t\t\t\t\t\t\t\t\t<\/div>\n\t\t\t\t<\/div>\n\t\t\t\t<\/div>\n\t\t<div class=\"elementor-element elementor-element-69b9d87 e-con-full e-flex e-con e-child\" data-id=\"69b9d87\" data-element_type=\"container\" data-e-type=\"container\">\n\t\t\t\t<div class=\"elementor-element elementor-element-55f0e26 elementor-widget elementor-widget-heading\" data-id=\"55f0e26\" data-element_type=\"widget\" data-e-type=\"widget\" data-widget_type=\"heading.default\">\n\t\t\t\t<div class=\"elementor-widget-container\">\n\t\t\t\t\t<h2 class=\"elementor-heading-title elementor-size-default\">Independencia<\/h2>\t\t\t\t<\/div>\n\t\t\t\t<\/div>\n\t\t\t\t<div class=\"elementor-element elementor-element-60707d4 elementor-widget elementor-widget-text-editor\" data-id=\"60707d4\" data-element_type=\"widget\" data-e-type=\"widget\" data-widget_type=\"text-editor.default\">\n\t\t\t\t<div class=\"elementor-widget-container\">\n\t\t\t\t\t\t\t\t\t<h3>\u00bfQu\u00e9 pasos tienes que dar para mantener tu independencia?<\/h3>\n<ul>\n<li><strong>Dispositivos de asistencia<\/strong>: Aseg\u00farate de tener copias de seguridad de los dispositivos que utilices, como aud\u00edfonos, sillas de ruedas o gafas.<\/li>\n<li><strong>Cuidados personales<\/strong>: Planifica c\u00f3mo vas a gestionar las necesidades de cuidados personales, como comer, vestirte y ba\u00f1arte, si no puedes quedarte en casa.<\/li>\n<li><strong>Modificaciones en el hogar<\/strong>: Si es posible, haz modificaciones en tu casa que puedan ayudarte a seguir siendo independiente durante una emergencia.<\/li>\n<\/ul>\n\t\t\t\t\t\t\t\t<\/div>\n\t\t\t\t<\/div>\n\t\t\t\t<\/div>\n\t\t\t\t\t<\/div>\n\t\t\t\t<\/div>\n\t\t<div class=\"elementor-element elementor-element-09b0c35 e-flex e-con-boxed e-con e-parent\" data-id=\"09b0c35\" data-element_type=\"container\" data-e-type=\"container\">\n\t\t\t\t\t<div class=\"e-con-inner\">\n\t\t<div class=\"elementor-element elementor-element-f296d33 e-con-full e-flex e-con e-child\" data-id=\"f296d33\" data-element_type=\"container\" data-e-type=\"container\">\n\t\t\t\t<div class=\"elementor-element elementor-element-f79a6ac elementor-widget elementor-widget-image\" data-id=\"f79a6ac\" data-element_type=\"widget\" data-e-type=\"widget\" data-widget_type=\"image.default\">\n\t\t\t\t<div class=\"elementor-widget-container\">\n\t\t\t\t\t\t\t\t\t\t\t\t\t\t\t<img loading=\"lazy\" decoding=\"async\" width=\"184\" height=\"184\" src=\"https:\/\/emergency.sncil.org\/wp-content\/uploads\/2024\/07\/Support-Icon.png\" class=\"attachment-large size-large wp-image-5124\" alt=\"\" srcset=\"https:\/\/emergency.sncil.org\/wp-content\/uploads\/2024\/07\/Support-Icon.png 184w, https:\/\/emergency.sncil.org\/wp-content\/uploads\/2024\/07\/Support-Icon-150x150.png 150w\" sizes=\"(max-width: 184px) 100vw, 184px\" \/>\t\t\t\t\t\t\t\t\t\t\t\t\t\t\t<\/div>\n\t\t\t\t<\/div>\n\t\t\t\t<\/div>\n\t\t<div class=\"elementor-element elementor-element-e3d373c e-con-full e-flex e-con e-child\" data-id=\"e3d373c\" data-element_type=\"container\" data-e-type=\"container\">\n\t\t\t\t<div class=\"elementor-element elementor-element-454d9ea elementor-widget elementor-widget-heading\" data-id=\"454d9ea\" data-element_type=\"widget\" data-e-type=\"widget\" data-widget_type=\"heading.default\">\n\t\t\t\t<div class=\"elementor-widget-container\">\n\t\t\t\t\t<h2 class=\"elementor-heading-title elementor-size-default\">Ayuda<\/h2>\t\t\t\t<\/div>\n\t\t\t\t<\/div>\n\t\t\t\t<div class=\"elementor-element elementor-element-240a445 elementor-widget elementor-widget-text-editor\" data-id=\"240a445\" data-element_type=\"widget\" data-e-type=\"widget\" data-widget_type=\"text-editor.default\">\n\t\t\t\t<div class=\"elementor-widget-container\">\n\t\t\t\t\t\t\t\t\t<h3>\u00bfQui\u00e9n te asistir\u00e1 en caso de emergencia?<\/h3>\n<ul>\n<li><strong>Contactos de emergencia<\/strong>: Identifica a familiares, amigos, vecinos y cuidadores que puedan ayudarte y a los que t\u00fa puedas ayudar. Haz una lista con sus datos de contacto. <\/li>\n<li><strong>Recursos comunitarios<\/strong>: Conoce las organizaciones locales que prestan apoyo durante las emergencias. Esto puede incluir refugios, bancos de alimentos y centros m\u00e9dicos. <\/li>\n<li><strong>Conoce a la gente que tienes cerca<\/strong>: Conoce a tus vecinos y amigos cercanos, y establece un plan para controlaros y ayudaros mutuamente cuando sea necesario.<\/li>\n<\/ul>\n\t\t\t\t\t\t\t\t<\/div>\n\t\t\t\t<\/div>\n\t\t\t\t<\/div>\n\t\t\t\t\t<\/div>\n\t\t\t\t<\/div>\n\t\t<div class=\"elementor-element elementor-element-ce4384e e-flex e-con-boxed e-con e-parent\" data-id=\"ce4384e\" data-element_type=\"container\" data-e-type=\"container\">\n\t\t\t\t\t<div class=\"e-con-inner\">\n\t\t<div class=\"elementor-element elementor-element-8c0513d e-con-full e-flex e-con e-child\" data-id=\"8c0513d\" data-element_type=\"container\" data-e-type=\"container\">\n\t\t\t\t<div class=\"elementor-element elementor-element-2894181 elementor-widget elementor-widget-image\" data-id=\"2894181\" data-element_type=\"widget\" data-e-type=\"widget\" data-widget_type=\"image.default\">\n\t\t\t\t<div class=\"elementor-widget-container\">\n\t\t\t\t\t\t\t\t\t\t\t\t\t\t\t<img loading=\"lazy\" decoding=\"async\" width=\"210\" height=\"210\" src=\"https:\/\/emergency.sncil.org\/wp-content\/uploads\/2024\/07\/Bus-Icon.png\" class=\"attachment-large size-large wp-image-5121\" alt=\"\" srcset=\"https:\/\/emergency.sncil.org\/wp-content\/uploads\/2024\/07\/Bus-Icon.png 210w, https:\/\/emergency.sncil.org\/wp-content\/uploads\/2024\/07\/Bus-Icon-150x150.png 150w\" sizes=\"(max-width: 210px) 100vw, 210px\" \/>\t\t\t\t\t\t\t\t\t\t\t\t\t\t\t<\/div>\n\t\t\t\t<\/div>\n\t\t\t\t<\/div>\n\t\t<div class=\"elementor-element elementor-element-ef5a449 e-con-full e-flex e-con e-child\" data-id=\"ef5a449\" data-element_type=\"container\" data-e-type=\"container\">\n\t\t\t\t<div class=\"elementor-element elementor-element-8a11629 elementor-widget elementor-widget-heading\" data-id=\"8a11629\" data-element_type=\"widget\" data-e-type=\"widget\" data-widget_type=\"heading.default\">\n\t\t\t\t<div class=\"elementor-widget-container\">\n\t\t\t\t\t<h2 class=\"elementor-heading-title elementor-size-default\">Transporte<\/h2>\t\t\t\t<\/div>\n\t\t\t\t<\/div>\n\t\t\t\t<div class=\"elementor-element elementor-element-d2b079b elementor-widget elementor-widget-text-editor\" data-id=\"d2b079b\" data-element_type=\"widget\" data-e-type=\"widget\" data-widget_type=\"text-editor.default\">\n\t\t\t\t<div class=\"elementor-widget-container\">\n\t\t\t\t\t\t\t\t\t<h3>\u00bfC\u00f3mo evacuar\u00e1s o viajar\u00e1s si es necesario?<\/h3>\n<ul>\n<li><strong>Plan<\/strong> de <strong>evacuaci\u00f3n<\/strong>: Establece al menos dos planes de evacuaci\u00f3n (en caso de que no dispongas de uno) y ten previsto c\u00f3mo saldr\u00e1s de casa si es necesario.<\/li>\n<li><strong>Opciones<\/strong> de <strong>transporte<\/strong>: Identifica opciones de transporte accesibles, como servicios de paratr\u00e1nsito o viajes de amigos y familiares si los necesitas.<\/li>\n<li><strong>Animales de servicio<\/strong>: Si tienes un animal de servicio, aseg\u00farate de que tu plan de transporte lo tiene en cuenta.<\/li>\n<\/ul>\n\t\t\t\t\t\t\t\t<\/div>\n\t\t\t\t<\/div>\n\t\t\t\t<\/div>\n\t\t\t\t\t<\/div>\n\t\t\t\t<\/div>\n\t\t<div class=\"elementor-element elementor-element-b03e429 e-flex e-con-boxed e-con e-parent\" data-id=\"b03e429\" data-element_type=\"container\" data-e-type=\"container\">\n\t\t\t\t\t<div class=\"e-con-inner\">\n\t\t\t\t<div class=\"elementor-element elementor-element-473e40d elementor-widget elementor-widget-text-editor\" data-id=\"473e40d\" data-element_type=\"widget\" data-e-type=\"widget\" data-widget_type=\"text-editor.default\">\n\t\t\t\t<div class=\"elementor-widget-container\">\n\t\t\t\t\t\t\t\t\t<p style=\"text-align: left;\"><strong>Mantente informado, preparado y seguro.<\/strong><\/p>\n\t\t\t\t\t\t\t\t<\/div>\n\t\t\t\t<\/div>\n\t\t\t\t\t<\/div>\n\t\t\t\t<\/div>\n\t\t\t\t<\/div>\n\t\t","protected":false},"excerpt":{"rendered":"<p>Informaci\u00f3n general Considera tus necesidades He aqu\u00ed algunas preguntas que debes tener en cuenta al preparar tu plan de emergencia. Comunicaci\u00f3n \u00bfC\u00f3mo recibir\u00e1s las alertas y avisos de emergencia? Ap\u00fantate a las alertas: Aseg\u00farate de que est\u00e1s suscrito a las alertas de emergencia locales. Esto puede incluir mensajes de texto, correos electr\u00f3nicos o llamadas telef\u00f3nicas. [&hellip;]<\/p>\n","protected":false},"author":1,"featured_media":0,"parent":0,"menu_order":0,"comment_status":"closed","ping_status":"closed","template":"","meta":{"_mc_calendar":[],"footnotes":""},"class_list":["post-5324","page","type-page","status-publish","hentry"],"_links":{"self":[{"href":"https:\/\/emergency.sncil.org\/es\/wp-json\/wp\/v2\/pages\/5324","targetHints":{"allow":["GET"]}}],"collection":[{"href":"https:\/\/emergency.sncil.org\/es\/wp-json\/wp\/v2\/pages"}],"about":[{"href":"https:\/\/emergency.sncil.org\/es\/wp-json\/wp\/v2\/types\/page"}],"author":[{"embeddable":true,"href":"https:\/\/emergency.sncil.org\/es\/wp-json\/wp\/v2\/users\/1"}],"replies":[{"embeddable":true,"href":"https:\/\/emergency.sncil.org\/es\/wp-json\/wp\/v2\/comments?post=5324"}],"version-history":[{"count":6,"href":"https:\/\/emergency.sncil.org\/es\/wp-json\/wp\/v2\/pages\/5324\/revisions"}],"predecessor-version":[{"id":5727,"href":"https:\/\/emergency.sncil.org\/es\/wp-json\/wp\/v2\/pages\/5324\/revisions\/5727"}],"wp:attachment":[{"href":"https:\/\/emergency.sncil.org\/es\/wp-json\/wp\/v2\/media?parent=5324"}],"curies":[{"name":"wp","href":"https:\/\/api.w.org\/{rel}","templated":true}]}}