{"id":5322,"date":"2024-07-14T04:15:28","date_gmt":"2024-07-14T04:15:28","guid":{"rendered":"https:\/\/emergency.sncil.org\/interrupciones-ambientales\/"},"modified":"2024-10-11T17:24:00","modified_gmt":"2024-10-11T17:24:00","slug":"interrupciones-ambientales","status":"publish","type":"page","link":"https:\/\/emergency.sncil.org\/es\/interrupciones-ambientales\/","title":{"rendered":"Interrupciones ambientales"},"content":{"rendered":"\t\t<div data-elementor-type=\"wp-page\" data-elementor-id=\"5322\" class=\"elementor elementor-5322 elementor-2193\" data-elementor-post-type=\"page\">\n\t\t\t\t<div class=\"elementor-element elementor-element-d82f30f e-flex e-con-boxed e-con e-parent\" data-id=\"d82f30f\" data-element_type=\"container\" data-e-type=\"container\">\n\t\t\t\t\t<div class=\"e-con-inner\">\n\t\t<div class=\"elementor-element elementor-element-40cdce8 e-con-full e-flex e-con e-child\" data-id=\"40cdce8\" data-element_type=\"container\" data-e-type=\"container\" data-settings=\"{&quot;background_background&quot;:&quot;classic&quot;}\">\n\t\t<div class=\"elementor-element elementor-element-a1b2d07 e-con-full e-flex e-con e-child\" data-id=\"a1b2d07\" data-element_type=\"container\" data-e-type=\"container\" data-settings=\"{&quot;background_background&quot;:&quot;classic&quot;}\">\n\t\t\t\t<div class=\"elementor-element elementor-element-8ed4fad elementor-widget elementor-widget-image\" data-id=\"8ed4fad\" data-element_type=\"widget\" data-e-type=\"widget\" data-widget_type=\"image.default\">\n\t\t\t\t<div class=\"elementor-widget-container\">\n\t\t\t\t\t\t\t\t\t\t\t\t\t\t\t<img decoding=\"async\" width=\"228\" height=\"192\" src=\"https:\/\/emergency.sncil.org\/wp-content\/uploads\/2024\/10\/Environmental-Icon.png\" class=\"attachment-medium size-medium wp-image-5460\" alt=\"House in Shambles Icon\" \/>\t\t\t\t\t\t\t\t\t\t\t\t\t\t\t<\/div>\n\t\t\t\t<\/div>\n\t\t\t\t<div class=\"elementor-element elementor-element-da1a5be elementor-widget elementor-widget-heading\" data-id=\"da1a5be\" data-element_type=\"widget\" data-e-type=\"widget\" data-widget_type=\"heading.default\">\n\t\t\t\t<div class=\"elementor-widget-container\">\n\t\t\t\t\t<h2 class=\"elementor-heading-title elementor-size-default\">Interrupciones Ambientales<\/h2>\t\t\t\t<\/div>\n\t\t\t\t<\/div>\n\t\t\t\t<\/div>\n\t\t\t\t<\/div>\n\t\t\t\t\t<\/div>\n\t\t\t\t<\/div>\n\t\t<div class=\"elementor-element elementor-element-6c466e92 e-flex e-con-boxed e-con e-parent\" data-id=\"6c466e92\" data-element_type=\"container\" data-e-type=\"container\">\n\t\t\t\t\t<div class=\"e-con-inner\">\n\t\t\t\t<div class=\"elementor-element elementor-element-347b0907 elementor-widget elementor-widget-text-editor\" data-id=\"347b0907\" data-element_type=\"widget\" data-e-type=\"widget\" data-widget_type=\"text-editor.default\">\n\t\t\t\t<div class=\"elementor-widget-container\">\n\t\t\t\t\t\t\t\t\t<p>Los da\u00f1os estructurales y medioambientales, ya sean debidos a cat\u00e1strofes naturales o a accidentes imprevistos, pueden suponer riesgos importantes para la seguridad y el bienestar de las personas con discapacidad y las personas mayores. Desde terremotos e inundaciones hasta derrumbes de edificios y cortes de electricidad, estar preparado es esencial. <\/p>\n<p><strong>Empieza por evaluar tu vulnerabilidad a los riesgos estructurales y medioambientales de tu entorno<\/strong><\/p>\n<ul>\n<li>Identifica peligros potenciales -como estructuras inestables, materiales peligrosos o contaminantes medioambientales- que puedan suponer riesgos para tu seguridad.<\/li>\n<li>Eval\u00faa las caracter\u00edsticas de accesibilidad y seguridad de tu casa, lugar de trabajo o edificios comunitarios, incluidas rampas, barandillas y salidas de emergencia.<\/li>\n<li>Ten en cuenta cualquier limitaci\u00f3n de movilidad, sensibilidad sensorial o estado de salud que pueda afectar a tu capacidad para responder a emergencias y evacuar con seguridad.<\/li>\n<\/ul>\n<p><strong>Toma medidas proactivas para asegurar tu entorno vital y minimizar el riesgo de da\u00f1os estructurales y medioambientales<\/strong><\/p>\n<ul>\n<li>Reacondiciona tu casa o lugar de trabajo con mejoras de seguridad para aumentar la resistencia estructural, como correas antis\u00edsmicas, ventanas reforzadas y detectores de humo.<\/li>\n<li>Limpia los escombros, poda los \u00e1rboles y asegura los muebles de exterior para reducir el riesgo de da\u00f1os por vientos fuertes, tormentas o cat\u00e1strofes naturales.<\/li>\n<li>Aplica medidas de eficiencia energ\u00e9tica, como la impermeabilizaci\u00f3n y el aislamiento, para mitigar el impacto de las temperaturas extremas y reducir los costes de los servicios p\u00fablicos.<\/li>\n<\/ul>\n<p><strong><br \/>Desarrollar planes de emergencia integrales para hacer frente a los riesgos estructurales y medioambientales y garantizar tu seguridad y protecci\u00f3n<\/strong><\/p>\n<ul>\n<li>Elabora planes de evacuaci\u00f3n y practica simulacros de emergencia con familiares, cuidadores o vecinos para familiarizarte con las rutas y procedimientos de evacuaci\u00f3n.<\/li>\n<li>Establece protocolos de comunicaci\u00f3n y contactos de emergencia para mantenerte informado sobre posibles amenazas, \u00f3rdenes de evacuaci\u00f3n y alertas comunitarias.<\/li>\n<li>Re\u00fane suministros de emergencia, como botiquines de primeros auxilios, medicamentos, alimentos, agua y art\u00edculos de higiene personal, para mantenerte durante cat\u00e1strofes o emergencias prolongadas.<\/li>\n<\/ul>\n<p><strong>Explora los recursos comunitarios y las redes de apoyo disponibles para ayudarte durante emergencias estructurales y medioambientales<\/strong><\/p>\n<ul>\n<li>Conecta con las agencias locales de gesti\u00f3n de emergencias, las organizaciones de ayuda en caso de cat\u00e1strofe y los grupos comunitarios para acceder a recursos, informaci\u00f3n y asistencia durante las emergencias.<\/li>\n<li>Participa en talleres de preparaci\u00f3n de la comunidad, sesiones de formaci\u00f3n y actos de divulgaci\u00f3n para mejorar tus conocimientos y habilidades en la respuesta y recuperaci\u00f3n ante cat\u00e1strofes.<\/li>\n<li>Relaci\u00f3nate con organizaciones de defensa de los discapacitados, centros de mayores y grupos de apoyo para acceder a servicios especializados, adaptaciones y asistencia adaptados a tus necesidades.<\/li>\n<\/ul>\n<p><strong>Defender una mayor accesibilidad e inclusi\u00f3n en los esfuerzos de preparaci\u00f3n y respuesta ante las cat\u00e1strofes<\/strong><\/p>\n<ul>\n<li>Colabora con los responsables pol\u00edticos locales, los equipos de respuesta a emergencias y las partes interesadas de la comunidad para garantizar que los planes de emergencia, los refugios y los servicios sean accesibles para las personas con discapacidad y los adultos mayores.<\/li>\n<li>Concienciar sobre los retos y necesidades singulares a los que se enfrentan las personas con discapacidad y las personas mayores en situaciones de emergencia y abogar por un acceso equitativo a los recursos, las adaptaciones y los servicios de apoyo.\n<\/li>\n<\/ul>\n\t\t\t\t\t\t\t\t<\/div>\n\t\t\t\t<\/div>\n\t\t\t\t\t<\/div>\n\t\t\t\t<\/div>\n\t\t<div class=\"elementor-element elementor-element-3762f07 e-flex e-con-boxed e-con e-parent\" data-id=\"3762f07\" data-element_type=\"container\" data-e-type=\"container\">\n\t\t\t\t\t<div class=\"e-con-inner\">\n\t\t\t\t<div class=\"elementor-element elementor-element-b77f556 elementor-widget elementor-widget-image\" data-id=\"b77f556\" data-element_type=\"widget\" data-e-type=\"widget\" data-widget_type=\"image.default\">\n\t\t\t\t<div class=\"elementor-widget-container\">\n\t\t\t\t\t\t\t\t\t\t\t\t\t\t\t<img fetchpriority=\"high\" decoding=\"async\" width=\"800\" height=\"266\" src=\"https:\/\/emergency.sncil.org\/wp-content\/uploads\/2024\/07\/NNCIL_Groceries-1024x341.jpeg\" class=\"attachment-large size-large wp-image-3784\" alt=\"Counter full of groceries.\" srcset=\"https:\/\/emergency.sncil.org\/wp-content\/uploads\/2024\/07\/NNCIL_Groceries-1024x341.jpeg 1024w, https:\/\/emergency.sncil.org\/wp-content\/uploads\/2024\/07\/NNCIL_Groceries-300x100.jpeg 300w, https:\/\/emergency.sncil.org\/wp-content\/uploads\/2024\/07\/NNCIL_Groceries-768x256.jpeg 768w, https:\/\/emergency.sncil.org\/wp-content\/uploads\/2024\/07\/NNCIL_Groceries-1536x512.jpeg 1536w, https:\/\/emergency.sncil.org\/wp-content\/uploads\/2024\/07\/NNCIL_Groceries-2048x683.jpeg 2048w\" sizes=\"(max-width: 800px) 100vw, 800px\" \/>\t\t\t\t\t\t\t\t\t\t\t\t\t\t\t<\/div>\n\t\t\t\t<\/div>\n\t\t\t\t\t<\/div>\n\t\t\t\t<\/div>\n\t\t<div class=\"elementor-element elementor-element-06590cf e-flex e-con-boxed e-con e-parent\" data-id=\"06590cf\" data-element_type=\"container\" data-e-type=\"container\">\n\t\t\t\t\t<div class=\"e-con-inner\">\n\t\t<div class=\"elementor-element elementor-element-2b3d621 e-con-full e-flex e-con e-child\" data-id=\"2b3d621\" data-element_type=\"container\" data-e-type=\"container\">\n\t\t\t\t<div class=\"elementor-element elementor-element-329e83f elementor-widget elementor-widget-text-editor\" data-id=\"329e83f\" data-element_type=\"widget\" data-e-type=\"widget\" data-widget_type=\"text-editor.default\">\n\t\t\t\t<div class=\"elementor-widget-container\">\n\t\t\t\t\t\t\t\t\t<h2> <\/h2>\n<h2>Cadena de suministro<\/h2>\n<p id=\"in-addition-to-affecting-transportation-damaged-or-blocked-off-highways-mean-fewer-trucks-getting-through-which-can-create-shortages-of-everything-from-food-and-toilet-paper-to-prescriptions-and-social-security-checks-\">Adem\u00e1s de afectar al transporte, las carreteras da\u00f1adas o bloqueadas implican que pasen menos camiones, lo que puede crear escasez de todo tipo de productos, desde alimentos y papel higi\u00e9nico hasta recetas y cheques de la Seguridad Social.<\/p>\n<p id=\"supply-chain-disruptions-can-present-unique-challenges-for-people-with-disabilities-and-older-adults-most-of-which-can-be-addressed-by-being-prepared-\">Las interrupciones de la cadena de suministro pueden presentar retos \u00fanicos para las personas con discapacidad y los mayores, la mayor\u00eda de los cuales pueden abordarse estando preparados.<\/p>\n<\/p>\n<p id=\"begin-by-understanding-the-potential-impacts-on-your-daily-life-and-well-being-\"><strong>Empieza por comprender las posibles repercusiones en tu vida cotidiana y tu bienestar<\/strong><\/p>\n<ul>\n<li>Identifica los bienes y servicios esenciales de los que dependes, como alimentos, medicamentos, suministros m\u00e9dicos y dispositivos de asistencia.<\/li>\n<li>Eval\u00faa las posibles vulnerabilidades y dificultades a las que puedes enfrentarte durante las interrupciones, incluidos los obst\u00e1culos de transporte, el acceso limitado a los recursos y la dependencia de redes de apoyo externas.<\/li>\n<\/ul>\n<p id=\"take-proactive-measures-to-stockpile-essential-supplies-and-prepare-for-potential-shortages-or-disruptions-\"><strong>Toma medidas proactivas para almacenar suministros esenciales y prep\u00e1rate para posibles escaseces o interrupciones<\/strong><\/p>\n<ul>\n<li>Mant\u00e9n un suministro adecuado de alimentos no perecederos, agua embotellada y suministros de emergencia para mantenerte durante las interrupciones.<\/li>\n<li>Aseg\u00farate de tener un inventario fiable de medicamentos, suministros m\u00e9dicos y dispositivos de asistencia para satisfacer tus necesidades sanitarias.<\/li>\n<li>Considera la posibilidad de adquirir fuentes de energ\u00eda de reserva, como bater\u00edas o generadores, para mantener los equipos m\u00e9dicos esenciales y los dispositivos de comunicaci\u00f3n durante los cortes de electricidad.<\/li>\n<\/ul>\n<p id=\"develop-a-contingency-plan-to-address-supply-chain-disruptions-and-ensure-continuity-of-access-to-essential-goods-and-services-\"><strong>Desarrollar un plan de contingencia para hacer frente a las interrupciones de la cadena de suministro y garantizar la continuidad del acceso a los bienes y servicios esenciales.<\/strong><\/p>\n<ul>\n<li>Explora proveedores, minoristas o servicios de entrega alternativos para los bienes y servicios esenciales de tu zona. Por ejemplo, \u00bfhay granjas locales donde puedas comprar huevos y carne? <\/li>\n<li>Coord\u00ednate con cuidadores, familiares y vecinos para poner en com\u00fan recursos y compartir suministros esenciales durante las emergencias.<\/li>\n<li>Mantente informado sobre los recursos comunitarios locales, los programas de asistencia alimentaria y los servicios de apoyo disponibles para las personas con discapacidad y los adultos mayores.<\/li>\n<li>Identifica los servicios de reparto de refuerzos disponibles en tu comunidad, como aplicaciones para compartir coche o redes de voluntariado comunitario.<\/li>\n<li>Establece canales de comunicaci\u00f3n con los proveedores de asistencia sanitaria, las farmacias y los servicios de apoyo para mantenerte informado sobre los cambios en la disponibilidad y los plazos de entrega.<\/li>\n<li>Trabaja con las agencias locales de gesti\u00f3n de emergencias, las organizaciones de defensa de los discapacitados y los grupos comunitarios para abordar los retos de la cadena de suministro y abogar por un acceso equitativo a los recursos.<\/li>\n<\/ul>\n<p id=\"prioritize-self-care-and-well-being-during-supply-chain-disruptions-\"><strong>Priorizar el autocuidado y el bienestar durante las interrupciones de la cadena de suministro<\/strong><\/p>\n<ul>\n<li>Practica t\u00e9cnicas de reducci\u00f3n del estr\u00e9s, como la atenci\u00f3n plena, los ejercicios de relajaci\u00f3n y la conexi\u00f3n con redes de apoyo.<\/li>\n<li>Mantente en contacto con amigos, familiares y grupos de apoyo para compartir experiencias, ofrecer ayuda y fomentar la resiliencia en los momentos dif\u00edciles.<\/li>\n<li>Busca apoyo profesional de proveedores de atenci\u00f3n sanitaria, consejeros o profesionales de la salud mental si experimentas un aumento de la ansiedad o angustia relacionada con las interrupciones de la cadena de suministro.\n<\/li>\n<\/ul>\n<h2 id=\"transportation\">Transporte<\/h2>\n<p>Ya se trate de una huelga del transporte p\u00fablico, de condiciones meteorol\u00f3gicas adversas o de cierres imprevistos de carreteras, estar preparado es clave para superar los retos del transporte.<\/p>\n<p><strong>He aqu\u00ed algunos consejos y estrategias a tener en cuenta<\/strong><\/p>\n<ul>\n<li>Eval\u00faa tus necesidades de movilidad e identifica los posibles retos durante las interrupciones del transporte. Considera factores como\n<ul>\n<li>Accesibilidad de las opciones de transporte p\u00fablico<\/li>\n<li>Dependencia de veh\u00edculos personales o ayudas a la movilidad<\/li>\n<li>Distancia a servicios esenciales y redes de apoyo<\/li>\n<li>Opciones de transporte alternativas disponibles en tu comunidad<\/li>\n<\/ul>\n<\/li>\n<\/ul>\n<p id=\"develop-a-contingency-plan\"><strong>Desarrolla un plan de contingencia<\/strong><\/p>\n<ul>\n<li>Identifica modos de transporte alternativos, como servicios de paratr\u00e1nsito, aplicaciones para compartir viajes o programas de transporte comunitario.<\/li>\n<li>Establece rutas de reserva a destinos esenciales, como centros m\u00e9dicos, tiendas de comestibles y farmacias.<\/li>\n<li>Coord\u00ednate con cuidadores, familiares o vecinos para organizar ayuda de transporte durante las emergencias.<\/li>\n<li>Mant\u00e9n una lista de contactos de emergencia y proveedores de transporte para referencia r\u00e1pida.<\/li>\n<\/ul>\n<p><strong>Explora los recursos comunitarios y las redes de apoyo disponibles para ayudarte durante las interrupciones del transporte<\/strong><\/p>\n<ul>\n<li>Ponte en contacto con las organizaciones locales de defensa de los discapacitados o con los centros de mayores para que te orienten y te ayuden a acceder a los servicios de transporte.<\/li>\n<li>Investiga las subvenciones, descuentos o bonos de transporte disponibles para las personas con discapacidad o mayores de tu zona.<\/li>\n<li>Participa en programas de formaci\u00f3n en movilidad para mejorar tus habilidades de navegaci\u00f3n y tu confianza en el uso de opciones de transporte alternativas.<\/li>\n<li>Utiliza aplicaciones m\u00f3viles y sitios web para planificar rutas accesibles, consultar horarios de transporte en tiempo real y organizar servicios de transporte compartido.<\/li>\n<\/ul>\n\t\t\t\t\t\t\t\t<\/div>\n\t\t\t\t<\/div>\n\t\t\t\t<\/div>\n\t\t\t\t\t<\/div>\n\t\t\t\t<\/div>\n\t\t<div class=\"elementor-element elementor-element-561cdbb e-flex e-con-boxed e-con e-parent\" data-id=\"561cdbb\" data-element_type=\"container\" data-e-type=\"container\">\n\t\t\t\t\t<div class=\"e-con-inner\">\n\t\t\t\t\t<\/div>\n\t\t\t\t<\/div>\n\t\t\t\t<\/div>\n\t\t","protected":false},"excerpt":{"rendered":"<p>Interrupciones Ambientales Los da\u00f1os estructurales y medioambientales, ya sean debidos a cat\u00e1strofes naturales o a accidentes imprevistos, pueden suponer riesgos importantes para la seguridad y el bienestar de las personas con discapacidad y las personas mayores. Desde terremotos e inundaciones hasta derrumbes de edificios y cortes de electricidad, estar preparado es esencial. Empieza por evaluar [&hellip;]<\/p>\n","protected":false},"author":1,"featured_media":0,"parent":0,"menu_order":0,"comment_status":"closed","ping_status":"closed","template":"","meta":{"_mc_calendar":[],"footnotes":""},"class_list":["post-5322","page","type-page","status-publish","hentry"],"_links":{"self":[{"href":"https:\/\/emergency.sncil.org\/es\/wp-json\/wp\/v2\/pages\/5322","targetHints":{"allow":["GET"]}}],"collection":[{"href":"https:\/\/emergency.sncil.org\/es\/wp-json\/wp\/v2\/pages"}],"about":[{"href":"https:\/\/emergency.sncil.org\/es\/wp-json\/wp\/v2\/types\/page"}],"author":[{"embeddable":true,"href":"https:\/\/emergency.sncil.org\/es\/wp-json\/wp\/v2\/users\/1"}],"replies":[{"embeddable":true,"href":"https:\/\/emergency.sncil.org\/es\/wp-json\/wp\/v2\/comments?post=5322"}],"version-history":[{"count":7,"href":"https:\/\/emergency.sncil.org\/es\/wp-json\/wp\/v2\/pages\/5322\/revisions"}],"predecessor-version":[{"id":5488,"href":"https:\/\/emergency.sncil.org\/es\/wp-json\/wp\/v2\/pages\/5322\/revisions\/5488"}],"wp:attachment":[{"href":"https:\/\/emergency.sncil.org\/es\/wp-json\/wp\/v2\/media?parent=5322"}],"curies":[{"name":"wp","href":"https:\/\/api.w.org\/{rel}","templated":true}]}}