{"id":5320,"date":"2024-07-14T04:06:50","date_gmt":"2024-07-14T04:06:50","guid":{"rendered":"https:\/\/emergency.sncil.org\/evacuacion\/"},"modified":"2025-01-08T02:48:55","modified_gmt":"2025-01-08T02:48:55","slug":"evacuacion","status":"publish","type":"page","link":"https:\/\/emergency.sncil.org\/es\/evacuacion\/","title":{"rendered":"Evacuaci\u00f3n"},"content":{"rendered":"\t\t<div data-elementor-type=\"wp-page\" data-elementor-id=\"5320\" class=\"elementor elementor-5320 elementor-2182\" data-elementor-post-type=\"page\">\n\t\t\t\t<div class=\"elementor-element elementor-element-0b5cdbf e-flex e-con-boxed e-con e-parent\" data-id=\"0b5cdbf\" data-element_type=\"container\" data-e-type=\"container\">\n\t\t\t\t\t<div class=\"e-con-inner\">\n\t\t<div class=\"elementor-element elementor-element-70d086c e-con-full e-flex e-con e-child\" data-id=\"70d086c\" data-element_type=\"container\" data-e-type=\"container\" data-settings=\"{&quot;background_background&quot;:&quot;classic&quot;}\">\n\t\t<div class=\"elementor-element elementor-element-3b44988 e-con-full e-flex e-con e-child\" data-id=\"3b44988\" data-element_type=\"container\" data-e-type=\"container\" data-settings=\"{&quot;background_background&quot;:&quot;classic&quot;}\">\n\t\t\t\t<div class=\"elementor-element elementor-element-1ee232a elementor-widget elementor-widget-image\" data-id=\"1ee232a\" data-element_type=\"widget\" data-e-type=\"widget\" data-widget_type=\"image.default\">\n\t\t\t\t<div class=\"elementor-widget-container\">\n\t\t\t\t\t\t\t\t\t\t\t\t\t\t\t<img decoding=\"async\" width=\"193\" height=\"226\" src=\"https:\/\/emergency.sncil.org\/wp-content\/uploads\/2024\/10\/Evacuation-Icon.png\" class=\"attachment-medium size-medium wp-image-5392\" alt=\"Evacuation Icon\" \/>\t\t\t\t\t\t\t\t\t\t\t\t\t\t\t<\/div>\n\t\t\t\t<\/div>\n\t\t\t\t<div class=\"elementor-element elementor-element-275bf00 elementor-widget elementor-widget-heading\" data-id=\"275bf00\" data-element_type=\"widget\" data-e-type=\"widget\" data-widget_type=\"heading.default\">\n\t\t\t\t<div class=\"elementor-widget-container\">\n\t\t\t\t\t<h2 class=\"elementor-heading-title elementor-size-default\">Evacuaci\u00f3n<\/h2>\t\t\t\t<\/div>\n\t\t\t\t<\/div>\n\t\t\t\t<\/div>\n\t\t\t\t<\/div>\n\t\t\t\t\t<\/div>\n\t\t\t\t<\/div>\n\t\t<div class=\"elementor-element elementor-element-41b6dd0e e-flex e-con-boxed e-con e-parent\" data-id=\"41b6dd0e\" data-element_type=\"container\" data-e-type=\"container\">\n\t\t\t\t\t<div class=\"e-con-inner\">\n\t\t\t\t<div class=\"elementor-element elementor-element-6f610e0 elementor-widget elementor-widget-video\" data-id=\"6f610e0\" data-element_type=\"widget\" data-e-type=\"widget\" data-settings=\"{&quot;youtube_url&quot;:&quot;https:\\\/\\\/youtu.be\\\/t4Mk5amxjYM&quot;,&quot;yt_privacy&quot;:&quot;yes&quot;,&quot;video_type&quot;:&quot;youtube&quot;,&quot;controls&quot;:&quot;yes&quot;}\" data-widget_type=\"video.default\">\n\t\t\t\t<div class=\"elementor-widget-container\">\n\t\t\t\t\t\t\t<div class=\"elementor-wrapper elementor-open-inline\">\n\t\t\t<div class=\"elementor-video\"><\/div>\t\t<\/div>\n\t\t\t\t\t\t<\/div>\n\t\t\t\t<\/div>\n\t\t\t\t<div class=\"elementor-element elementor-element-ba65e6a elementor-widget elementor-widget-spacer\" data-id=\"ba65e6a\" data-element_type=\"widget\" data-e-type=\"widget\" data-widget_type=\"spacer.default\">\n\t\t\t\t<div class=\"elementor-widget-container\">\n\t\t\t\t\t\t\t<div class=\"elementor-spacer\">\n\t\t\t<div class=\"elementor-spacer-inner\"><\/div>\n\t\t<\/div>\n\t\t\t\t\t\t<\/div>\n\t\t\t\t<\/div>\n\t\t\t\t<div class=\"elementor-element elementor-element-4302079 elementor-widget elementor-widget-text-editor\" data-id=\"4302079\" data-element_type=\"widget\" data-e-type=\"widget\" data-widget_type=\"text-editor.default\">\n\t\t\t\t<div class=\"elementor-widget-container\">\n\t\t\t\t\t\t\t\t\t<p>Cuando llegue la orden oficial de evacuaci\u00f3n, no esperes: \u00a1ponte en marcha!<br \/>\nTu seguridad es lo primero, y cuanto antes te pongas en marcha, m\u00e1s posibilidades tendr\u00e1s de llevarte los objetos que necesitas para seguir siendo independiente.<br \/>\nAs\u00ed que, \u00a1haz las maletas y ponte en marcha cuanto antes!  <\/p>\n<ul>\n<li><strong>Conoce a d\u00f3nde vas con antelaci\u00f3n.  <\/strong>Ya sea la casa de un amigo, de un familiar o un refugio designado, aseg\u00farate de saber ad\u00f3nde te diriges antes de que se produzca el desastre.<\/li>\n<li><strong>Planifica para tus mascotas y\/o animal de servicio<\/strong>.<br \/>\nTu animal de servicio podr\u00e1 ir contigo a un refugio, y tendr\u00e1s que planificar sus provisiones.<br \/>\nLo m\u00e1s probable es que tus mascotas no puedan quedarse contigo, pero muchos refugios tienen un lugar para ellas.  <\/li>\n<li><strong>Mant\u00e9n a tus <a href=\"https:\/\/emergency.sncil.org\/who-is-in-your-network\/\" target=\"_blank\" rel=\"noopener\"><span style=\"text-decoration: underline;\">seres queridos<\/span><\/a> informados de tus planes<\/strong> si es posible, haci\u00e9ndoles saber cu\u00e1ndo te vas y ad\u00f3nde te diriges.<\/li>\n<li><strong>Sigue las rutas de viaje especificadas por las autoridades locales<\/strong>, ya que tienen mucha mejor informaci\u00f3n que t\u00fa.<br \/>\nEscucha las actualizaciones y la informaci\u00f3n crucial en tu tel\u00e9fono o en una radio AM mientras te diriges a un lugar seguro. <\/li>\n<li><strong>Aseg\u00farate de tener algo de dinero extra a mano<\/strong>, ya que los bancos pueden estar cerrados y los cajeros autom\u00e1ticos pueden no estar operativos.<\/li>\n<li><strong>Acu\u00e9rdate de coger tu <a href=\"https:\/\/emergency.sncil.org\/where-is-your-bag\/\"><span style=\"text-decoration: underline;\">Bolsa de Viaje<\/span> antes de <\/a><\/strong>salir, asegur\u00e1ndote de que tienes lo esencial, como comida, agua y medicamentos.<\/li>\n<li><strong>Asegura y cierra tu casa<\/strong> antes de salir.<\/li>\n<li>Para mayor comodidad durante el viaje, <strong>lleva juguetes, libros o juegos para entretenerte. <\/strong> <\/li>\n<li>Si conduces a trav\u00e9s del humo, <strong>da prioridad a la seguridad<\/strong> encendiendo los faros, desplaz\u00e1ndote al lado derecho de la carretera y conduciendo a una velocidad prudente.<\/li>\n<\/ul>\n<p>Al llegar a un refugio, reg\u00edstrate r\u00e1pidamente con el personal oficial e inf\u00f3rmales de cualquier modificaci\u00f3n adicional que puedas necesitar. Recuerda que mantener la calma y conducir con precauci\u00f3n son claves para llegar a tu destino sano y salvo. <\/p>\n<p>Si est\u00e1s preparado, te mantienes informado y pones en pr\u00e1ctica tu plan, podr\u00e1s protegerte a ti y a tu familia en caso de cat\u00e1strofe.<\/p>\n\t\t\t\t\t\t\t\t<\/div>\n\t\t\t\t<\/div>\n\t\t\t\t\t<\/div>\n\t\t\t\t<\/div>\n\t\t\t\t<\/div>\n\t\t","protected":false},"excerpt":{"rendered":"<p>Evacuaci\u00f3n Cuando llegue la orden oficial de evacuaci\u00f3n, no esperes: \u00a1ponte en marcha! Tu seguridad es lo primero, y cuanto antes te pongas en marcha, m\u00e1s posibilidades tendr\u00e1s de llevarte los objetos que necesitas para seguir siendo independiente. As\u00ed que, \u00a1haz las maletas y ponte en marcha cuanto antes! Conoce a d\u00f3nde vas con antelaci\u00f3n. [&hellip;]<\/p>\n","protected":false},"author":1,"featured_media":0,"parent":0,"menu_order":0,"comment_status":"closed","ping_status":"closed","template":"","meta":{"_mc_calendar":[],"footnotes":""},"class_list":["post-5320","page","type-page","status-publish","hentry"],"_links":{"self":[{"href":"https:\/\/emergency.sncil.org\/es\/wp-json\/wp\/v2\/pages\/5320","targetHints":{"allow":["GET"]}}],"collection":[{"href":"https:\/\/emergency.sncil.org\/es\/wp-json\/wp\/v2\/pages"}],"about":[{"href":"https:\/\/emergency.sncil.org\/es\/wp-json\/wp\/v2\/types\/page"}],"author":[{"embeddable":true,"href":"https:\/\/emergency.sncil.org\/es\/wp-json\/wp\/v2\/users\/1"}],"replies":[{"embeddable":true,"href":"https:\/\/emergency.sncil.org\/es\/wp-json\/wp\/v2\/comments?post=5320"}],"version-history":[{"count":4,"href":"https:\/\/emergency.sncil.org\/es\/wp-json\/wp\/v2\/pages\/5320\/revisions"}],"predecessor-version":[{"id":5601,"href":"https:\/\/emergency.sncil.org\/es\/wp-json\/wp\/v2\/pages\/5320\/revisions\/5601"}],"wp:attachment":[{"href":"https:\/\/emergency.sncil.org\/es\/wp-json\/wp\/v2\/media?parent=5320"}],"curies":[{"name":"wp","href":"https:\/\/api.w.org\/{rel}","templated":true}]}}