{"id":5301,"date":"2024-07-14T15:54:59","date_gmt":"2024-07-14T15:54:59","guid":{"rendered":"https:\/\/emergency.sncil.org\/cual-es-tu-plan-de-emergencia\/"},"modified":"2025-08-05T22:15:30","modified_gmt":"2025-08-05T22:15:30","slug":"cual-es-tu-plan-de-emergencia","status":"publish","type":"page","link":"https:\/\/emergency.sncil.org\/es\/cual-es-tu-plan-de-emergencia\/","title":{"rendered":"\u00bfCu\u00e1l es tu plan de emergencia?"},"content":{"rendered":"\t\t<div data-elementor-type=\"wp-page\" data-elementor-id=\"5301\" class=\"elementor elementor-5301 elementor-2241\" data-elementor-post-type=\"page\">\n\t\t\t\t<div class=\"elementor-element elementor-element-900fc6c e-flex e-con-boxed e-con e-parent\" data-id=\"900fc6c\" data-element_type=\"container\" data-e-type=\"container\" data-settings=\"{&quot;background_background&quot;:&quot;classic&quot;}\">\n\t\t\t\t\t<div class=\"e-con-inner\">\n\t\t<div class=\"elementor-element elementor-element-3469409 e-con-full e-flex e-con e-child\" data-id=\"3469409\" data-element_type=\"container\" data-e-type=\"container\" data-settings=\"{&quot;background_background&quot;:&quot;classic&quot;}\">\n\t\t\t\t<div class=\"elementor-element elementor-element-94d9566 elementor-widget elementor-widget-image\" data-id=\"94d9566\" data-element_type=\"widget\" data-e-type=\"widget\" data-widget_type=\"image.default\">\n\t\t\t\t<div class=\"elementor-widget-container\">\n\t\t\t\t\t\t\t\t\t\t\t\t\t\t\t<img fetchpriority=\"high\" decoding=\"async\" width=\"196\" height=\"280\" src=\"https:\/\/emergency.sncil.org\/wp-content\/uploads\/2024\/10\/Plan-Icon.png\" class=\"attachment-medium size-medium wp-image-5432\" alt=\"Emergency Plan Icon\" \/>\t\t\t\t\t\t\t\t\t\t\t\t\t\t\t<\/div>\n\t\t\t\t<\/div>\n\t\t\t\t<div class=\"elementor-element elementor-element-9492666 elementor-widget elementor-widget-heading\" data-id=\"9492666\" data-element_type=\"widget\" data-e-type=\"widget\" data-widget_type=\"heading.default\">\n\t\t\t\t<div class=\"elementor-widget-container\">\n\t\t\t\t\t<h2 class=\"elementor-heading-title elementor-size-default\">\u00bfCu\u00e1l es tu plan<\/br>?<\/h2>\t\t\t\t<\/div>\n\t\t\t\t<\/div>\n\t\t\t\t<\/div>\n\t\t\t\t\t<\/div>\n\t\t\t\t<\/div>\n\t\t<div class=\"elementor-element elementor-element-3e2fca6c e-flex e-con-boxed e-con e-parent\" data-id=\"3e2fca6c\" data-element_type=\"container\" data-e-type=\"container\">\n\t\t\t\t\t<div class=\"e-con-inner\">\n\t\t\t\t<div class=\"elementor-element elementor-element-c5d2ac5 elementor-widget elementor-widget-heading\" data-id=\"c5d2ac5\" data-element_type=\"widget\" data-e-type=\"widget\" data-widget_type=\"heading.default\">\n\t\t\t\t<div class=\"elementor-widget-container\">\n\t\t\t\t\t<h2 class=\"elementor-heading-title elementor-size-default\">\u00bfCu\u00e1l es tu plan de emergencia?<\/h2>\t\t\t\t<\/div>\n\t\t\t\t<\/div>\n\t\t\t\t\t<\/div>\n\t\t\t\t<\/div>\n\t\t<div class=\"elementor-element elementor-element-5ecc5cc e-flex e-con-boxed e-con e-parent\" data-id=\"5ecc5cc\" data-element_type=\"container\" data-e-type=\"container\">\n\t\t\t\t\t<div class=\"e-con-inner\">\n\t\t<div class=\"elementor-element elementor-element-bdad3f5 e-con-full e-flex e-con e-child\" data-id=\"bdad3f5\" data-element_type=\"container\" data-e-type=\"container\">\n\t\t\t\t<div class=\"elementor-element elementor-element-7ce9143 elementor-widget elementor-widget-video\" data-id=\"7ce9143\" data-element_type=\"widget\" data-e-type=\"widget\" data-settings=\"{&quot;youtube_url&quot;:&quot;https:\\\/\\\/youtu.be\\\/Umgg5s7mf-w&quot;,&quot;video_type&quot;:&quot;youtube&quot;,&quot;controls&quot;:&quot;yes&quot;}\" data-widget_type=\"video.default\">\n\t\t\t\t<div class=\"elementor-widget-container\">\n\t\t\t\t\t\t\t<div class=\"elementor-wrapper elementor-open-inline\">\n\t\t\t<div class=\"elementor-video\"><\/div>\t\t<\/div>\n\t\t\t\t\t\t<\/div>\n\t\t\t\t<\/div>\n\t\t\t\t<\/div>\n\t\t\t\t\t<\/div>\n\t\t\t\t<\/div>\n\t\t<div class=\"elementor-element elementor-element-4a0583cc e-flex e-con-boxed e-con e-parent\" data-id=\"4a0583cc\" data-element_type=\"container\" data-e-type=\"container\">\n\t\t\t\t\t<div class=\"e-con-inner\">\n\t\t\t\t<div class=\"elementor-element elementor-element-1a246f1 elementor-widget elementor-widget-button\" data-id=\"1a246f1\" data-element_type=\"widget\" data-e-type=\"widget\" data-widget_type=\"button.default\">\n\t\t\t\t<div class=\"elementor-widget-container\">\n\t\t\t\t\t\t\t\t\t<div class=\"elementor-button-wrapper\">\n\t\t\t\t\t<a class=\"elementor-button elementor-button-link elementor-size-sm\" href=\"https:\/\/docs.google.com\/document\/d\/1FmgjO8JNZP4fZ_Lgmucd49oDPo2vfg0VtkxIbZhnv4Q\/edit\" target=\"_blank\">\n\t\t\t\t\t\t<span class=\"elementor-button-content-wrapper\">\n\t\t\t\t\t\t\t\t\t<span class=\"elementor-button-text\">Copia e imprime este plan<\/span>\n\t\t\t\t\t<\/span>\n\t\t\t\t\t<\/a>\n\t\t\t\t<\/div>\n\t\t\t\t\t\t\t\t<\/div>\n\t\t\t\t<\/div>\n\t\t\t\t<div class=\"elementor-element elementor-element-1fa612a9 elementor-widget elementor-widget-text-editor\" data-id=\"1fa612a9\" data-element_type=\"widget\" data-e-type=\"widget\" data-widget_type=\"text-editor.default\">\n\t\t\t\t<div class=\"elementor-widget-container\">\n\t\t\t\t\t\t\t\t\t<p><strong>HAZ UN PLAN DE EMERGENCIA FAMILIAR  <\/strong><\/p><ul><li>Re\u00fanete con los miembros de la familia: expl\u00edcales los peligros y trabaja con ellos en equipo para preparar a tu familia para hacer frente a las emergencias.<\/li><li>Discute qu\u00e9 hacer en caso de cortes de electricidad y lesiones personales.<\/li><li>Coloca los n\u00fameros de tel\u00e9fono de emergencia cerca de los tel\u00e9fonos.<\/li><li>Aprende a cortar el agua, el gas y la electricidad de tu casa.<\/li><li>Decide d\u00f3nde reunirte en caso de emergencia; podr\u00edas separarte de tus familiares. Elige un lugar fuera de tu casa en caso de emergencia repentina, como un incendio. Elige un lugar fuera de tu barrio en caso de que no puedas volver a casa.  <\/li><li>Elige un contacto &#8220;de fuera de la ciudad&#8221;: pide a un amigo o familiar de fuera de la ciudad que sea tu contacto en caso de cat\u00e1strofe. Todos deben conocer el n\u00famero de tel\u00e9fono del contacto. A menudo es m\u00e1s f\u00e1cil hacer una llamada de larga distancia que una llamada local desde la zona de la cat\u00e1strofe. Ense\u00f1a a los ni\u00f1os a hacer llamadas de larga distancia.   <\/li><li>Completa un plan de comunicaci\u00f3n familiar: tu plan debe incluir informaci\u00f3n de contacto de los miembros de la familia, el trabajo y la escuela.<\/li><li>Planifica rutas de escape y lugares seguros: en caso de incendio u otra emergencia, puede que tengas que evacuar muy r\u00e1pidamente. Prep\u00e1rate para salir r\u00e1pidamente. Aseg\u00farate de que todos los miembros de tu familia conocen las mejores v\u00edas de evacuaci\u00f3n de tu casa, as\u00ed como d\u00f3nde est\u00e1n los lugares seguros en tu casa para cada tipo de cat\u00e1strofe.  <\/li><li>Dibuja con tu familia un plan de escape familiar en el que se indiquen dos v\u00edas de escape desde cada habitaci\u00f3n.<\/li><\/ul><p><strong><br>PLAN DE EMERGENCIA INDIVIDUALIZADO  <\/strong><\/p><p><strong>NOMBRE<\/strong><\/p><p><strong>DIRECCI\u00d3N DEL DOMICILIO  <\/strong><\/p><p> <\/p><p style=\"font-weight: 400;\"><strong>RED DE APOYO PERSONAL  <\/strong><\/p><table><tbody><tr><td>Nombre<\/td><td>Relaci\u00f3n (es decir, familia, cuidador, m\u00e9dico, etc.)<\/td><td>N\u00famero de tel\u00e9fono<\/td><\/tr><tr><td> <\/td><td> <\/td><td> <\/td><\/tr><tr><td> <\/td><td> <\/td><td> <\/td><\/tr><tr><td> <\/td><td> <\/td><td> <\/td><\/tr><tr><td> <\/td><td> <\/td><td> <\/td><\/tr><tr><td> <\/td><td> <\/td><td> <\/td><\/tr><tr><td> <\/td><td> <\/td><td> <\/td><\/tr><tr><td> <\/td><td> <\/td><td> <\/td><\/tr><tr><td> <\/td><td> <\/td><td> <\/td><\/tr><\/tbody><\/table><p style=\"font-weight: 400;\"><strong>TECNOLOG\u00cdA ASISTENCIAL\/DISPOSITIVOS M\u00c9DICOS Y DE MOVILIDAD<\/strong><\/p><table><tbody><tr><td>Dispositivo<\/td><td>Uso (es decir, horas al d\u00eda utilizadas, litros de ox\u00edgeno utilizados, etc.)<\/td><td>Ubicaci\u00f3n<\/td><\/tr><tr><td> <\/td><td> <\/td><td> <\/td><\/tr><tr><td> <\/td><td> <\/td><td> <\/td><\/tr><tr><td> <\/td><td> <\/td><td> <\/td><\/tr><tr><td> <\/td><td> <\/td><td> <\/td><\/tr><tr><td> <\/td><td> <\/td><td> <\/td><\/tr><tr><td> <\/td><td> <\/td><td> <\/td><\/tr><\/tbody><\/table><p style=\"font-weight: 400;\"><strong>RECURSOS COMUNITARIOS DE EMERGENCIA<\/strong><\/p><table><tbody><tr><td>Nombre (es decir, Polic\u00eda, Bomberos, etc.)<\/td><td>Servicio (es decir, primer interviniente, proveedor de dispositivos m\u00e9dicos, etc.)<\/td><td>N\u00famero de tel\u00e9fono<\/td><\/tr><tr><td> <\/td><td> <\/td><td> <\/td><\/tr><tr><td> <\/td><td> <\/td><td> <\/td><\/tr><tr><td> <\/td><td> <\/td><td> <\/td><\/tr><tr><td> <\/td><td> <\/td><td> <\/td><\/tr><tr><td> <\/td><td> <\/td><td> <\/td><\/tr><tr><td> <\/td><td> <\/td><td> <\/td><\/tr><tr><td> <\/td><td> <\/td><td> <\/td><\/tr><tr><td> <\/td><td> <\/td><td> <\/td><\/tr><\/tbody><\/table><pre><code\/><\/pre><p style=\"font-weight: 400;\"><strong>PLAN DE EMERGENCIA<\/strong><\/p><pre><code\/><\/pre><ol><li style=\"font-weight: 400;\">Emergencias con m\u00e1s probabilidades de afectar a mi hogar:<\/li><li style=\"font-weight: 400;\">Ubicaci\u00f3n del kit de emergencia:<br><br><\/li><li style=\"font-weight: 400;\">V\u00edas de escape o plan de evacuaci\u00f3n:<br><br><\/li><li style=\"font-weight: 400;\">Apoyos necesarios para la evacuaci\u00f3n (enumera dispositivos, personas, nombres de departamentos del condado, etc.):<br><br><\/li><li style=\"font-weight: 400;\">Planificar mis necesidades de tecnolog\u00eda asistencial\/equipos m\u00e9dicos\/otros accesos durante una emergencia:<br><br><\/li><li style=\"font-weight: 400;\">Zonas de reuni\u00f3n y refugio de reserva en caso de evacuaci\u00f3n:<\/li><\/ol><p> <\/p><p style=\"font-weight: 400;\"><strong>LISTA DE COMPROBACI\u00d3N DEL<\/strong> EQUIPO DE EMERGENCIA (utiliza los espacios adicionales de abajo para a\u00f1adir otros art\u00edculos que necesites en tu Equipo de Emergencia)<\/p><table><tbody><tr><td>Equipos de protecci\u00f3n individual<\/td><td> <\/td><\/tr><tr><td>Botiqu\u00edn de primeros auxilios<\/td><td> <\/td><\/tr><tr><td>Plan de emergencia y contactos de emergencia<\/td><td> <\/td><\/tr><tr><td>Pasaporte m\u00e9dico<\/td><td> <\/td><\/tr><tr><td>Medicaci\u00f3n<\/td><td> <\/td><\/tr><tr><td>Linterna<\/td><td> <\/td><\/tr><tr><td>Botella de agua<\/td><td> <\/td><\/tr><tr><td>Bater\u00eda\/cargador de reserva para tel\u00e9fono m\u00f3vil<\/td><td> <\/td><\/tr><tr><td> <\/td><td> <\/td><\/tr><tr><td> <\/td><td> <\/td><\/tr><tr><td> <\/td><td> <\/td><\/tr><tr><td> <\/td><td> <\/td><\/tr><tr><td> <\/td><td> <\/td><\/tr><tr><td> <\/td><td> <\/td><\/tr><tr><td> <\/td><td> <\/td><\/tr><tr><td> <\/td><td> <\/td><\/tr><tr><td> <\/td><td> <\/td><\/tr><tr><td> <\/td><td> <\/td><\/tr><tr><td> <\/td><td> <\/td><\/tr><tr><td> <\/td><td> <\/td><\/tr><\/tbody><\/table><p style=\"font-weight: 400;\"><strong>OTRA INFORMACI\u00d3N NO INCLUIDA ANTERIORMENTE<\/strong><\/p><p> <\/p><p> <\/p><p><\/p><div style=\"background-color: #ffffff;\"><p style=\"color: #ffffff;\">gd2md-html: xyzzy mi\u00e9 17 jul 2024<\/p><\/div>\t\t\t\t\t\t\t\t<\/div>\n\t\t\t\t<\/div>\n\t\t\t\t\t<\/div>\n\t\t\t\t<\/div>\n\t\t\t\t<\/div>\n\t\t","protected":false},"excerpt":{"rendered":"<p>\u00bfCu\u00e1l es tu plan? \u00bfCu\u00e1l es tu plan de emergencia? Copia e imprime este plan HAZ UN PLAN DE EMERGENCIA FAMILIAR Re\u00fanete con los miembros de la familia: expl\u00edcales los peligros y trabaja con ellos en equipo para preparar a tu familia para hacer frente a las emergencias. Discute qu\u00e9 hacer en caso de cortes [&hellip;]<\/p>\n","protected":false},"author":1,"featured_media":0,"parent":0,"menu_order":0,"comment_status":"closed","ping_status":"closed","template":"","meta":{"_mc_calendar":[],"footnotes":""},"class_list":["post-5301","page","type-page","status-publish","hentry"],"_links":{"self":[{"href":"https:\/\/emergency.sncil.org\/es\/wp-json\/wp\/v2\/pages\/5301","targetHints":{"allow":["GET"]}}],"collection":[{"href":"https:\/\/emergency.sncil.org\/es\/wp-json\/wp\/v2\/pages"}],"about":[{"href":"https:\/\/emergency.sncil.org\/es\/wp-json\/wp\/v2\/types\/page"}],"author":[{"embeddable":true,"href":"https:\/\/emergency.sncil.org\/es\/wp-json\/wp\/v2\/users\/1"}],"replies":[{"embeddable":true,"href":"https:\/\/emergency.sncil.org\/es\/wp-json\/wp\/v2\/comments?post=5301"}],"version-history":[{"count":20,"href":"https:\/\/emergency.sncil.org\/es\/wp-json\/wp\/v2\/pages\/5301\/revisions"}],"predecessor-version":[{"id":5810,"href":"https:\/\/emergency.sncil.org\/es\/wp-json\/wp\/v2\/pages\/5301\/revisions\/5810"}],"wp:attachment":[{"href":"https:\/\/emergency.sncil.org\/es\/wp-json\/wp\/v2\/media?parent=5301"}],"curies":[{"name":"wp","href":"https:\/\/api.w.org\/{rel}","templated":true}]}}