{"id":5298,"date":"2024-07-14T15:59:04","date_gmt":"2024-07-14T15:59:04","guid":{"rendered":"https:\/\/emergency.sncil.org\/quien-es-tu-gente\/"},"modified":"2025-08-05T22:15:10","modified_gmt":"2025-08-05T22:15:10","slug":"quien-es-tu-gente","status":"publish","type":"page","link":"https:\/\/emergency.sncil.org\/es\/quien-es-tu-gente\/","title":{"rendered":"\u00bfQui\u00e9n es tu gente?"},"content":{"rendered":"\t\t<div data-elementor-type=\"wp-page\" data-elementor-id=\"5298\" class=\"elementor elementor-5298 elementor-2255\" data-elementor-post-type=\"page\">\n\t\t\t\t<div class=\"elementor-element elementor-element-cbce0a6 e-flex e-con-boxed e-con e-parent\" data-id=\"cbce0a6\" data-element_type=\"container\" data-e-type=\"container\" data-settings=\"{&quot;background_background&quot;:&quot;classic&quot;}\">\n\t\t\t\t\t<div class=\"e-con-inner\">\n\t\t<div class=\"elementor-element elementor-element-f56acbc e-con-full e-flex e-con e-child\" data-id=\"f56acbc\" data-element_type=\"container\" data-e-type=\"container\" data-settings=\"{&quot;background_background&quot;:&quot;classic&quot;}\">\n\t\t\t\t<div class=\"elementor-element elementor-element-4ba2cce elementor-widget elementor-widget-image\" data-id=\"4ba2cce\" data-element_type=\"widget\" data-e-type=\"widget\" data-widget_type=\"image.default\">\n\t\t\t\t<div class=\"elementor-widget-container\">\n\t\t\t\t\t\t\t\t\t\t\t\t\t\t\t<img fetchpriority=\"high\" decoding=\"async\" width=\"277\" height=\"242\" src=\"https:\/\/emergency.sncil.org\/wp-content\/uploads\/2024\/10\/Stay-Informed-Icon.png\" class=\"attachment-medium size-medium wp-image-5416\" alt=\"Stay informed Icon\" \/>\t\t\t\t\t\t\t\t\t\t\t\t\t\t\t<\/div>\n\t\t\t\t<\/div>\n\t\t\t\t<div class=\"elementor-element elementor-element-d5ce96d elementor-widget elementor-widget-heading\" data-id=\"d5ce96d\" data-element_type=\"widget\" data-e-type=\"widget\" data-widget_type=\"heading.default\">\n\t\t\t\t<div class=\"elementor-widget-container\">\n\t\t\t\t\t<h2 class=\"elementor-heading-title elementor-size-default\">\u00bfQui\u00e9nes son tus<\/br>Personas?<\/h2>\t\t\t\t<\/div>\n\t\t\t\t<\/div>\n\t\t\t\t<\/div>\n\t\t\t\t\t<\/div>\n\t\t\t\t<\/div>\n\t\t<div class=\"elementor-element elementor-element-2979330 e-flex e-con-boxed e-con e-parent\" data-id=\"2979330\" data-element_type=\"container\" data-e-type=\"container\">\n\t\t\t\t\t<div class=\"e-con-inner\">\n\t\t\t\t<div class=\"elementor-element elementor-element-fe9fc55 elementor-widget elementor-widget-spacer\" data-id=\"fe9fc55\" data-element_type=\"widget\" data-e-type=\"widget\" data-widget_type=\"spacer.default\">\n\t\t\t\t<div class=\"elementor-widget-container\">\n\t\t\t\t\t\t\t<div class=\"elementor-spacer\">\n\t\t\t<div class=\"elementor-spacer-inner\"><\/div>\n\t\t<\/div>\n\t\t\t\t\t\t<\/div>\n\t\t\t\t<\/div>\n\t\t\t\t<div class=\"elementor-element elementor-element-43a2959 elementor-widget elementor-widget-video\" data-id=\"43a2959\" data-element_type=\"widget\" data-e-type=\"widget\" data-settings=\"{&quot;youtube_url&quot;:&quot;https:\\\/\\\/youtu.be\\\/a9z0Scrb1h8&quot;,&quot;video_type&quot;:&quot;youtube&quot;,&quot;controls&quot;:&quot;yes&quot;}\" data-widget_type=\"video.default\">\n\t\t\t\t<div class=\"elementor-widget-container\">\n\t\t\t\t\t\t\t<div class=\"elementor-wrapper elementor-open-inline\">\n\t\t\t<div class=\"elementor-video\"><\/div>\t\t<\/div>\n\t\t\t\t\t\t<\/div>\n\t\t\t\t<\/div>\n\t\t\t\t\t<\/div>\n\t\t\t\t<\/div>\n\t\t<div class=\"elementor-element elementor-element-433be79 e-flex e-con-boxed e-con e-parent\" data-id=\"433be79\" data-element_type=\"container\" data-e-type=\"container\">\n\t\t\t\t\t<div class=\"e-con-inner\">\n\t\t\t\t<div class=\"elementor-element elementor-element-e9b5bf0 elementor-widget elementor-widget-text-editor\" data-id=\"e9b5bf0\" data-element_type=\"widget\" data-e-type=\"widget\" data-widget_type=\"text-editor.default\">\n\t\t\t\t<div class=\"elementor-widget-container\">\n\t\t\t\t\t\t\t\t\t<h1>\u00bfQui\u00e9n es tu gente?<\/h1>\t\t\t\t\t\t\t\t<\/div>\n\t\t\t\t<\/div>\n\t\t\t\t<div class=\"elementor-element elementor-element-89e9bf8 elementor-widget elementor-widget-button\" data-id=\"89e9bf8\" data-element_type=\"widget\" data-e-type=\"widget\" data-widget_type=\"button.default\">\n\t\t\t\t<div class=\"elementor-widget-container\">\n\t\t\t\t\t\t\t\t\t<div class=\"elementor-button-wrapper\">\n\t\t\t\t\t<a class=\"elementor-button elementor-button-link elementor-size-sm\" href=\"https:\/\/docs.google.com\/document\/d\/1sPr5HdGEys8jX4_Rsgua3cFU7YStykjx-mG4b8fWKNo\/edit\">\n\t\t\t\t\t\t<span class=\"elementor-button-content-wrapper\">\n\t\t\t\t\t\t\t\t\t<span class=\"elementor-button-text\">Copia y descarga este Plan<\/span>\n\t\t\t\t\t<\/span>\n\t\t\t\t\t<\/a>\n\t\t\t\t<\/div>\n\t\t\t\t\t\t\t\t<\/div>\n\t\t\t\t<\/div>\n\t\t\t\t<div class=\"elementor-element elementor-element-234a7680 elementor-widget elementor-widget-text-editor\" data-id=\"234a7680\" data-element_type=\"widget\" data-e-type=\"widget\" data-widget_type=\"text-editor.default\">\n\t\t\t\t<div class=\"elementor-widget-container\">\n\t\t\t\t\t\t\t\t\t<p>Aunque es importante saber cuidarse y tener un plan para hacerlo, eso no significa que tengas que hacerlo solo. Somos muy pocos los que somos capaces de capear una situaci\u00f3n de emergencia sin algo de ayuda. <\/p><p>Por eso recomendamos crear una red de apoyo de personas en las que sabes que puedes confiar y que pueden confiar en ti.<\/p><h2 id=\"how-to-build-your-support-network\">C\u00f3mo construir tu red de apoyo<\/h2><p>No dependas de una sola persona, ya que puede estar fuera de la ciudad o no estar disponible cuando la necesites.<\/p><h3> <\/h3><h3 id=\"identify-trusted-individuals\">Identifica a las personas de confianza<\/h3><ul><li>Empieza por identificar a familiares, amigos, vecinos y cuidadores fiables y dispuestos a ayudar en caso de emergencia.<\/li><li>Rellena el siguiente formulario con sus nombres e informaci\u00f3n de contacto.<\/li><li>Aseg\u00farate de comunicarles que tambi\u00e9n est\u00e1s ah\u00ed para apoyarles.<\/li><\/ul><h3> <\/h3><h3 id=\"share-emergency-plans\">Compartir planes de emergencia<\/h3><ul><li>Comunica tus planes de emergencia a tu red de apoyo.<\/li><li>Aseg\u00farate de que saben d\u00f3nde ir\u00e1s, c\u00f3mo ponerse en contacto contigo y qu\u00e9 tipo de ayuda podr\u00edas necesitar, y luego aprende de ellos la misma informaci\u00f3n.<\/li><li>Actual\u00edzales regularmente sobre cualquier cambio en tu plan.<\/li><li>Entrega copias de las llaves importantes a personas de confianza y ens\u00e9\u00f1ales d\u00f3nde guardas tus suministros de emergencia.<\/li><\/ul><h3> <\/h3><h3 id=\"stay-connected\">Mantente conectado<\/h3><ul><li>Mant\u00e9n un contacto regular con tu red de apoyo.<\/li><li>Las comprobaciones peri\u00f3dicas, ya sea en persona, por tel\u00e9fono o mediante comunicaci\u00f3n digital, ayudan a mantener fuerte tu red y garantizan que todos est\u00e9n preparados para actuar con rapidez en caso de emergencia.<\/li><li>En una emergencia real, es posible que los tel\u00e9fonos e Internet no funcionen, as\u00ed que planifica un plan de emergencia.<\/li><\/ul><h3> <\/h3><h3 id=\"participate-in-community-programs\">Participa en programas comunitarios<\/h3><ul><li>Participa en programas comunitarios locales y en iniciativas de preparaci\u00f3n ante emergencias. Estos programas suelen proporcionar valiosos recursos y conexiones que pueden mejorar tu red de apoyo. <\/li><\/ul><p> <\/p><p>Recuerda que una red s\u00f3lida no s\u00f3lo te ayuda a ti, sino que tambi\u00e9n te permite ayudar a otras personas de tu comunidad.<\/p><h3> <\/h3><h3 id=\"let-s-become-our-own-first-responders-together-\">Convirt\u00e1monos en nuestros propios primeros intervinientes&#8230; juntos.<\/h3><p> <\/p><p>RED DE APOYO PERSONAL:<\/p><table><tbody><tr><td>Nombre<\/td><td>Relaci\u00f3n (es decir, familia, vecino, cuidador, m\u00e9dico, etc.)<\/td><td>N\u00famero de tel\u00e9fono<\/td><td>Correo electr\u00f3nico<\/td><\/tr><tr><td> <\/td><td> <\/td><td> <\/td><td> <\/td><\/tr><tr><td> <\/td><td> <\/td><td> <\/td><td> <\/td><\/tr><tr><td> <\/td><td> <\/td><td> <\/td><td> <\/td><\/tr><tr><td> <\/td><td> <\/td><td> <\/td><td> <\/td><\/tr><tr><td> <\/td><td> <\/td><td> <\/td><td> <\/td><\/tr><tr><td> <\/td><td> <\/td><td> <\/td><td> <\/td><\/tr><tr><td> <\/td><td> <\/td><td> <\/td><td> <\/td><\/tr><tr><td> <\/td><td> <\/td><td> <\/td><td> <\/td><\/tr><\/tbody><\/table>\t\t\t\t\t\t\t\t<\/div>\n\t\t\t\t<\/div>\n\t\t\t\t\t<\/div>\n\t\t\t\t<\/div>\n\t\t\t\t<\/div>\n\t\t","protected":false},"excerpt":{"rendered":"<p>\u00bfQui\u00e9nes son tusPersonas? https:\/\/youtu.be\/a9z0Scrb1h8 \u00bfQui\u00e9n es tu gente? Copia y descarga este Plan Aunque es importante saber cuidarse y tener un plan para hacerlo, eso no significa que tengas que hacerlo solo. Somos muy pocos los que somos capaces de capear una situaci\u00f3n de emergencia sin algo de ayuda. Por eso recomendamos crear una red [&hellip;]<\/p>\n","protected":false},"author":1,"featured_media":0,"parent":0,"menu_order":0,"comment_status":"closed","ping_status":"closed","template":"","meta":{"_mc_calendar":[],"footnotes":""},"class_list":["post-5298","page","type-page","status-publish","hentry"],"_links":{"self":[{"href":"https:\/\/emergency.sncil.org\/es\/wp-json\/wp\/v2\/pages\/5298","targetHints":{"allow":["GET"]}}],"collection":[{"href":"https:\/\/emergency.sncil.org\/es\/wp-json\/wp\/v2\/pages"}],"about":[{"href":"https:\/\/emergency.sncil.org\/es\/wp-json\/wp\/v2\/types\/page"}],"author":[{"embeddable":true,"href":"https:\/\/emergency.sncil.org\/es\/wp-json\/wp\/v2\/users\/1"}],"replies":[{"embeddable":true,"href":"https:\/\/emergency.sncil.org\/es\/wp-json\/wp\/v2\/comments?post=5298"}],"version-history":[{"count":11,"href":"https:\/\/emergency.sncil.org\/es\/wp-json\/wp\/v2\/pages\/5298\/revisions"}],"predecessor-version":[{"id":5808,"href":"https:\/\/emergency.sncil.org\/es\/wp-json\/wp\/v2\/pages\/5298\/revisions\/5808"}],"wp:attachment":[{"href":"https:\/\/emergency.sncil.org\/es\/wp-json\/wp\/v2\/media?parent=5298"}],"curies":[{"name":"wp","href":"https:\/\/api.w.org\/{rel}","templated":true}]}}