{"id":5295,"date":"2024-07-14T18:57:11","date_gmt":"2024-07-14T18:57:11","guid":{"rendered":"https:\/\/emergency.sncil.org\/prepararse-para-un-apagon\/"},"modified":"2025-08-05T22:14:30","modified_gmt":"2025-08-05T22:14:30","slug":"prepararse-para-un-apagon","status":"publish","type":"page","link":"https:\/\/emergency.sncil.org\/es\/prepararse-para-un-apagon\/","title":{"rendered":"Prepararse para un apag\u00f3n"},"content":{"rendered":"\t\t<div data-elementor-type=\"wp-page\" data-elementor-id=\"5295\" class=\"elementor elementor-5295 elementor-2272\" data-elementor-post-type=\"page\">\n\t\t\t\t<div class=\"elementor-element elementor-element-302559b e-flex e-con-boxed e-con e-parent\" data-id=\"302559b\" data-element_type=\"container\" data-e-type=\"container\">\n\t\t\t\t\t<div class=\"e-con-inner\">\n\t\t<div class=\"elementor-element elementor-element-2b5ef8c e-con-full e-flex e-con e-child\" data-id=\"2b5ef8c\" data-element_type=\"container\" data-e-type=\"container\" data-settings=\"{&quot;background_background&quot;:&quot;classic&quot;}\">\n\t\t<div class=\"elementor-element elementor-element-be3f534 e-con-full e-flex e-con e-child\" data-id=\"be3f534\" data-element_type=\"container\" data-e-type=\"container\" data-settings=\"{&quot;background_background&quot;:&quot;classic&quot;}\">\n\t\t\t\t<div class=\"elementor-element elementor-element-e1aeb4e elementor-widget elementor-widget-image\" data-id=\"e1aeb4e\" data-element_type=\"widget\" data-e-type=\"widget\" data-widget_type=\"image.default\">\n\t\t\t\t<div class=\"elementor-widget-container\">\n\t\t\t\t\t\t\t\t\t\t\t\t\t\t\t<img fetchpriority=\"high\" decoding=\"async\" width=\"226\" height=\"226\" src=\"https:\/\/emergency.sncil.org\/wp-content\/uploads\/2024\/10\/Power-Outage-Icon.png\" class=\"attachment-medium size-medium wp-image-5467\" alt=\"Power Outage Icon\" srcset=\"https:\/\/emergency.sncil.org\/wp-content\/uploads\/2024\/10\/Power-Outage-Icon.png 226w, https:\/\/emergency.sncil.org\/wp-content\/uploads\/2024\/10\/Power-Outage-Icon-150x150.png 150w\" sizes=\"(max-width: 226px) 100vw, 226px\" \/>\t\t\t\t\t\t\t\t\t\t\t\t\t\t\t<\/div>\n\t\t\t\t<\/div>\n\t\t\t\t<div class=\"elementor-element elementor-element-7419a05 elementor-widget elementor-widget-heading\" data-id=\"7419a05\" data-element_type=\"widget\" data-e-type=\"widget\" data-widget_type=\"heading.default\">\n\t\t\t\t<div class=\"elementor-widget-container\">\n\t\t\t\t\t<h2 class=\"elementor-heading-title elementor-size-default\">Corte de energ\u00eda<\/br><\/h2>\t\t\t\t<\/div>\n\t\t\t\t<\/div>\n\t\t\t\t<\/div>\n\t\t\t\t<\/div>\n\t\t\t\t\t<\/div>\n\t\t\t\t<\/div>\n\t\t<div class=\"elementor-element elementor-element-eb6994d e-flex e-con-boxed e-con e-parent\" data-id=\"eb6994d\" data-element_type=\"container\" data-e-type=\"container\">\n\t\t\t\t\t<div class=\"e-con-inner\">\n\t\t\t\t<div class=\"elementor-element elementor-element-46d7848 elementor-widget elementor-widget-spacer\" data-id=\"46d7848\" data-element_type=\"widget\" data-e-type=\"widget\" data-widget_type=\"spacer.default\">\n\t\t\t\t<div class=\"elementor-widget-container\">\n\t\t\t\t\t\t\t<div class=\"elementor-spacer\">\n\t\t\t<div class=\"elementor-spacer-inner\"><\/div>\n\t\t<\/div>\n\t\t\t\t\t\t<\/div>\n\t\t\t\t<\/div>\n\t\t\t\t<div class=\"elementor-element elementor-element-dc23edf elementor-widget elementor-widget-video\" data-id=\"dc23edf\" data-element_type=\"widget\" data-e-type=\"widget\" data-settings=\"{&quot;youtube_url&quot;:&quot;https:\\\/\\\/youtu.be\\\/wQYPzba3RPM&quot;,&quot;yt_privacy&quot;:&quot;yes&quot;,&quot;video_type&quot;:&quot;youtube&quot;,&quot;controls&quot;:&quot;yes&quot;}\" data-widget_type=\"video.default\">\n\t\t\t\t<div class=\"elementor-widget-container\">\n\t\t\t\t\t\t\t<div class=\"elementor-wrapper elementor-open-inline\">\n\t\t\t<div class=\"elementor-video\"><\/div>\t\t<\/div>\n\t\t\t\t\t\t<\/div>\n\t\t\t\t<\/div>\n\t\t\t\t<div class=\"elementor-element elementor-element-534b6c2 elementor-widget elementor-widget-spacer\" data-id=\"534b6c2\" data-element_type=\"widget\" data-e-type=\"widget\" data-widget_type=\"spacer.default\">\n\t\t\t\t<div class=\"elementor-widget-container\">\n\t\t\t\t\t\t\t<div class=\"elementor-spacer\">\n\t\t\t<div class=\"elementor-spacer-inner\"><\/div>\n\t\t<\/div>\n\t\t\t\t\t\t<\/div>\n\t\t\t\t<\/div>\n\t\t\t\t<div class=\"elementor-element elementor-element-2b8b527 elementor-widget elementor-widget-text-editor\" data-id=\"2b8b527\" data-element_type=\"widget\" data-e-type=\"widget\" data-widget_type=\"text-editor.default\">\n\t\t\t\t<div class=\"elementor-widget-container\">\n\t\t\t\t\t\t\t\t\t<p>Los cortes de electricidad pueden deberse a diversos factores, como condiciones meteorol\u00f3gicas adversas, fallos de los equipos o sobrecarga de la red. Pueden producirse de forma inesperada, alterando las rutinas diarias y planteando retos \u00fanicos a las personas mayores y discapacitadas. <\/p><p>Dependiendo de la duraci\u00f3n y la gravedad, los cortes pueden afectar al acceso a servicios esenciales como la iluminaci\u00f3n, la calefacci\u00f3n, la refrigeraci\u00f3n y los dispositivos m\u00e9dicos. Es importante evaluar tu vulnerabilidad y prepararte en consecuencia. <\/p><p>Con una planificaci\u00f3n y preparaci\u00f3n cuidadosas, puedes minimizar las molestias y garantizar tu seguridad y comodidad durante estas interrupciones. Sigue leyendo para conocer algunos consejos y estrategias esenciales. <\/p><h2 id=\"create-an-emergency-kit\"><span style=\"color: #00623a;\">Crea una Bolsa Go<\/span><\/h2><p><a href=\"https:\/\/emergency.sncil.org\/where-is-your-bag\/\"><span style=\"text-decoration: underline;\">Prepara una bolsa de viaje<\/span><\/a> que contenga suministros esenciales para mantenerte durante un apag\u00f3n.<\/p><p>Incluye elementos como<\/p><ul><li>Alimentos no perecederos para varios d\u00edas<\/li><li>Al menos un gal\u00f3n de agua potable por persona y d\u00eda<\/li><li>Linternas, faroles y pilas de repuesto<\/li><li>Mantas y ropa de abrigo<\/li><li>Medicamentos y material m\u00e9dico<\/li><li>Radio a pilas o manual<\/li><li>Cargadores port\u00e1tiles para aparatos electr\u00f3nicos como tel\u00e9fonos m\u00f3viles y ordenadores<\/li><\/ul><p> <\/p><p>Personaliza tu kit en funci\u00f3n de tus necesidades espec\u00edficas, y ten en cuenta cualquier elemento adicional necesario para la movilidad, la comunicaci\u00f3n o la atenci\u00f3n m\u00e9dica.<\/p><h2> <\/h2><h2 id=\"develop-a-communication-plan\"><span style=\"color: #00623a;\">Desarrollar un plan de comunicaci\u00f3n<\/span><\/h2><p>Establece un plan de comunicaci\u00f3n con <span style=\"text-decoration: underline;\">tu red<\/span> para mantenerte conectado durante los cortes de electricidad. Comparte informaci\u00f3n de contacto importante, designa un lugar de reuni\u00f3n y discute los procedimientos de emergencia. Considera m\u00e9todos de comunicaci\u00f3n alternativos, como mensajes de texto o radios bidireccionales, sobre todo si no funcionan las l\u00edneas telef\u00f3nicas.  <\/p><h2> <\/h2><h2 id=\"plan-for-medical-needs\"><span style=\"color: #00623a;\">Planificar las necesidades m\u00e9dicas<\/span><\/h2><p>Si dependes de dispositivos m\u00e9dicos alimentados por electricidad, desarrolla un plan de reserva para garantizar la continuidad de la asistencia durante los cortes de electricidad:<\/p><ul><li>Notifica a tu proveedor de asistencia sanitaria o a tu empresa de suministros m\u00e9dicos que dependes de aparatos el\u00e9ctricos. Tambi\u00e9n puedes pedir a tu proveedor de electricidad que te incluya en una lista para el restablecimiento prioritario del suministro el\u00e9ctrico. <\/li><li>Mant\u00e9n un suministro de bater\u00edas de reserva o fuentes de energ\u00eda alternativas para los equipos m\u00e9dicos.<\/li><li>Identifica las instalaciones cercanas equipadas con generadores de reserva, como hospitales o centros comunitarios, para recibir ayuda temporal en caso necesario.<\/li><\/ul><h2> <\/h2><h2 id=\"safeguard-your-home\"><span style=\"color: #00623a;\">Protege tu casa<\/span><\/h2><p>Toma medidas proactivas para salvaguardar tu casa y minimizar el impacto de los cortes de electricidad:<\/p><ul><li>Instala protectores contra sobretensiones para salvaguardar los aparatos electr\u00f3nicos y electrodom\u00e9sticos.<\/li><li>Invierte en una fuente de energ\u00eda de reserva, como un generador o un sistema de alimentaci\u00f3n ininterrumpida para los equipos cr\u00edticos.<\/li><li>Mant\u00e9n la informaci\u00f3n de contacto de emergencia y los historiales m\u00e9dicos f\u00e1cilmente accesibles.<\/li><li>Instala detectores de humo y mon\u00f3xido de carbono que funcionen con pilas para mayor seguridad.<\/li><\/ul><h2> <\/h2><h2 id=\"stay-informed\"><span style=\"color: #00623a;\">Mantente informado<\/span><\/h2><p>Mantente informado sobre posibles cortes de electricidad siguiendo las previsiones meteorol\u00f3gicas, las noticias locales y las alertas oficiales de los organismos de gesti\u00f3n de emergencias.\nInscr\u00edbete en los sistemas de notificaci\u00f3n de la comunidad y permanece atento a las condiciones cambiantes. <\/p><h2> <\/h2><h2 id=\"resources\"><span style=\"color: #00623a;\">Recursos<\/span><\/h2><ul><li style=\"list-style-type: none;\"><ul><li><a href=\"https:\/\/www.ready.gov\/power-outages\">Aprende a protegerte durante un apag\u00f3n.<\/a><\/li><li><a href=\"https:\/\/www.nvenergy.com\/outages-and-emergencies\/outage-preparation-tips\">Consulta los consejos sobre cortes de electricidad de Nevada Energy.<\/a><\/li><\/ul><\/li><\/ul>\t\t\t\t\t\t\t\t<\/div>\n\t\t\t\t<\/div>\n\t\t\t\t\t<\/div>\n\t\t\t\t<\/div>\n\t\t\t\t<\/div>\n\t\t","protected":false},"excerpt":{"rendered":"<p>Corte de energ\u00eda Los cortes de electricidad pueden deberse a diversos factores, como condiciones meteorol\u00f3gicas adversas, fallos de los equipos o sobrecarga de la red. Pueden producirse de forma inesperada, alterando las rutinas diarias y planteando retos \u00fanicos a las personas mayores y discapacitadas. Dependiendo de la duraci\u00f3n y la gravedad, los cortes pueden afectar [&hellip;]<\/p>\n","protected":false},"author":1,"featured_media":0,"parent":0,"menu_order":0,"comment_status":"closed","ping_status":"closed","template":"","meta":{"_mc_calendar":[],"footnotes":""},"class_list":["post-5295","page","type-page","status-publish","hentry"],"_links":{"self":[{"href":"https:\/\/emergency.sncil.org\/es\/wp-json\/wp\/v2\/pages\/5295","targetHints":{"allow":["GET"]}}],"collection":[{"href":"https:\/\/emergency.sncil.org\/es\/wp-json\/wp\/v2\/pages"}],"about":[{"href":"https:\/\/emergency.sncil.org\/es\/wp-json\/wp\/v2\/types\/page"}],"author":[{"embeddable":true,"href":"https:\/\/emergency.sncil.org\/es\/wp-json\/wp\/v2\/users\/1"}],"replies":[{"embeddable":true,"href":"https:\/\/emergency.sncil.org\/es\/wp-json\/wp\/v2\/comments?post=5295"}],"version-history":[{"count":7,"href":"https:\/\/emergency.sncil.org\/es\/wp-json\/wp\/v2\/pages\/5295\/revisions"}],"predecessor-version":[{"id":5798,"href":"https:\/\/emergency.sncil.org\/es\/wp-json\/wp\/v2\/pages\/5295\/revisions\/5798"}],"wp:attachment":[{"href":"https:\/\/emergency.sncil.org\/es\/wp-json\/wp\/v2\/media?parent=5295"}],"curies":[{"name":"wp","href":"https:\/\/api.w.org\/{rel}","templated":true}]}}