{"id":5292,"date":"2024-07-14T19:02:54","date_gmt":"2024-07-14T19:02:54","guid":{"rendered":"https:\/\/emergency.sncil.org\/refugiarse-en-el-lugar\/"},"modified":"2025-08-05T22:14:30","modified_gmt":"2025-08-05T22:14:30","slug":"refugiarse-en-el-lugar","status":"publish","type":"page","link":"https:\/\/emergency.sncil.org\/es\/refugiarse-en-el-lugar\/","title":{"rendered":"Refugiarse en el lugar"},"content":{"rendered":"\t\t<div data-elementor-type=\"wp-page\" data-elementor-id=\"5292\" class=\"elementor elementor-5292 elementor-2285\" data-elementor-post-type=\"page\">\n\t\t\t\t<div class=\"elementor-element elementor-element-609eb24 e-flex e-con-boxed e-con e-parent\" data-id=\"609eb24\" data-element_type=\"container\" data-e-type=\"container\">\n\t\t\t\t\t<div class=\"e-con-inner\">\n\t\t<div class=\"elementor-element elementor-element-4fd3d62 e-con-full e-flex e-con e-child\" data-id=\"4fd3d62\" data-element_type=\"container\" data-e-type=\"container\" data-settings=\"{&quot;background_background&quot;:&quot;classic&quot;}\">\n\t\t<div class=\"elementor-element elementor-element-e0cf219 e-con-full e-flex e-con e-child\" data-id=\"e0cf219\" data-element_type=\"container\" data-e-type=\"container\" data-settings=\"{&quot;background_background&quot;:&quot;classic&quot;}\">\n\t\t\t\t<div class=\"elementor-element elementor-element-b3f0823 elementor-widget elementor-widget-image\" data-id=\"b3f0823\" data-element_type=\"widget\" data-e-type=\"widget\" data-widget_type=\"image.default\">\n\t\t\t\t<div class=\"elementor-widget-container\">\n\t\t\t\t\t\t\t\t\t\t\t\t\t\t\t<img fetchpriority=\"high\" decoding=\"async\" width=\"280\" height=\"227\" src=\"https:\/\/emergency.sncil.org\/wp-content\/uploads\/2024\/10\/Shelter-in-Place-Icon.png\" class=\"attachment-medium size-medium wp-image-5476\" alt=\"Shelter in Place Icon\" \/>\t\t\t\t\t\t\t\t\t\t\t\t\t\t\t<\/div>\n\t\t\t\t<\/div>\n\t\t\t\t<div class=\"elementor-element elementor-element-f8dfaf5 elementor-widget elementor-widget-heading\" data-id=\"f8dfaf5\" data-element_type=\"widget\" data-e-type=\"widget\" data-widget_type=\"heading.default\">\n\t\t\t\t<div class=\"elementor-widget-container\">\n\t\t\t\t\t<h2 class=\"elementor-heading-title elementor-size-default\">Refugio<\/br>En el lugar<\/h2>\t\t\t\t<\/div>\n\t\t\t\t<\/div>\n\t\t\t\t<\/div>\n\t\t\t\t<\/div>\n\t\t\t\t\t<\/div>\n\t\t\t\t<\/div>\n\t\t<div class=\"elementor-element elementor-element-36ab8d5e e-flex e-con-boxed e-con e-parent\" data-id=\"36ab8d5e\" data-element_type=\"container\" data-e-type=\"container\">\n\t\t\t\t\t<div class=\"e-con-inner\">\n\t\t\t\t<div class=\"elementor-element elementor-element-6b8975f elementor-widget elementor-widget-spacer\" data-id=\"6b8975f\" data-element_type=\"widget\" data-e-type=\"widget\" data-widget_type=\"spacer.default\">\n\t\t\t\t<div class=\"elementor-widget-container\">\n\t\t\t\t\t\t\t<div class=\"elementor-spacer\">\n\t\t\t<div class=\"elementor-spacer-inner\"><\/div>\n\t\t<\/div>\n\t\t\t\t\t\t<\/div>\n\t\t\t\t<\/div>\n\t\t\t\t<div class=\"elementor-element elementor-element-958a4f3 elementor-widget elementor-widget-video\" data-id=\"958a4f3\" data-element_type=\"widget\" data-e-type=\"widget\" data-settings=\"{&quot;youtube_url&quot;:&quot;https:\\\/\\\/youtu.be\\\/riZ9gbB3DSQ&quot;,&quot;yt_privacy&quot;:&quot;yes&quot;,&quot;video_type&quot;:&quot;youtube&quot;,&quot;controls&quot;:&quot;yes&quot;}\" data-widget_type=\"video.default\">\n\t\t\t\t<div class=\"elementor-widget-container\">\n\t\t\t\t\t\t\t<div class=\"elementor-wrapper elementor-open-inline\">\n\t\t\t<div class=\"elementor-video\"><\/div>\t\t<\/div>\n\t\t\t\t\t\t<\/div>\n\t\t\t\t<\/div>\n\t\t\t\t\t<\/div>\n\t\t\t\t<\/div>\n\t\t<div class=\"elementor-element elementor-element-40ac4802 e-flex e-con-boxed e-con e-parent\" data-id=\"40ac4802\" data-element_type=\"container\" data-e-type=\"container\">\n\t\t\t\t\t<div class=\"e-con-inner\">\n\t\t\t\t<div class=\"elementor-element elementor-element-292c559 elementor-widget elementor-widget-spacer\" data-id=\"292c559\" data-element_type=\"widget\" data-e-type=\"widget\" data-widget_type=\"spacer.default\">\n\t\t\t\t<div class=\"elementor-widget-container\">\n\t\t\t\t\t\t\t<div class=\"elementor-spacer\">\n\t\t\t<div class=\"elementor-spacer-inner\"><\/div>\n\t\t<\/div>\n\t\t\t\t\t\t<\/div>\n\t\t\t\t<\/div>\n\t\t\t\t<div class=\"elementor-element elementor-element-18a9514 elementor-widget elementor-widget-text-editor\" data-id=\"18a9514\" data-element_type=\"widget\" data-e-type=\"widget\" data-widget_type=\"text-editor.default\">\n\t\t\t\t<div class=\"elementor-widget-container\">\n\t\t\t\t\t\t\t\t\t<p>A veces, lo mejor ante una emergencia es refugiarse en casa o en una zona segura designada hasta que sea seguro salir. Esta estrategia se utiliza a menudo durante emergencias como pandemias, vertidos qu\u00edmicos, actos de violencia o fen\u00f3menos meteorol\u00f3gicos graves, cuando salir de casa podr\u00eda ponerte en peligro. <\/p><h2 id=\"how-to-prepare-\"><span style=\"color: #00623a;\">C\u00f3mo prepararte:<\/span><\/h2><ul><li><strong>Crea un Kit de Refugio en el Lugar<\/strong>: Abast\u00e9cete de suministros esenciales como alimentos no perecederos, agua, medicamentos y material de primeros auxilios. Aseg\u00farate de tener suficiente para varios d\u00edas en caso de que no puedas salir de casa. <\/li><li><strong>Prepara tu casa<\/strong>: Identifica una habitaci\u00f3n o zona segura en tu casa donde puedas refugiarte durante una emergencia. Este espacio debe estar alejado de ventanas y puertas y ser f\u00e1cilmente accesible para todos los miembros de tu hogar. <\/li><li><strong>Mantente informado<\/strong>: Ten a mano una radio a pilas o un dispositivo port\u00e1til para recibir alertas de emergencia y actualizaciones. Permanece atento a las noticias locales y a los canales oficiales para recibir instrucciones sobre cu\u00e1ndo es seguro salir de tu refugio. <\/li><li><strong>Comunica tu plan<\/strong>: Comparte tu plan de refugio en el lugar con familiares, vecinos y cuidadores. Aseg\u00farate de que todos saben qu\u00e9 hacer y ad\u00f3nde ir en caso de emergencia. <\/li><li><strong>Practica regularmente<\/strong>: Realiza simulacros y practica el refugio en el lugar con tu familia. Familiar\u00edzate con los procedimientos y aseg\u00farate de que todos saben qu\u00e9 hacer en diferentes situaciones. <\/li><\/ul><h1 id=\"during-sheltering-in-place-\"><span style=\"color: #00623a;\">Durante el refugio en el lugar:<\/span><\/h1><ul><li><strong>Permanece en el interior:<\/strong> Una vez que est\u00e9s en tu zona de refugio, qu\u00e9date quieto hasta que las autoridades den la se\u00f1al de &#8220;todo despejado&#8221;.<\/li><li><strong>Sella la zona:<\/strong> Cierra y sella ventanas, puertas y rejillas de ventilaci\u00f3n para impedir que entre aire del exterior.<\/li><li><strong>Vigila la situaci\u00f3n<\/strong>: Mantente informado sobre la situaci\u00f3n de emergencia y sigue las instrucciones de las autoridades locales.<\/li><li><strong>Mant\u00e9n la calma: <\/strong>Mantente a ti mismo y a tus seres queridos tranquilos y calmados. Utiliza distracciones como juegos, libros o m\u00fasica para pasar el tiempo. <\/li><\/ul><p> <\/p><p>Si est\u00e1s preparado, te mantienes informado y pones en pr\u00e1ctica tu plan, podr\u00e1s protegerte a ti y a tu familia en caso de cat\u00e1strofe.<\/p>\t\t\t\t\t\t\t\t<\/div>\n\t\t\t\t<\/div>\n\t\t\t\t\t<\/div>\n\t\t\t\t<\/div>\n\t\t\t\t<\/div>\n\t\t","protected":false},"excerpt":{"rendered":"<p>RefugioEn el lugar A veces, lo mejor ante una emergencia es refugiarse en casa o en una zona segura designada hasta que sea seguro salir. Esta estrategia se utiliza a menudo durante emergencias como pandemias, vertidos qu\u00edmicos, actos de violencia o fen\u00f3menos meteorol\u00f3gicos graves, cuando salir de casa podr\u00eda ponerte en peligro. C\u00f3mo prepararte: Crea [&hellip;]<\/p>\n","protected":false},"author":1,"featured_media":0,"parent":0,"menu_order":0,"comment_status":"closed","ping_status":"closed","template":"","meta":{"_mc_calendar":[],"footnotes":""},"class_list":["post-5292","page","type-page","status-publish","hentry"],"_links":{"self":[{"href":"https:\/\/emergency.sncil.org\/es\/wp-json\/wp\/v2\/pages\/5292","targetHints":{"allow":["GET"]}}],"collection":[{"href":"https:\/\/emergency.sncil.org\/es\/wp-json\/wp\/v2\/pages"}],"about":[{"href":"https:\/\/emergency.sncil.org\/es\/wp-json\/wp\/v2\/types\/page"}],"author":[{"embeddable":true,"href":"https:\/\/emergency.sncil.org\/es\/wp-json\/wp\/v2\/users\/1"}],"replies":[{"embeddable":true,"href":"https:\/\/emergency.sncil.org\/es\/wp-json\/wp\/v2\/comments?post=5292"}],"version-history":[{"count":11,"href":"https:\/\/emergency.sncil.org\/es\/wp-json\/wp\/v2\/pages\/5292\/revisions"}],"predecessor-version":[{"id":5800,"href":"https:\/\/emergency.sncil.org\/es\/wp-json\/wp\/v2\/pages\/5292\/revisions\/5800"}],"wp:attachment":[{"href":"https:\/\/emergency.sncil.org\/es\/wp-json\/wp\/v2\/media?parent=5292"}],"curies":[{"name":"wp","href":"https:\/\/api.w.org\/{rel}","templated":true}]}}