{"id":5282,"date":"2024-07-16T04:45:06","date_gmt":"2024-07-16T04:45:06","guid":{"rendered":"https:\/\/emergency.sncil.org\/informacion-de-emergencia-de-nevada-por-ciudad-condado\/informacion-de-emergencia-del-condado-de-storey\/"},"modified":"2025-08-05T22:13:51","modified_gmt":"2025-08-05T22:13:51","slug":"informacion-de-emergencia-del-condado-de-storey","status":"publish","type":"page","link":"https:\/\/emergency.sncil.org\/es\/informacion-de-emergencia-de-nevada-por-ciudad-condado\/informacion-de-emergencia-del-condado-de-storey\/","title":{"rendered":"Informaci\u00f3n de Emergencia del Condado de Storey"},"content":{"rendered":"\t\t<div data-elementor-type=\"wp-page\" data-elementor-id=\"5282\" class=\"elementor elementor-5282 elementor-2764\" data-elementor-post-type=\"page\">\n\t\t\t\t<div class=\"elementor-element elementor-element-7e1df683 e-flex e-con-boxed e-con e-parent\" data-id=\"7e1df683\" data-element_type=\"container\" data-e-type=\"container\">\n\t\t\t\t\t<div class=\"e-con-inner\">\n\t\t<div class=\"elementor-element elementor-element-741b438 e-con-full e-flex e-con e-child\" data-id=\"741b438\" data-element_type=\"container\" data-e-type=\"container\" data-settings=\"{&quot;background_background&quot;:&quot;classic&quot;}\">\n\t\t\t\t<div class=\"elementor-element elementor-element-04bab91 elementor-widget elementor-widget-heading\" data-id=\"04bab91\" data-element_type=\"widget\" data-e-type=\"widget\" data-widget_type=\"heading.default\">\n\t\t\t\t<div class=\"elementor-widget-container\">\n\t\t\t\t\t<h2 class=\"elementor-heading-title elementor-size-default\">Condado de Storey<\/h2>\t\t\t\t<\/div>\n\t\t\t\t<\/div>\n\t\t\t\t<\/div>\n\t\t\t\t\t<\/div>\n\t\t\t\t<\/div>\n\t\t<div class=\"elementor-element elementor-element-47ede182 e-flex e-con-boxed e-con e-parent\" data-id=\"47ede182\" data-element_type=\"container\" data-e-type=\"container\">\n\t\t\t\t\t<div class=\"e-con-inner\">\n\t\t\t\t<div class=\"elementor-element elementor-element-14fc5d00 elementor-widget elementor-widget-text-editor\" data-id=\"14fc5d00\" data-element_type=\"widget\" data-e-type=\"widget\" data-widget_type=\"text-editor.default\">\n\t\t\t\t<div class=\"elementor-widget-container\">\n\t\t\t\t\t\t\t\t\t<p>Las vistas panor\u00e1micas del condado de Storey y su proximidad a zonas silvestres lo hacen propenso a<a href=\"https:\/\/emergency.sncil.org\/es\/informacion-de-emergencia-en-caso-de-incendio\/\" target=\"_blank\" rel=\"noopener\"> <span style=\"text-decoration: underline;\">incendios forestales<\/span><\/a>especialmente en las estaciones secas y sofocantes.<\/p><p>El humo asociado a los incendios forestales puede contribuir a <a href=\"https:\/\/www.lung.org\/lung-health-diseases\/lung-disease-lookup\/copd\/living-with-copd\/prevent-flare-ups\" target=\"_blank\" rel=\"noopener\">las exacerbaciones de EPOC<\/a> durante condiciones de humo intenso, especialmente en poblaciones de edad avanzada. Visita <a href=\"http:\/\/ruralnvsmoke.ndep.nv.gov\/\">Humo Rural NV<\/a> para conocer las condiciones actualizadas del humo en la zona. <\/p><p>Otra emergencia frecuente en el condado de Storey son <a href=\"https:\/\/emergency.sncil.org\/es\/informacion-de-emergencia-por-lluvia-inundacion\/\" target=\"_blank\" rel=\"noopener\"><span style=\"text-decoration: underline;\"> las inundaciones<\/span> repent<\/a>inas, a menudo provocadas por fuertes lluvias repentinas o por el deshielo de las cercanas monta\u00f1as de Sierra Nevada. Las inundaciones repentinas pueden anegar r\u00e1pidamente carreteras y propiedades, lo que supone riesgos importantes para todos los residentes, pero especialmente para las personas mayores y discapacitadas con problemas de movilidad. <\/p><p>Puedes ayudar a protegerte<\/p><ul><li>Piensa en c\u00f3mo podr\u00eda afectarte una inundaci\u00f3n<\/li><li>Planificar tus necesidades en caso de<a href=\"https:\/\/emergency.sncil.org\/es\/evacuacion\/\" target=\"_blank\" rel=\"noopener\"> evacuaci\u00f3n<\/a>, <a href=\"https:\/\/emergency.sncil.org\/es\/refugiarse-en-el-lugar\/\" target=\"_blank\" rel=\"noopener\">quedarte atrapado en casa<\/a> o <a href=\"https:\/\/emergency.sncil.org\/es\/prepararse-para-un-apagon\/\" target=\"_blank\" rel=\"noopener\">quedarte sin electricidad<\/a><\/li><li>Mantente informado sobre las <a href=\"http:\/\/www.weather.com\">previsiones meteorol\u00f3gicas <\/a> <\/li><li>Preparar un espacio defendible alrededor de tu casa<\/li><li><a href=\"https:\/\/www.nevadafireinfo.org\/\" target=\"_blank\" rel=\"noopener\">Mantente informado sobre los incendios forestales<\/a><\/li><\/ul><p>Es crucial que los residentes del condado de Storey se mantengan informados sobre posibles emergencias y dispongan de un <a href=\"https:\/\/emergency.sncil.org\/es\/cual-es-tu-plan-de-emergencia\/\" target=\"_blank\" rel=\"noopener\">plan de preparaci\u00f3n para emergencias<\/a>, que incluya <a href=\"https:\/\/emergency.sncil.org\/who-is-in-your-network\/\" target=\"_blank\" rel=\"noopener\">tener una red<\/a>, conocer las rutas de evacuaci\u00f3n, disponer de suministros de emergencia y permanecer atentos a las noticias y autoridades locales para recibir actualizaciones durante este tipo de sucesos.<\/p><h3>Informaci\u00f3n de contacto en caso de emergencia<\/h3><ul><li>Emergencia: 9-1-1<\/li><li>Emergencia de salud mental: 9-8-8<\/li><li>Alertas de Emergencia del Condado de Storey: <a href=\"https:\/\/www.smart911.com\/smart911\/login.action?lpse=1\">Smart 911<\/a><\/li><li><a href=\"https:\/\/public.alertsense.com\/signup\/?regionid\">Alertas de emergencia y avisos de mal tiempo<\/a><\/li><li><a href=\"https:\/\/www.storeycounty.org\/government\/departments\/fire_protection_district\/index.php\">Distrito de Protecci\u00f3n contra Incendios del Condado de Storey: <\/a>775-847-0954<\/li><li><a href=\"https:\/\/www.storeycounty.org\/government\/departments\/sheriff\/index.php\">Departamento del Sheriff del Condado de Storey<\/a>: 775-847-0959<\/li><li><a href=\"https:\/\/www.storeycounty.org\/government\/departments\/emergency_management\/index.php\">Gesti\u00f3n de Emergencias del Condado de Storey<\/a>: 775-634-7443<\/li><li><a href=\"http:\/\/www.dps.nv.gov\">Patrulla de Carreteras<\/a> de Nevada: 775-688-2500<\/li><li><a href=\"http:\/\/www.Nevada211.org\">Servicios Sociales, Humanos y de Salud de Nevada<\/a>: 2-1-1<\/li><li><a href=\"http:\/\/www.NVRoads.com\">Departamento de Transportes de Nevada (Tr\u00e1fico en directo\/Condiciones de la carretera\/C\u00e1maras)<\/a>: 5-1-1<\/li><li><a href=\"http:\/\/www.perimeter.com\">PERIMETRO<\/a> (Cartograf\u00eda en tiempo real para evacuaciones y otros incidentes de emergencia)<\/li><li><a href=\"http:\/\/www.poison.org\">Centro de Toxicolog\u00eda<\/a>: 800-222-1222<\/li><li><a href=\"https:\/\/www.nvenergy.com\/outages-and-emergencies\/view-current-outages\" target=\"_blank\" rel=\"noopener\">NV Energy (Apagones y Emergencias):<\/a> 775-834-4100 &#8211; Llama al 9-1-1 por una fuga de gas<\/li><li><a href=\"https:\/\/dem.nv.gov\/preparedness\/Access___Functional_Needs\/\">Departamento de Gesti\u00f3n de Emergencias Necesidades Funcionales y de Acceso<\/a><\/li><li><a href=\"https:\/\/disasterstrategies.org\/\">Asociaci\u00f3n para una cat\u00e1strofe inclusiva<\/a><\/li><li><a href=\"https:\/\/www.adapacific.org\/\">ADA Pac\u00edfico<\/a><\/li><li><a href=\"http:\/\/www.nevada.redcross.org\">Cruz Roja Americana<\/a>: 775-856-1000<\/li><li><a href=\"http:\/\/www.cdc.gov\">CDC<\/a>: 800-311-3435<\/li><\/ul>\t\t\t\t\t\t\t\t<\/div>\n\t\t\t\t<\/div>\n\t\t\t\t\t<\/div>\n\t\t\t\t<\/div>\n\t\t\t\t<\/div>\n\t\t","protected":false},"excerpt":{"rendered":"<p>Condado de Storey Las vistas panor\u00e1micas del condado de Storey y su proximidad a zonas silvestres lo hacen propenso a incendios forestalesespecialmente en las estaciones secas y sofocantes. El humo asociado a los incendios forestales puede contribuir a las exacerbaciones de EPOC durante condiciones de humo intenso, especialmente en poblaciones de edad avanzada. Visita Humo [&hellip;]<\/p>\n","protected":false},"author":1,"featured_media":0,"parent":5254,"menu_order":0,"comment_status":"closed","ping_status":"closed","template":"","meta":{"_mc_calendar":[],"footnotes":""},"class_list":["post-5282","page","type-page","status-publish","hentry"],"_links":{"self":[{"href":"https:\/\/emergency.sncil.org\/es\/wp-json\/wp\/v2\/pages\/5282","targetHints":{"allow":["GET"]}}],"collection":[{"href":"https:\/\/emergency.sncil.org\/es\/wp-json\/wp\/v2\/pages"}],"about":[{"href":"https:\/\/emergency.sncil.org\/es\/wp-json\/wp\/v2\/types\/page"}],"author":[{"embeddable":true,"href":"https:\/\/emergency.sncil.org\/es\/wp-json\/wp\/v2\/users\/1"}],"replies":[{"embeddable":true,"href":"https:\/\/emergency.sncil.org\/es\/wp-json\/wp\/v2\/comments?post=5282"}],"version-history":[{"count":7,"href":"https:\/\/emergency.sncil.org\/es\/wp-json\/wp\/v2\/pages\/5282\/revisions"}],"predecessor-version":[{"id":5796,"href":"https:\/\/emergency.sncil.org\/es\/wp-json\/wp\/v2\/pages\/5282\/revisions\/5796"}],"up":[{"embeddable":true,"href":"https:\/\/emergency.sncil.org\/es\/wp-json\/wp\/v2\/pages\/5254"}],"wp:attachment":[{"href":"https:\/\/emergency.sncil.org\/es\/wp-json\/wp\/v2\/media?parent=5282"}],"curies":[{"name":"wp","href":"https:\/\/api.w.org\/{rel}","templated":true}]}}