{"id":5278,"date":"2024-07-16T04:47:46","date_gmt":"2024-07-16T04:47:46","guid":{"rendered":"https:\/\/emergency.sncil.org\/informacion-de-emergencia-de-nevada-por-ciudad-condado\/informacion-de-emergencia-del-condado-de-churchill\/"},"modified":"2025-02-12T17:38:19","modified_gmt":"2025-02-12T17:38:19","slug":"informacion-de-emergencia-del-condado-de-churchill","status":"publish","type":"page","link":"https:\/\/emergency.sncil.org\/es\/informacion-de-emergencia-de-nevada-por-ciudad-condado\/informacion-de-emergencia-del-condado-de-churchill\/","title":{"rendered":"Informaci\u00f3n de Emergencia del Condado de Churchill"},"content":{"rendered":"\t\t<div data-elementor-type=\"wp-page\" data-elementor-id=\"5278\" class=\"elementor elementor-5278 elementor-2770\" data-elementor-post-type=\"page\">\n\t\t\t\t<div class=\"elementor-element elementor-element-767099f5 e-flex e-con-boxed e-con e-parent\" data-id=\"767099f5\" data-element_type=\"container\" data-e-type=\"container\">\n\t\t\t\t\t<div class=\"e-con-inner\">\n\t\t<div class=\"elementor-element elementor-element-7720718 e-con-full e-flex e-con e-child\" data-id=\"7720718\" data-element_type=\"container\" data-e-type=\"container\" data-settings=\"{&quot;background_background&quot;:&quot;classic&quot;}\">\n\t\t\t\t<div class=\"elementor-element elementor-element-a3136b4 elementor-widget elementor-widget-heading\" data-id=\"a3136b4\" data-element_type=\"widget\" data-e-type=\"widget\" data-widget_type=\"heading.default\">\n\t\t\t\t<div class=\"elementor-widget-container\">\n\t\t\t\t\t<h2 class=\"elementor-heading-title elementor-size-default\">Condado de Churchill<\/h2>\t\t\t\t<\/div>\n\t\t\t\t<\/div>\n\t\t\t\t<\/div>\n\t\t\t\t\t<\/div>\n\t\t\t\t<\/div>\n\t\t<div class=\"elementor-element elementor-element-3a79349f e-flex e-con-boxed e-con e-parent\" data-id=\"3a79349f\" data-element_type=\"container\" data-e-type=\"container\">\n\t\t\t\t\t<div class=\"e-con-inner\">\n\t\t\t\t<div class=\"elementor-element elementor-element-184b0032 elementor-widget elementor-widget-text-editor\" data-id=\"184b0032\" data-element_type=\"widget\" data-e-type=\"widget\" data-widget_type=\"text-editor.default\">\n\t\t\t\t<div class=\"elementor-widget-container\">\n\t\t\t\t\t\t\t\t\t<p>El condado de Churchill est\u00e1 formado por desiertos \u00e1ridos, valles f\u00e9rtiles y monta\u00f1as escarpadas.<br \/>\nLa zona experimenta <a href=\"https:\/\/emergency.sncil.org\/es\/informacion-de-emergencia-en-caso-de-ola-de-calor\/\" target=\"_blank\" rel=\"noopener\"><span style=\"text-decoration: underline;\">temperaturas estivales abrasadoras<\/span><\/a>que pueden suponer graves riesgos para la salud de las poblaciones vulnerables.<br \/>\nEs crucial mantenerse hidratado, identificar lugares frescos para refugiarse y reconocer los signos de las enfermedades relacionadas con el calor.<br \/>\nAdem\u00e1s, tener acceso a sistemas de refrigeraci\u00f3n fiables y a informaci\u00f3n de contacto de emergencia para recibir ayuda durante las olas de calor es esencial para salvaguardar tu bienestar.   <\/p>\n<p>El condado de Churchill tambi\u00e9n experimenta <a href=\"https:\/\/emergency.sncil.org\/es\/informacion-de-emergencia-por-lluvia-inundacion\/\" target=\"_blank\" rel=\"noopener\"><span style=\"text-decoration: underline;\">inundaciones repentinas<\/span><\/a>que pueden inundar carreteras y propiedades, provocando condiciones peligrosas para todos los residentes, especialmente para las personas con problemas de movilidad.<\/p>\n<p>Puedes ayudar a protegerte<\/p>\n<ul>\n<li>En verano, bebe mucho l\u00edquido, mantente alejado del sol y busca un lugar con aire acondicionado<\/li>\n<li>Piensa en c\u00f3mo podr\u00eda afectarte una inundaci\u00f3n<\/li>\n<li>Planifica tus necesidades en caso de<span style=\"text-decoration: underline;\"><a href=\"https:\/\/emergency.sncil.org\/es\/evacuacion\/\" target=\"_blank\" rel=\"noopener\"> evacuaci\u00f3n<\/a>, de <a href=\"https:\/\/emergency.sncil.org\/es\/refugiarse-en-el-lugar\/\" target=\"_blank\" rel=\"noopener\">quedarte atrapado en casa<\/a> <\/span>o de <span style=\"text-decoration: underline;\"><a href=\"https:\/\/emergency.sncil.org\/es\/prepararse-para-un-apagon\/\" target=\"_blank\" rel=\"noopener\">p\u00e9rdida de electricidad<\/a><\/span><\/li>\n<li>Mantente informado sobre las <a href=\"http:\/\/www.weather.com\">previsiones meteorol\u00f3gicas <\/a> <\/li>\n<\/ul>\n<p>Es crucial que los residentes del condado de Churchill se mantengan informados sobre posibles emergencias y dispongan de un <a href=\"https:\/\/emergency.sncil.org\/es\/cual-es-tu-plan-de-emergencia\/\" target=\"_blank\" rel=\"noopener\">plan de preparaci\u00f3n para emergencias<\/a>, que incluya <a href=\"https:\/\/emergency.sncil.org\/who-is-in-your-network\/\" target=\"_blank\" rel=\"noopener\">disponer de una red<\/a>, conocer las rutas de evacuaci\u00f3n, tener suministros de emergencia y permanecer atentos a las noticias y autoridades locales para estar al d\u00eda durante este tipo de sucesos.<\/p>\n<h3>Informaci\u00f3n de contacto en caso de emergencia<\/h3>\n<ul>\n<li>Emergencia: 9-1-1<\/li>\n<li>Emergencia de salud mental: 9-8-8<\/li>\n<li><a href=\"https:\/\/www.smart911.com\/smart911\/login.action?lpse=1\" target=\"_blank\" rel=\"noopener\">Aplicaci\u00f3n m\u00f3vil 911 inverso<\/a><\/li>\n<li><a href=\"https:\/\/public.alertsense.com\/signup\/?regionid\">Alertas de emergencia y avisos de mal tiempo<\/a><\/li>\n<li><a href=\"https:\/\/www.churchillcountynv.gov\/151\/Emergency-Management\">Gesti\u00f3n de Emergencias del Condado de Churchill  <\/a><\/li>\n<li><a href=\"https:\/\/www.churchillcountynv.gov\/156\/Fire-Department\">Departamento de Bomberos Voluntarios de Fallon\/Churchill<\/a>: 775-423-6521<\/li>\n<li><a href=\"https:\/\/www.fallonnevada.gov\/residents\/police-fire\/\">Departamento de Polic\u00eda de la Ciudad de Fallon<\/a>: 775-423-2111<\/li>\n<li><a href=\"http:\/\/www.Nevada211.org\">Servicios Sociales, Humanos y de Salud de Nevada<\/a>: 2-1-1<\/li>\n<li><a href=\"http:\/\/www.NVRoads.com\">Departamento de Transportes de Nevada (Tr\u00e1fico en directo\/Condiciones de la carretera\/C\u00e1maras)<\/a>: 5-1-1<\/li>\n<li><a href=\"http:\/\/www.perimeter.com\">PERIMETRO<\/a> (Cartograf\u00eda en tiempo real para evacuaciones y otros incidentes de emergencia)<\/li>\n<li><a href=\"http:\/\/www.poison.org\">Centro de Toxicolog\u00eda<\/a>: 800-222-1222<\/li>\n<li><a href=\"https:\/\/www.nvenergy.com\/outages-and-emergencies\/view-current-outages\" target=\"_blank\" rel=\"noopener\">NV Energy (Apagones y Emergencias):<\/a> 775-834-4100 &#8211; Llama al 9-1-1 por una fuga de gas<\/li>\n<li>Southwest Gas: 800-772-4555 &#8211; Llama al 9-1-1 en caso de fuga de gas<\/li>\n<li><a href=\"https:\/\/dem.nv.gov\/preparedness\/Access___Functional_Needs\/\">Departamento de Gesti\u00f3n de Emergencias Necesidades Funcionales y de Acceso<\/a><\/li>\n<li><a href=\"https:\/\/disasterstrategies.org\/\">Asociaci\u00f3n para una cat\u00e1strofe inclusiva<\/a><\/li>\n<li><a href=\"https:\/\/www.adapacific.org\/\">ADA Pac\u00edfico<\/a><\/li>\n<li><a href=\"www.salvationarmyusa.org\">Ej\u00e9rcito de Salvaci\u00f3n<\/a>: 775-688-4588<\/li>\n<li><a href=\"http:\/\/www.weather.com\">Actualizaciones meteorol\u00f3gicas<\/a><\/li>\n<li><a href=\"www.cdc.gov\">CDC<\/a>: 800-311-3435<\/li>\n<\/ul>\n\t\t\t\t\t\t\t\t<\/div>\n\t\t\t\t<\/div>\n\t\t\t\t\t<\/div>\n\t\t\t\t<\/div>\n\t\t<div class=\"elementor-element elementor-element-7287e96 e-flex e-con-boxed e-con e-parent\" data-id=\"7287e96\" data-element_type=\"container\" data-e-type=\"container\">\n\t\t\t\t\t<div class=\"e-con-inner\">\n\t\t\t\t\t<\/div>\n\t\t\t\t<\/div>\n\t\t\t\t<\/div>\n\t\t","protected":false},"excerpt":{"rendered":"<p>Condado de Churchill El condado de Churchill est\u00e1 formado por desiertos \u00e1ridos, valles f\u00e9rtiles y monta\u00f1as escarpadas. La zona experimenta temperaturas estivales abrasadorasque pueden suponer graves riesgos para la salud de las poblaciones vulnerables. Es crucial mantenerse hidratado, identificar lugares frescos para refugiarse y reconocer los signos de las enfermedades relacionadas con el calor. Adem\u00e1s, [&hellip;]<\/p>\n","protected":false},"author":1,"featured_media":0,"parent":5254,"menu_order":0,"comment_status":"closed","ping_status":"closed","template":"","meta":{"_mc_calendar":[],"footnotes":""},"class_list":["post-5278","page","type-page","status-publish","hentry"],"_links":{"self":[{"href":"https:\/\/emergency.sncil.org\/es\/wp-json\/wp\/v2\/pages\/5278","targetHints":{"allow":["GET"]}}],"collection":[{"href":"https:\/\/emergency.sncil.org\/es\/wp-json\/wp\/v2\/pages"}],"about":[{"href":"https:\/\/emergency.sncil.org\/es\/wp-json\/wp\/v2\/types\/page"}],"author":[{"embeddable":true,"href":"https:\/\/emergency.sncil.org\/es\/wp-json\/wp\/v2\/users\/1"}],"replies":[{"embeddable":true,"href":"https:\/\/emergency.sncil.org\/es\/wp-json\/wp\/v2\/comments?post=5278"}],"version-history":[{"count":3,"href":"https:\/\/emergency.sncil.org\/es\/wp-json\/wp\/v2\/pages\/5278\/revisions"}],"predecessor-version":[{"id":5630,"href":"https:\/\/emergency.sncil.org\/es\/wp-json\/wp\/v2\/pages\/5278\/revisions\/5630"}],"up":[{"embeddable":true,"href":"https:\/\/emergency.sncil.org\/es\/wp-json\/wp\/v2\/pages\/5254"}],"wp:attachment":[{"href":"https:\/\/emergency.sncil.org\/es\/wp-json\/wp\/v2\/media?parent=5278"}],"curies":[{"name":"wp","href":"https:\/\/api.w.org\/{rel}","templated":true}]}}