{"id":5273,"date":"2024-07-16T04:52:17","date_gmt":"2024-07-16T04:52:17","guid":{"rendered":"https:\/\/emergency.sncil.org\/informacion-de-emergencia-de-nevada-por-ciudad-condado\/informacion-de-emergencia-del-condado-de-pershing\/"},"modified":"2025-02-01T18:27:48","modified_gmt":"2025-02-01T18:27:48","slug":"informacion-de-emergencia-del-condado-de-pershing","status":"publish","type":"page","link":"https:\/\/emergency.sncil.org\/es\/informacion-de-emergencia-de-nevada-por-ciudad-condado\/informacion-de-emergencia-del-condado-de-pershing\/","title":{"rendered":"Informaci\u00f3n de Emergencia del Condado de Pershing"},"content":{"rendered":"\t\t<div data-elementor-type=\"wp-page\" data-elementor-id=\"5273\" class=\"elementor elementor-5273 elementor-2779\" data-elementor-post-type=\"page\">\n\t\t\t\t<div class=\"elementor-element elementor-element-3b534452 e-flex e-con-boxed e-con e-parent\" data-id=\"3b534452\" data-element_type=\"container\" data-e-type=\"container\">\n\t\t\t\t\t<div class=\"e-con-inner\">\n\t\t<div class=\"elementor-element elementor-element-35341f2 e-con-full e-flex e-con e-child\" data-id=\"35341f2\" data-element_type=\"container\" data-e-type=\"container\" data-settings=\"{&quot;background_background&quot;:&quot;classic&quot;}\">\n\t\t\t\t<div class=\"elementor-element elementor-element-e585724 elementor-widget elementor-widget-heading\" data-id=\"e585724\" data-element_type=\"widget\" data-e-type=\"widget\" data-widget_type=\"heading.default\">\n\t\t\t\t<div class=\"elementor-widget-container\">\n\t\t\t\t\t<h2 class=\"elementor-heading-title elementor-size-default\">Condado de Pershing<\/h2>\t\t\t\t<\/div>\n\t\t\t\t<\/div>\n\t\t\t\t<\/div>\n\t\t\t\t\t<\/div>\n\t\t\t\t<\/div>\n\t\t<div class=\"elementor-element elementor-element-708b3969 e-flex e-con-boxed e-con e-parent\" data-id=\"708b3969\" data-element_type=\"container\" data-e-type=\"container\">\n\t\t\t\t\t<div class=\"e-con-inner\">\n\t\t\t\t<div class=\"elementor-element elementor-element-42f88815 elementor-widget elementor-widget-text-editor\" data-id=\"42f88815\" data-element_type=\"widget\" data-e-type=\"widget\" data-widget_type=\"text-editor.default\">\n\t\t\t\t<div class=\"elementor-widget-container\">\n\t\t\t\t\t\t\t\t\t<div><a href=\"https:\/\/emergency.sncil.org\/es\/informacion-de-emergencia-en-caso-de-incendio\/\" target=\"_blank\" rel=\"noopener\">Los incendios forestales<\/a> son una gran amenaza en el condado de Pershing. Los residentes, especialmente los que viven fuera de una ciudad, deben asegurarse de que tienen <a href=\"https:\/\/extension.unr.edu\/publication.aspx?PubID=5522\" target=\"_blank\" rel=\"noopener\">un espacio defendible<\/a> alrededor de sus casas, de al menos 9 metros alrededor de cualquier edificio. Tambi\u00e9n deben tener una idea de c\u00f3mo evacuar\u00e1n si un incendio bloquea las carreteras principales: es importante tener rutas alternativas y asegurarse de que los coches pueden circular por esas carreteras.    <\/div>\n<div> <\/div>\n<div>El humo asociado a los incendios forestales puede ser un gran problema, ya que contribuye a <a href=\"https:\/\/www.lung.org\/lung-health-diseases\/lung-disease-lookup\/copd\/living-with-copd\/prevent-flare-ups\" target=\"_blank\" rel=\"noopener\">las exacerbaciones de la EPOC<\/a> cuando hay mucho humo, sobre todo en las personas mayores. Visita <a href=\"http:\/\/ruralnvsmoke.ndep.nv.gov\">Humo Rural NV<\/a> para conocer las condiciones actualizadas del humo en la zona. <\/div>\n<p>El condado de Pershing est\u00e1 formado por extensas llanuras des\u00e9rticas, escarpadas cadenas monta\u00f1osas y el pintoresco r\u00edo Humboldt.<br \/>\nLa zona experimenta <a href=\"https:\/\/emergency.sncil.org\/es\/informacion-de-emergencia-en-caso-de-ola-de-calor\/\" target=\"_blank\" rel=\"noopener\"><span style=\"text-decoration: underline;\">temperaturas estivales abrasadoras<\/span><\/a>que pueden suponer graves riesgos para la salud de las poblaciones vulnerables, incluidos los ancianos y los discapacitados.<br \/>\nEs crucial saber c\u00f3mo mantenerse fresco e hidratado, y reconocer los signos de las enfermedades relacionadas con el calor.  <\/p>\n<p>El condado de Pershing tambi\u00e9n est\u00e1 sujeto a <a href=\"https:\/\/emergency.sncil.org\/es\/informacion-de-emergencia-por-lluvia-inundacion\/\" target=\"_blank\" rel=\"noopener\"><span style=\"text-decoration: underline;\">inundaciones repentinas<\/span><\/a>que pueden inundar carreteras y propiedades, creando condiciones peligrosas para todos los residentes, sobre todo para las personas mayores y discapacitadas, que pueden tener problemas de movilidad.<\/p>\n<p>Puedes ayudar a protegerte<\/p>\n<ul>\n<li>En verano, bebe mucho l\u00edquido, mantente alejado del sol y busca un lugar con aire acondicionado<\/li>\n<li>Piensa en c\u00f3mo podr\u00eda afectarte una inundaci\u00f3n<\/li>\n<li>Planificar tus necesidades en caso de<a href=\"https:\/\/emergency.sncil.org\/es\/evacuacion\/\" target=\"_blank\" rel=\"noopener\"> evacuaci\u00f3n<\/a>, <a href=\"https:\/\/emergency.sncil.org\/es\/refugiarse-en-el-lugar\/\" target=\"_blank\" rel=\"noopener\">quedarte atrapado en casa<\/a> o <a href=\"https:\/\/emergency.sncil.org\/es\/prepararse-para-un-apagon\/\" target=\"_blank\" rel=\"noopener\">quedarte sin electricidad<\/a><\/li>\n<li>Mantente informado sobre las <a href=\"http:\/\/www.weather.com\">previsiones meteorol\u00f3gicas <\/a> <\/li>\n<\/ul>\n<p>Es crucial que los residentes del condado de Pershing se mantengan informados sobre posibles emergencias y cuenten con un <a href=\"https:\/\/emergency.sncil.org\/es\/cual-es-tu-plan-de-emergencia\/\" target=\"_blank\" rel=\"noopener\">plan de preparaci\u00f3n para emergencias<\/a>, que incluya <a href=\"https:\/\/emergency.sncil.org\/who-is-in-your-network\/\" target=\"_blank\" rel=\"noopener\">disponer de una red<\/a>, conocer las rutas de evacuaci\u00f3n, contar con suministros de emergencia y permanecer atentos a las noticias y autoridades locales para recibir actualizaciones durante este tipo de sucesos.<\/p>\n<h3>Informaci\u00f3n de contacto en caso de emergencia<\/h3>\n<ul>\n<li>Emergencia: 9-1-1<\/li>\n<li>Emergencia de salud mental: 9-8-8<\/li>\n<li><a href=\"https:\/\/public.alertsense.com\/signup\/?regionid\">Alertas de emergencia y avisos de mal tiempo<\/a><\/li>\n<li><a href=\"https:\/\/www.pershingcountynv.gov\/government\/emergency_operations_management.php\">Gesti\u00f3n de Operaciones de Emergencia del Condado de Pershing<\/a>: 703-999-3901<\/li>\n<li><a href=\"https:\/\/www.pershingcountynv.gov\/government\/sheriff_s_office\/index.php\">Departamento del Sheriff del Condado de Pershing:<\/a> 775-273-2641<\/li>\n<li><a href=\"pershingcounty.net\/Lovelockfire\/default.htm\">Cuerpo de Bomberos Voluntarios de Lovelock<\/a>: 775-273-2423<\/li>\n<li><a href=\"http:\/\/www.Nevada211.org\">Servicios Sociales, Humanos y de Salud de Nevada<\/a>: 2-1-1<\/li>\n<li><a href=\"http:\/\/www.NVRoads.com\">Departamento de Transportes de Nevada (Tr\u00e1fico en directo\/Condiciones de la carretera\/C\u00e1maras)<\/a>: 5-1-1<\/li>\n<li><a href=\"http:\/\/www.perimeter.com\">PERIMETRO<\/a> (Cartograf\u00eda en tiempo real para evacuaciones y otros incidentes de emergencia)<\/li>\n<li><a href=\"http:\/\/www.poison.org\">Centro de Toxicolog\u00eda<\/a>: 800-222-1222<\/li>\n<li><a href=\"https:\/\/www.nvenergy.com\/outages-and-emergencies\/view-current-outages\" target=\"_blank\" rel=\"noopener\">NV Energy (Apagones y Emergencias):<\/a> 775-834-4100 &#8211; Llama al 9-1-1 por una fuga de gas<\/li>\n<li><a href=\"https:\/\/dem.nv.gov\/preparedness\/Access___Functional_Needs\/\">Departamento de Gesti\u00f3n de Emergencias Necesidades Funcionales y de Acceso<\/a><\/li>\n<li><a href=\"https:\/\/disasterstrategies.org\/\">Asociaci\u00f3n para una cat\u00e1strofe inclusiva<\/a><\/li>\n<li><a href=\"https:\/\/www.adapacific.org\/\">ADA Pac\u00edfico<\/a><\/li>\n<li><a href=\"http:\/\/www.cdc.gov\">CDC<\/a>: 800-311-3435<\/li>\n<li>\n<p><a href=\"https:\/\/cms7files.revize.com\/pershingcountynv\/document_center\/Government\/emergency-operations\/emergency-operations-plan\/pershing-county-eop-basic-plan-2022-11.pdf\" target=\"_blank\" rel=\"noopener\">Plan de Emergencia del Condado de Pershing<\/a><\/p>\n<\/li>\n<\/ul>\n\t\t\t\t\t\t\t\t<\/div>\n\t\t\t\t<\/div>\n\t\t\t\t\t<\/div>\n\t\t\t\t<\/div>\n\t\t\t\t<\/div>\n\t\t","protected":false},"excerpt":{"rendered":"<p>Condado de Pershing Los incendios forestales son una gran amenaza en el condado de Pershing. Los residentes, especialmente los que viven fuera de una ciudad, deben asegurarse de que tienen un espacio defendible alrededor de sus casas, de al menos 9 metros alrededor de cualquier edificio. Tambi\u00e9n deben tener una idea de c\u00f3mo evacuar\u00e1n si [&hellip;]<\/p>\n","protected":false},"author":1,"featured_media":0,"parent":5254,"menu_order":0,"comment_status":"closed","ping_status":"closed","template":"","meta":{"_mc_calendar":[],"footnotes":""},"class_list":["post-5273","page","type-page","status-publish","hentry"],"_links":{"self":[{"href":"https:\/\/emergency.sncil.org\/es\/wp-json\/wp\/v2\/pages\/5273","targetHints":{"allow":["GET"]}}],"collection":[{"href":"https:\/\/emergency.sncil.org\/es\/wp-json\/wp\/v2\/pages"}],"about":[{"href":"https:\/\/emergency.sncil.org\/es\/wp-json\/wp\/v2\/types\/page"}],"author":[{"embeddable":true,"href":"https:\/\/emergency.sncil.org\/es\/wp-json\/wp\/v2\/users\/1"}],"replies":[{"embeddable":true,"href":"https:\/\/emergency.sncil.org\/es\/wp-json\/wp\/v2\/comments?post=5273"}],"version-history":[{"count":2,"href":"https:\/\/emergency.sncil.org\/es\/wp-json\/wp\/v2\/pages\/5273\/revisions"}],"predecessor-version":[{"id":5676,"href":"https:\/\/emergency.sncil.org\/es\/wp-json\/wp\/v2\/pages\/5273\/revisions\/5676"}],"up":[{"embeddable":true,"href":"https:\/\/emergency.sncil.org\/es\/wp-json\/wp\/v2\/pages\/5254"}],"wp:attachment":[{"href":"https:\/\/emergency.sncil.org\/es\/wp-json\/wp\/v2\/media?parent=5273"}],"curies":[{"name":"wp","href":"https:\/\/api.w.org\/{rel}","templated":true}]}}