{"id":5272,"date":"2024-07-16T05:09:04","date_gmt":"2024-07-16T05:09:04","guid":{"rendered":"https:\/\/emergency.sncil.org\/informacion-de-emergencia-de-nevada-por-ciudad-condado\/informacion-de-emergencia-del-condado-de-eureka\/"},"modified":"2024-10-05T18:21:57","modified_gmt":"2024-10-05T18:21:57","slug":"informacion-de-emergencia-del-condado-de-eureka","status":"publish","type":"page","link":"https:\/\/emergency.sncil.org\/es\/informacion-de-emergencia-de-nevada-por-ciudad-condado\/informacion-de-emergencia-del-condado-de-eureka\/","title":{"rendered":"Informaci\u00f3n de Emergencia del Condado de Eureka"},"content":{"rendered":"\t\t<div data-elementor-type=\"wp-page\" data-elementor-id=\"5272\" class=\"elementor elementor-5272 elementor-2809\" data-elementor-post-type=\"page\">\n\t\t\t\t<div class=\"elementor-element elementor-element-5b3f5700 e-flex e-con-boxed e-con e-parent\" data-id=\"5b3f5700\" data-element_type=\"container\" data-e-type=\"container\">\n\t\t\t\t\t<div class=\"e-con-inner\">\n\t\t<div class=\"elementor-element elementor-element-c1a09ef e-con-full e-flex e-con e-child\" data-id=\"c1a09ef\" data-element_type=\"container\" data-e-type=\"container\" data-settings=\"{&quot;background_background&quot;:&quot;classic&quot;}\">\n\t\t\t\t<div class=\"elementor-element elementor-element-4015eeb elementor-widget elementor-widget-heading\" data-id=\"4015eeb\" data-element_type=\"widget\" data-e-type=\"widget\" data-widget_type=\"heading.default\">\n\t\t\t\t<div class=\"elementor-widget-container\">\n\t\t\t\t\t<h2 class=\"elementor-heading-title elementor-size-default\">Condado de Eureka<\/h2>\t\t\t\t<\/div>\n\t\t\t\t<\/div>\n\t\t\t\t<\/div>\n\t\t\t\t\t<\/div>\n\t\t\t\t<\/div>\n\t\t<div class=\"elementor-element elementor-element-3c35f066 e-flex e-con-boxed e-con e-parent\" data-id=\"3c35f066\" data-element_type=\"container\" data-e-type=\"container\">\n\t\t\t\t\t<div class=\"e-con-inner\">\n\t\t\t\t<div class=\"elementor-element elementor-element-5d2cd9bc elementor-widget elementor-widget-text-editor\" data-id=\"5d2cd9bc\" data-element_type=\"widget\" data-e-type=\"widget\" data-widget_type=\"text-editor.default\">\n\t\t\t\t<div class=\"elementor-widget-container\">\n\t\t\t\t\t\t\t\t\t<p>El condado de Eureka est\u00e1 formado por vastas llanuras des\u00e9rticas, cordilleras escarpadas y distritos mineros hist\u00f3ricos.<br \/>\nEl clima seco y la vegetaci\u00f3n lo hacen vulnerable a <a href=\"https:\/\/emergency.sncil.org\/wildfire-emergency\/\" target=\"_blank\" rel=\"noopener\"><span style=\"text-decoration: underline;\">los incendios forestales<\/span>,<\/a> sobre todo durante los meses de verano.<br \/>\nEs crucial que las personas mayores y las personas con discapacidad tengan un plan de evacuaci\u00f3n bien pensado, que tenga en cuenta sus necesidades particulares, en caso de incendio forestal.  <\/p>\n<p>El clima seco del desierto hace que el condado sea susceptible a <a href=\"https:\/\/emergency.sncil.org\/wildfire-emergency\/\" target=\"_blank\" rel=\"noopener\"><span style=\"text-decoration: underline;\">incendios forestales<\/span><\/a>sobre todo durante los calurosos meses de verano.<br \/>\nEs crucial que las personas mayores y discapacitadas tengan un plan de evacuaci\u00f3n bien pensado, que tenga en cuenta sus necesidades espec\u00edficas, en caso de incendio forestal. <\/p>\n<p>La zona tambi\u00e9n puede sufrir <a href=\"https:\/\/emergency.sncil.org\/blizzard-emergency\/\" target=\"_blank\" rel=\"noopener\"><span style=\"text-decoration: underline;\">condiciones meteorol\u00f3gicas invernales<\/span><\/a>incluyendo fuertes tormentas de nieve, que pueden afectar al transporte y a las infraestructuras.<br \/>\nLas fuertes lluvias repentinas pueden provocar <a href=\"https:\/\/emergency.sncil.org\/rain-flooding-emergency\/\" target=\"_blank\" rel=\"noopener\"><span style=\"text-decoration: underline;\">inundaciones repentinas<\/span><\/a>que suponen riesgos para residentes y automovilistas. <\/p>\n<p>Puedes ayudar a protegerte<\/p>\n<ul>\n<li>Piensa en c\u00f3mo podr\u00eda afectarte una inundaci\u00f3n<\/li>\n<li>Planificar tus necesidades en caso de<span style=\"text-decoration: underline;\"> <a href=\"https:\/\/emergency.sncil.org\/evacuation\/\" target=\"_blank\" rel=\"noopener\"> evacuaci\u00f3n<\/a>, <a href=\"https:\/\/emergency.sncil.org\/sheltering-in-place\/\" target=\"_blank\" rel=\"noopener\">quedarte atrapado en casa<\/a> o <a href=\"https:\/\/emergency.sncil.org\/preparing-for-a-power-outage\/\">quedarte sin electricidad<\/a><\/span><\/li>\n<li>Crear kits de emergencia para el invierno<\/li>\n<li>Organizar la asistencia para retirar la nieve<\/li>\n<li>Mantente informado sobre las <a href=\"http:\/\/www.weather.com\">previsiones meteorol\u00f3gicas <\/a> <\/li>\n<li>Preparar un espacio defendible alrededor de tu casa<\/li>\n<li><a href=\"https:\/\/www.nevadafireinfo.org\/\" target=\"_blank\" rel=\"noopener\"><a href=\"https:\/\/www.nevadafireinfo.org\/\">Mantente informado sobre los incendios forestales<\/a><\/a><\/li>\n<\/ul>\n<p>Es esencial que los residentes del condado de Eureka se mantengan informados sobre posibles emergencias y dispongan de un <a href=\"https:\/\/emergency.sncil.org\/what-is-your-emergency-plan\/\" target=\"_blank\" rel=\"noopener\">plan de preparaci\u00f3n para emergencias<\/a>, que incluya <a href=\"https:\/\/emergency.sncil.org\/who-is-in-your-network\/\" target=\"_blank\" rel=\"noopener\">disponer de una red<\/a>, conocer las rutas de evacuaci\u00f3n, tener suministros de emergencia y permanecer atentos a las noticias y autoridades locales para estar al d\u00eda durante este tipo de sucesos.<\/p>\n<\/p>\n<h3>Informaci\u00f3n de contacto en caso de emergencia<\/h3>\n<ul>\n<li>Emergencia: 9-1-1<\/li>\n<li>Emergencia de salud mental: 9-8-8<\/li>\n<li><a href=\"https:\/\/www.smart911.com\/smart911\/login.action?lpse=1\" target=\"_blank\" rel=\"noopener\"><a href=\"https:\/\/www.smart911.com\/smart911\/login.action?lpse=1\">Aplicaci\u00f3n m\u00f3vil 911 inverso<\/a><\/a><\/li>\n<li><a href=\"https:\/\/public.alertsense.com\/signup\/?regionid\"><a href=\"https:\/\/public.alertsense.com\/signup\/?regionid\">Alertas de emergencia y avisos de mal tiempo<\/a><\/a><\/li>\n<li><a href=\"https:\/\/www.eurekacountynv.gov\/departments\/emergencies-sheriff-ems-fire\/sheriff\/\"><a href=\"https:\/\/www.eurekacountynv.gov\/departments\/emergencies-sheriff-ems-fire\/sheriff\/\">Oficina del Sheriff del Condado de Eureka: 775-237-5330<\/a><\/a><\/li>\n<li><a href=\"https:\/\/www.eurekacountynv.gov\/departments\/emergencies-sheriff-ems-fire\/eureka-volunteer-fire-department\/\"><a href=\"https:\/\/www.eurekacountynv.gov\/departments\/emergencies-sheriff-ems-fire\/eureka-volunteer-fire-department\/\">Cuerpo de Bomberos Voluntarios del Condado de Eureka.<\/a><\/a><\/li>\n<li><a href=\"https:\/\/www.eurekacountynv.gov\/departments\/emergencies-sheriff-ems-fire\/crescent-valley-volunteer-fire-department\/\">Cuerpo de Bomberos Voluntarios de Crescent Valley<\/a>: 775-468-0238<\/li>\n<li><a href=\"https:\/\/www.eurekacountynv.gov\/departments\/emergencies-sheriff-ems-fire\/\"><a href=\"https:\/\/www.eurekacountynv.gov\/departments\/emergencies-sheriff-ems-fire\/\">Emergencias del condado de Eureka<\/a><\/a><\/li>\n<li><a href=\"https:\/\/www.eurekacountynv.gov\/departments\/emergencies-sheriff-ems-fire\/emergency-medical-service-ems\/\">Servicios M\u00e9dicos de Urgencia del Condado de Eureka<\/a>: 775-237-5306<\/li>\n<li><a href=\"http:\/\/www.Nevada211.org\">Servicios Sociales, Humanos y de Salud de Nevada<\/a>: 2-1-1<\/li>\n<li><a href=\"http:\/\/www.NVRoads.com\">Departamento de Transportes de Nevada (Tr\u00e1fico en directo\/Condiciones de la carretera\/C\u00e1maras)<\/a>: 5-1-1<\/li>\n<li><a href=\"http:\/\/www.perimeter.com\">PERIMETRO<\/a> (Cartograf\u00eda en tiempo real para evacuaciones y otros incidentes de emergencia)<\/li>\n<li><a href=\"http:\/\/www.poison.org\">Centro de Toxicolog\u00eda<\/a>: 800-222-1222<\/li>\n<li><a href=\"https:\/\/www.nvenergy.com\/contact-us\">NV Energy (Apagones y Emergencias):<\/a> 775-834-4100 &#8211; Llama al 9-1-1 por una fuga de gas<\/li>\n<li>Southwest Gas: 800-772-4555 &#8211; Llama al 9-1-1 en caso de fuga de gas<\/li>\n<li><a href=\"http:\/\/www.dps.nv.gov\">Patrulla de Carreteras<\/a> de Nevada: 775-688-2500<\/li>\n<li><a href=\"http:\/\/www.nevada.redcross.org\">Cruz Roja Americana<\/a>: 775-856-1000<\/li>\n<li><a href=\"http:\/\/www.cdc.gov\">CDC<\/a>: 800-311-3435<\/li>\n<\/ul>\n\t\t\t\t\t\t\t\t<\/div>\n\t\t\t\t<\/div>\n\t\t\t\t\t<\/div>\n\t\t\t\t<\/div>\n\t\t\t\t<\/div>\n\t\t","protected":false},"excerpt":{"rendered":"<p>Condado de Eureka El condado de Eureka est\u00e1 formado por vastas llanuras des\u00e9rticas, cordilleras escarpadas y distritos mineros hist\u00f3ricos. El clima seco y la vegetaci\u00f3n lo hacen vulnerable a los incendios forestales, sobre todo durante los meses de verano. Es crucial que las personas mayores y las personas con discapacidad tengan un plan de evacuaci\u00f3n [&hellip;]<\/p>\n","protected":false},"author":1,"featured_media":0,"parent":5254,"menu_order":0,"comment_status":"closed","ping_status":"closed","template":"","meta":{"_mc_calendar":[],"footnotes":""},"class_list":["post-5272","page","type-page","status-publish","hentry"],"_links":{"self":[{"href":"https:\/\/emergency.sncil.org\/es\/wp-json\/wp\/v2\/pages\/5272","targetHints":{"allow":["GET"]}}],"collection":[{"href":"https:\/\/emergency.sncil.org\/es\/wp-json\/wp\/v2\/pages"}],"about":[{"href":"https:\/\/emergency.sncil.org\/es\/wp-json\/wp\/v2\/types\/page"}],"author":[{"embeddable":true,"href":"https:\/\/emergency.sncil.org\/es\/wp-json\/wp\/v2\/users\/1"}],"replies":[{"embeddable":true,"href":"https:\/\/emergency.sncil.org\/es\/wp-json\/wp\/v2\/comments?post=5272"}],"version-history":[{"count":1,"href":"https:\/\/emergency.sncil.org\/es\/wp-json\/wp\/v2\/pages\/5272\/revisions"}],"predecessor-version":[{"id":5274,"href":"https:\/\/emergency.sncil.org\/es\/wp-json\/wp\/v2\/pages\/5272\/revisions\/5274"}],"up":[{"embeddable":true,"href":"https:\/\/emergency.sncil.org\/es\/wp-json\/wp\/v2\/pages\/5254"}],"wp:attachment":[{"href":"https:\/\/emergency.sncil.org\/es\/wp-json\/wp\/v2\/media?parent=5272"}],"curies":[{"name":"wp","href":"https:\/\/api.w.org\/{rel}","templated":true}]}}