{"id":5269,"date":"2024-07-16T04:58:29","date_gmt":"2024-07-16T04:58:29","guid":{"rendered":"https:\/\/emergency.sncil.org\/informacion-de-emergencia-de-nevada-por-ciudad-condado\/informacion-de-emergencia-del-condado-de-humboldt\/"},"modified":"2025-02-01T18:22:25","modified_gmt":"2025-02-01T18:22:25","slug":"informacion-de-emergencia-del-condado-de-humboldt","status":"publish","type":"page","link":"https:\/\/emergency.sncil.org\/es\/informacion-de-emergencia-de-nevada-por-ciudad-condado\/informacion-de-emergencia-del-condado-de-humboldt\/","title":{"rendered":"Informaci\u00f3n de Emergencia del Condado de Humboldt"},"content":{"rendered":"\t\t<div data-elementor-type=\"wp-page\" data-elementor-id=\"5269\" class=\"elementor elementor-5269 elementor-2785\" data-elementor-post-type=\"page\">\n\t\t\t\t<div class=\"elementor-element elementor-element-58b2a8ba e-flex e-con-boxed e-con e-parent\" data-id=\"58b2a8ba\" data-element_type=\"container\" data-e-type=\"container\">\n\t\t\t\t\t<div class=\"e-con-inner\">\n\t\t<div class=\"elementor-element elementor-element-7be3dd5 e-con-full e-flex e-con e-child\" data-id=\"7be3dd5\" data-element_type=\"container\" data-e-type=\"container\" data-settings=\"{&quot;background_background&quot;:&quot;classic&quot;}\">\n\t\t\t\t<div class=\"elementor-element elementor-element-6710de8 elementor-widget elementor-widget-heading\" data-id=\"6710de8\" data-element_type=\"widget\" data-e-type=\"widget\" data-widget_type=\"heading.default\">\n\t\t\t\t<div class=\"elementor-widget-container\">\n\t\t\t\t\t<h2 class=\"elementor-heading-title elementor-size-default\">Condado de Humboldt<\/h2>\t\t\t\t<\/div>\n\t\t\t\t<\/div>\n\t\t\t\t<\/div>\n\t\t\t\t\t<\/div>\n\t\t\t\t<\/div>\n\t\t<div class=\"elementor-element elementor-element-390ef3ed e-flex e-con-boxed e-con e-parent\" data-id=\"390ef3ed\" data-element_type=\"container\" data-e-type=\"container\">\n\t\t\t\t\t<div class=\"e-con-inner\">\n\t\t\t\t<div class=\"elementor-element elementor-element-4058394 elementor-widget elementor-widget-text-editor\" data-id=\"4058394\" data-element_type=\"widget\" data-e-type=\"widget\" data-widget_type=\"text-editor.default\">\n\t\t\t\t<div class=\"elementor-widget-container\">\n\t\t\t\t\t\t\t\t\t<p>El condado de Humboldt tiene un paisaje diverso que incluye altas llanuras des\u00e9rticas, escarpadas cadenas monta\u00f1osas y el pintoresco r\u00edo Humboldt.<br \/>\nEl clima seco y la vegetaci\u00f3n lo hacen susceptible a <a href=\"https:\/\/emergency.sncil.org\/es\/informacion-de-emergencia-en-caso-de-incendio\/\" target=\"_blank\" rel=\"noopener\"><span style=\"text-decoration: underline;\">incendios forestales<\/span><\/a>especialmente durante los calurosos meses de verano.<br \/>\nEs crucial que las personas mayores y las personas con discapacidad tengan un plan de evacuaci\u00f3n bien pensado, que tenga en cuenta sus necesidades particulares, en caso de incendio forestal.  <\/p>\n<p>El humo asociado a los incendios forestales puede contribuir a <a href=\"https:\/\/www.lung.org\/lung-health-diseases\/lung-disease-lookup\/copd\/living-with-copd\/prevent-flare-ups\" target=\"_blank\" rel=\"noopener\">las exacerbaciones de EPOC<\/a> durante condiciones de humo intenso, especialmente en poblaciones de edad avanzada. Visita <a href=\"http:\/\/ruralnvsmoke.ndep.nv.gov\/\">Humo Rural NV<\/a> para conocer las condiciones actualizadas del humo en la zona. <\/p>\n<p>El condado experimenta <a href=\"https:\/\/emergency.sncil.org\/es\/informacion-de-emergencia-en-caso-de-ventisca\/\" target=\"_blank\" rel=\"noopener\"><span style=\"text-decoration: underline;\">condiciones meteorol\u00f3gicas invernales<\/span><\/a>incluyendo fuertes tormentas de nieve, que pueden afectar al transporte y las infraestructuras. Las fuertes lluvias repentinas, sobre todo en zonas des\u00e9rticas y monta\u00f1osas, pueden provocar <a href=\"https:\/\/emergency.sncil.org\/es\/informacion-de-emergencia-por-lluvia-inundacion\/\" target=\"_blank\" rel=\"noopener\"><span style=\"text-decoration: underline;\">inundaciones repentinas<\/span><\/a>que suponen riesgos para las comunidades y las infraestructuras. <\/p>\n<p>Puedes ayudar a protegerte<\/p>\n<ul>\n<li>Piensa en c\u00f3mo podr\u00eda afectarte una inundaci\u00f3n<\/li>\n<li>Planificar tus necesidades en caso de<span style=\"text-decoration: underline;\"><a href=\"https:\/\/emergency.sncil.org\/es\/evacuacion\/\" target=\"_blank\" rel=\"noopener\"> evacuaci\u00f3n<\/a>, de <a href=\"https:\/\/emergency.sncil.org\/es\/refugiarse-en-el-lugar\/\" target=\"_blank\" rel=\"noopener\">quedar atrapado en casa<\/a> o de <\/span><span style=\"text-decoration: underline;\"> <a href=\"https:\/\/emergency.sncil.org\/es\/prepararse-para-un-apagon\/\" target=\"_blank\" rel=\"noopener\">p\u00e9rdida de electricidad<\/a><\/span><\/li>\n<li>Crear un <a href=\"https:\/\/emergency.sncil.org\/where-is-your-bag\/\" target=\"_blank\" rel=\"noopener\">kit de emergencia<\/a><\/li>\n<li>Organizar la asistencia para retirar la nieve<\/li>\n<li>Mantente informado sobre las <a href=\"http:\/\/www.weather.com\">previsiones meteorol\u00f3gicas <\/a> <\/li>\n<li>Preparar un espacio defendible alrededor de tu casa<\/li>\n<li><a href=\"https:\/\/www.nevadafireinfo.org\/\" target=\"_blank\" rel=\"noopener\">Mantente informado sobre los incendios forestales<\/a><\/li>\n<\/ul>\n<p>Es importante mantenerse informado sobre posibles emergencias y disponer de un <a href=\"https:\/\/emergency.sncil.org\/es\/cual-es-tu-plan-de-emergencia\/\" target=\"_blank\" rel=\"noopener\">plan de preparaci\u00f3n para emergencias<\/a>, que incluya <a href=\"https:\/\/emergency.sncil.org\/who-is-in-your-network\/\" target=\"_blank\" rel=\"noopener\">disponer de una red<\/a>, conocer las rutas de evacuaci\u00f3n, tener suministros de emergencia y permanecer atento a las noticias y autoridades locales para estar al d\u00eda durante tales acontecimientos.<\/p>\n<h3>Informaci\u00f3n de contacto en caso de emergencia<\/h3>\n<ul>\n<li>Emergencia: 9-1-1<\/li>\n<li>Emergencia de salud mental: 9-8-8<\/li>\n<li><a href=\"https:\/\/www.smart911.com\/smart911\/login.action?lpse=1\" target=\"_blank\" rel=\"noopener\">Aplicaci\u00f3n m\u00f3vil 911 inverso<\/a><\/li>\n<li><a href=\"https:\/\/public.alertsense.com\/signup\/?regionid\">Alertas de emergencia y avisos de mal tiempo<\/a><\/li>\n<li><a href=\"https:\/\/hcsonv.com\/\">Oficina del Sheriff del Condado de Humboldt<\/a>: 775-623-6419<\/li>\n<li><a href=\"https:\/\/www.winnemuccacity.org\/volunteerFire\">Cuerpo de Bomberos de la ciudad de Winnemucca: 775-623-6333  <\/a><\/li>\n<li><a href=\"https:\/\/www.winnemuccacity.org\/policeDepartment\">Departamento de Polic\u00eda de Winnemucca<\/a>: <a href=\"https:\/\/www.winnemuccacity.org\/volunteerFire\">775-623-6333 <\/a> <\/li>\n<li><a href=\"https:\/\/www.humboldtcountynv.gov\/516\/Emergency-Management\">Gesti\u00f3n de Emergencias del Condado de Humboldt<\/a>: 775-375-3195<\/li>\n<li><a href=\"http:\/\/www.Nevada211.org\">Servicios Sociales, Humanos y de Salud de Nevada<\/a>: 2-1-1<\/li>\n<li><a href=\"http:\/\/www.NVRoads.com\">Departamento de Transportes de Nevada (Tr\u00e1fico en directo\/Condiciones de la carretera\/C\u00e1maras)<\/a>: 5-1-1<\/li>\n<li><a href=\"http:\/\/www.perimeter.com\">PERIMETRO<\/a> (Cartograf\u00eda en tiempo real para evacuaciones y otros incidentes de emergencia)<\/li>\n<li><a href=\"http:\/\/www.poison.org\">Centro de Toxicolog\u00eda<\/a>: 800-222-1222<\/li>\n<li><a href=\"https:\/\/www.nvenergy.com\/outages-and-emergencies\/view-current-outages\" target=\"_blank\" rel=\"noopener\">NV Energy (Apagones y Emergencias):<\/a> 775-834-4100 &#8211; Llama al 9-1-1 por una fuga de gas<\/li>\n<li><a href=\"https:\/\/dem.nv.gov\/preparedness\/Access___Functional_Needs\/\">Departamento de Gesti\u00f3n de Emergencias Necesidades Funcionales y de Acceso<\/a><\/li>\n<li><a href=\"https:\/\/disasterstrategies.org\/\">Asociaci\u00f3n para una cat\u00e1strofe inclusiva<\/a><\/li>\n<li><a href=\"https:\/\/www.adapacific.org\/\">ADA Pac\u00edfico<\/a><\/li>\n<li><a href=\"http:\/\/www.dps.nv.gov\">Patrulla de Carreteras<\/a> de Nevada: 775-688-2500<\/li>\n<li><a href=\"http:\/\/www.nevada.redcross.org\">Cruz Roja Americana<\/a>: 775-856-1000<\/li>\n<li><a href=\"http:\/\/www.cdc.gov\">CDC<\/a>: 800-311-3435<\/li>\n<\/ul>\n\t\t\t\t\t\t\t\t<\/div>\n\t\t\t\t<\/div>\n\t\t\t\t\t<\/div>\n\t\t\t\t<\/div>\n\t\t\t\t<\/div>\n\t\t","protected":false},"excerpt":{"rendered":"<p>Condado de Humboldt El condado de Humboldt tiene un paisaje diverso que incluye altas llanuras des\u00e9rticas, escarpadas cadenas monta\u00f1osas y el pintoresco r\u00edo Humboldt. El clima seco y la vegetaci\u00f3n lo hacen susceptible a incendios forestalesespecialmente durante los calurosos meses de verano. Es crucial que las personas mayores y las personas con discapacidad tengan un [&hellip;]<\/p>\n","protected":false},"author":1,"featured_media":0,"parent":5254,"menu_order":0,"comment_status":"closed","ping_status":"closed","template":"","meta":{"_mc_calendar":[],"footnotes":""},"class_list":["post-5269","page","type-page","status-publish","hentry"],"_links":{"self":[{"href":"https:\/\/emergency.sncil.org\/es\/wp-json\/wp\/v2\/pages\/5269","targetHints":{"allow":["GET"]}}],"collection":[{"href":"https:\/\/emergency.sncil.org\/es\/wp-json\/wp\/v2\/pages"}],"about":[{"href":"https:\/\/emergency.sncil.org\/es\/wp-json\/wp\/v2\/types\/page"}],"author":[{"embeddable":true,"href":"https:\/\/emergency.sncil.org\/es\/wp-json\/wp\/v2\/users\/1"}],"replies":[{"embeddable":true,"href":"https:\/\/emergency.sncil.org\/es\/wp-json\/wp\/v2\/comments?post=5269"}],"version-history":[{"count":2,"href":"https:\/\/emergency.sncil.org\/es\/wp-json\/wp\/v2\/pages\/5269\/revisions"}],"predecessor-version":[{"id":5648,"href":"https:\/\/emergency.sncil.org\/es\/wp-json\/wp\/v2\/pages\/5269\/revisions\/5648"}],"up":[{"embeddable":true,"href":"https:\/\/emergency.sncil.org\/es\/wp-json\/wp\/v2\/pages\/5254"}],"wp:attachment":[{"href":"https:\/\/emergency.sncil.org\/es\/wp-json\/wp\/v2\/media?parent=5269"}],"curies":[{"name":"wp","href":"https:\/\/api.w.org\/{rel}","templated":true}]}}