{"id":5268,"date":"2024-07-16T05:11:21","date_gmt":"2024-07-16T05:11:21","guid":{"rendered":"https:\/\/emergency.sncil.org\/informacion-de-emergencia-de-nevada-por-ciudad-condado\/informacion-de-emergencia-del-condado-de-lincoln\/"},"modified":"2025-02-01T18:24:24","modified_gmt":"2025-02-01T18:24:24","slug":"informacion-de-emergencia-del-condado-de-lincoln","status":"publish","type":"page","link":"https:\/\/emergency.sncil.org\/es\/informacion-de-emergencia-de-nevada-por-ciudad-condado\/informacion-de-emergencia-del-condado-de-lincoln\/","title":{"rendered":"Informaci\u00f3n de Emergencia del Condado de Lincoln"},"content":{"rendered":"\t\t<div data-elementor-type=\"wp-page\" data-elementor-id=\"5268\" class=\"elementor elementor-5268 elementor-2815\" data-elementor-post-type=\"page\">\n\t\t\t\t<div class=\"elementor-element elementor-element-3aac0982 e-flex e-con-boxed e-con e-parent\" data-id=\"3aac0982\" data-element_type=\"container\" data-e-type=\"container\">\n\t\t\t\t\t<div class=\"e-con-inner\">\n\t\t<div class=\"elementor-element elementor-element-fd05ac1 e-con-full e-flex e-con e-child\" data-id=\"fd05ac1\" data-element_type=\"container\" data-e-type=\"container\" data-settings=\"{&quot;background_background&quot;:&quot;classic&quot;}\">\n\t\t\t\t<div class=\"elementor-element elementor-element-7ddec65 elementor-widget elementor-widget-heading\" data-id=\"7ddec65\" data-element_type=\"widget\" data-e-type=\"widget\" data-widget_type=\"heading.default\">\n\t\t\t\t<div class=\"elementor-widget-container\">\n\t\t\t\t\t<h2 class=\"elementor-heading-title elementor-size-default\">Condado de Lincoln<\/h2>\t\t\t\t<\/div>\n\t\t\t\t<\/div>\n\t\t\t\t<\/div>\n\t\t\t\t\t<\/div>\n\t\t\t\t<\/div>\n\t\t<div class=\"elementor-element elementor-element-5b313206 e-flex e-con-boxed e-con e-parent\" data-id=\"5b313206\" data-element_type=\"container\" data-e-type=\"container\">\n\t\t\t\t\t<div class=\"e-con-inner\">\n\t\t\t\t<div class=\"elementor-element elementor-element-1620a3f0 elementor-widget elementor-widget-text-editor\" data-id=\"1620a3f0\" data-element_type=\"widget\" data-e-type=\"widget\" data-widget_type=\"text-editor.default\">\n\t\t\t\t<div class=\"elementor-widget-container\">\n\t\t\t\t\t\t\t\t\t<p>El condado de Lincoln es una tierra llena de cadenas monta\u00f1osas, valles azotados por el viento, ranchos ganaderos y caballos salvajes.<br \/>\nSu entorno seco y \u00e1rido lo hace muy susceptible a los <a href=\"https:\/\/emergency.sncil.org\/es\/informacion-de-emergencia-en-caso-de-incendio\/\" target=\"_blank\" rel=\"noopener\"><span style=\"text-decoration: underline;\">incendios forestales<\/span><\/a>especialmente durante los meses de verano.<br \/>\nEs crucial que las personas mayores y las personas con discapacidad tengan un plan de evacuaci\u00f3n bien pensado, que tenga en cuenta sus necesidades particulares, en caso de incendio forestal.  <\/p>\n<p>Las lluvias torrenciales pueden provocar <a href=\"https:\/\/emergency.sncil.org\/es\/informacion-de-emergencia-por-lluvia-inundacion\/\" target=\"_blank\" rel=\"noopener\"><span style=\"text-decoration: underline;\">inundaciones repentinas<\/span><\/a>sobre todo en los valles y zonas des\u00e9rticas del pa\u00eds.<\/p>\n<p>Puedes ayudar a protegerte<\/p>\n<ul>\n<li>Piensa en c\u00f3mo podr\u00eda afectarte una inundaci\u00f3n<\/li>\n<li>Planificar tus necesidades en caso de<a href=\"https:\/\/emergency.sncil.org\/es\/evacuacion\/\" target=\"_blank\" rel=\"noopener\"> evacuaci\u00f3n<\/a>, <a href=\"https:\/\/emergency.sncil.org\/es\/refugiarse-en-el-lugar\/\" target=\"_blank\" rel=\"noopener\">quedarte atrapado en casa<\/a> o <a href=\"https:\/\/emergency.sncil.org\/es\/prepararse-para-un-apagon\/\" target=\"_blank\" rel=\"noopener\">quedarte sin electricidad<\/a><\/li>\n<li>Mantente informado sobre las <a href=\"http:\/\/www.weather.com\">previsiones meteorol\u00f3gicas <\/a> <\/li>\n<li>Preparar un espacio defendible alrededor de tu casa<\/li>\n<li><a href=\"https:\/\/www.nevadafireinfo.org\/\" target=\"_blank\" rel=\"noopener\">Mantente informado sobre los incendios forestales<\/a><\/li>\n<\/ul>\n<p>Es crucial que los residentes del condado de Lincoln se mantengan informados sobre posibles emergencias y cuenten con un <a href=\"https:\/\/emergency.sncil.org\/es\/cual-es-tu-plan-de-emergencia\/\" target=\"_blank\" rel=\"noopener\">plan de preparaci\u00f3n para emergencias<\/a>, que incluya <a href=\"https:\/\/emergency.sncil.org\/who-is-in-your-network\/\" target=\"_blank\" rel=\"noopener\">disponer de una red<\/a>, conocer las rutas de evacuaci\u00f3n, tener suministros de emergencia y permanecer atentos a las noticias y autoridades locales para estar al d\u00eda durante este tipo de sucesos.<\/p>\n<h3>Informaci\u00f3n de contacto en caso de emergencia<\/h3>\n<ul>\n<li>Emergencia: 9-1-1<\/li>\n<li>Emergencia de salud mental: 9-8-8<\/li>\n<li><a href=\"https:\/\/public.alertsense.com\/signup\/?regionid\">Alertas de emergencia y avisos de mal tiempo<\/a><\/li>\n<li><a href=\"https:\/\/lincolncountynv.org\/departments\/sheriffs-office\/\">Oficina del Sheriff del Condado de Lincoln:<\/a> 775-962-5151<\/li>\n<li><a href=\"https:\/\/lincolncountynv.org\/departments\/fire-protection-district\/\">Distrito de Protecci\u00f3n contra Incendios del Condado de Lincoln<\/a>: 775-962-8077<\/li>\n<li><a href=\"https:\/\/lincolncountynv.org\/departments\/emergency-manager\/\">Gesti\u00f3n de Emergencias del Condado de Lincoln:<\/a> 775-962-2376<\/li>\n<li><a href=\"https:\/\/public.alertsense.com\/signup\/?regionid\">Alertas de emergencia y avisos de mal tiempo<\/a><\/li>\n<li><a href=\"https:\/\/www.nvenergy.com\/contact-us\">NV Energy (Fugas de gas, cortes y emergencias):<\/a> 775-834-4100<\/li>\n<li><a href=\"https:\/\/dem.nv.gov\/preparedness\/Access___Functional_Needs\/\">Departamento de Gesti\u00f3n de Emergencias Necesidades Funcionales y de Acceso<\/a><\/li>\n<li><a href=\"https:\/\/disasterstrategies.org\/\">Asociaci\u00f3n para una cat\u00e1strofe inclusiva<\/a><\/li>\n<li><a href=\"https:\/\/www.adapacific.org\/\">ADA Pac\u00edfico<\/a><\/li>\n<li><a href=\"http:\/\/www.dps.nv.gov\">Patrulla de Carreteras<\/a> de Nevada: 775-688-2500<\/li>\n<li><a href=\"http:\/\/www.nevada.redcross.org\">Cruz Roja Americana<\/a>: 775-856-1000<\/li>\n<li><a href=\"http:\/\/www.salvationarmyusa.org\">Ej\u00e9rcito de Salvaci\u00f3n<\/a>: 775-688-4588<\/li>\n<li><a href=\"http:\/\/www.weather.com\">Actualizaciones meteorol\u00f3gicas<\/a><\/li>\n<li><a href=\"http:\/\/www.fbi.gov\">FBI<\/a> 775-825-6600<\/li>\n<li><a href=\"http:\/\/www.cdc.gov\">CDC<\/a>: 800-311-3435<\/li>\n<\/ul>\n\t\t\t\t\t\t\t\t<\/div>\n\t\t\t\t<\/div>\n\t\t\t\t\t<\/div>\n\t\t\t\t<\/div>\n\t\t\t\t<\/div>\n\t\t","protected":false},"excerpt":{"rendered":"<p>Condado de Lincoln El condado de Lincoln es una tierra llena de cadenas monta\u00f1osas, valles azotados por el viento, ranchos ganaderos y caballos salvajes. Su entorno seco y \u00e1rido lo hace muy susceptible a los incendios forestalesespecialmente durante los meses de verano. Es crucial que las personas mayores y las personas con discapacidad tengan un [&hellip;]<\/p>\n","protected":false},"author":1,"featured_media":0,"parent":5254,"menu_order":0,"comment_status":"closed","ping_status":"closed","template":"","meta":{"_mc_calendar":[],"footnotes":""},"class_list":["post-5268","page","type-page","status-publish","hentry"],"_links":{"self":[{"href":"https:\/\/emergency.sncil.org\/es\/wp-json\/wp\/v2\/pages\/5268","targetHints":{"allow":["GET"]}}],"collection":[{"href":"https:\/\/emergency.sncil.org\/es\/wp-json\/wp\/v2\/pages"}],"about":[{"href":"https:\/\/emergency.sncil.org\/es\/wp-json\/wp\/v2\/types\/page"}],"author":[{"embeddable":true,"href":"https:\/\/emergency.sncil.org\/es\/wp-json\/wp\/v2\/users\/1"}],"replies":[{"embeddable":true,"href":"https:\/\/emergency.sncil.org\/es\/wp-json\/wp\/v2\/comments?post=5268"}],"version-history":[{"count":2,"href":"https:\/\/emergency.sncil.org\/es\/wp-json\/wp\/v2\/pages\/5268\/revisions"}],"predecessor-version":[{"id":5660,"href":"https:\/\/emergency.sncil.org\/es\/wp-json\/wp\/v2\/pages\/5268\/revisions\/5660"}],"up":[{"embeddable":true,"href":"https:\/\/emergency.sncil.org\/es\/wp-json\/wp\/v2\/pages\/5254"}],"wp:attachment":[{"href":"https:\/\/emergency.sncil.org\/es\/wp-json\/wp\/v2\/media?parent=5268"}],"curies":[{"name":"wp","href":"https:\/\/api.w.org\/{rel}","templated":true}]}}