{"id":5264,"date":"2018-02-08T06:54:06","date_gmt":"2018-02-08T06:54:06","guid":{"rendered":"https:\/\/emergency.sncil.org\/defensa\/"},"modified":"2024-10-09T18:36:25","modified_gmt":"2024-10-09T18:36:25","slug":"defensa","status":"publish","type":"page","link":"https:\/\/emergency.sncil.org\/es\/defensa\/","title":{"rendered":"Defensa"},"content":{"rendered":"\t\t<div data-elementor-type=\"wp-page\" data-elementor-id=\"5264\" class=\"elementor elementor-5264 elementor-68\" data-elementor-post-type=\"page\">\n\t\t\t\t<div class=\"elementor-element elementor-element-2c37791c e-flex e-con-boxed e-con e-parent\" data-id=\"2c37791c\" data-element_type=\"container\" data-e-type=\"container\">\n\t\t\t\t\t<div class=\"e-con-inner\">\n\t\t\t\t<div class=\"elementor-element elementor-element-527da7a elementor-widget elementor-widget-theme-post-featured-image elementor-widget-image\" data-id=\"527da7a\" data-element_type=\"widget\" data-e-type=\"widget\" data-widget_type=\"theme-post-featured-image.default\">\n\t\t\t\t<div class=\"elementor-widget-container\">\n\t\t\t\t\t\t\t\t\t\t\t\t\t\t\t<img fetchpriority=\"high\" decoding=\"async\" width=\"1440\" height=\"480\" src=\"https:\/\/emergency.sncil.org\/wp-content\/uploads\/2024\/09\/Advocacy-Header-2.png\" class=\"attachment-full size-full wp-image-5209\" alt=\"Woman using sign language to talk on her computer\" srcset=\"https:\/\/emergency.sncil.org\/wp-content\/uploads\/2024\/09\/Advocacy-Header-2.png 1440w, https:\/\/emergency.sncil.org\/wp-content\/uploads\/2024\/09\/Advocacy-Header-2-300x100.png 300w, https:\/\/emergency.sncil.org\/wp-content\/uploads\/2024\/09\/Advocacy-Header-2-1024x341.png 1024w, https:\/\/emergency.sncil.org\/wp-content\/uploads\/2024\/09\/Advocacy-Header-2-768x256.png 768w\" sizes=\"(max-width: 1440px) 100vw, 1440px\" \/>\t\t\t\t\t\t\t\t\t\t\t\t\t\t\t<\/div>\n\t\t\t\t<\/div>\n\t\t<div class=\"elementor-element elementor-element-c8d358b e-flex e-con-boxed e-con e-child\" data-id=\"c8d358b\" data-element_type=\"container\" data-e-type=\"container\">\n\t\t\t\t\t<div class=\"e-con-inner\">\n\t\t<div class=\"elementor-element elementor-element-fba1f4a e-flex e-con-boxed e-con e-child\" data-id=\"fba1f4a\" data-element_type=\"container\" data-e-type=\"container\">\n\t\t\t\t\t<div class=\"e-con-inner\">\n\t\t<div class=\"elementor-element elementor-element-6ff754b e-con-full e-flex e-con e-child\" data-id=\"6ff754b\" data-element_type=\"container\" data-e-type=\"container\">\n\t\t\t\t<div class=\"elementor-element elementor-element-c0cbfca elementor-widget elementor-widget-sidebar\" data-id=\"c0cbfca\" data-element_type=\"widget\" data-e-type=\"widget\" data-widget_type=\"sidebar.default\">\n\t\t\t\t<div class=\"elementor-widget-container\">\n\t\t\t\t\t<aside class=\"widget widget_nav_menu\"><div class=\"menu-services-menu-container\"><ul id=\"menu-services-menu\" class=\"menu\"><li id=\"menu-item-505\" class=\"menu-item menu-item-type-post_type menu-item-object-page menu-item-505\"><a href=\"https:\/\/emergency.sncil.org\/advocacy\/\">Defensa<\/a><\/li>\n<\/ul><\/div><\/aside>\t\t\t\t<\/div>\n\t\t\t\t<\/div>\n\t\t\t\t<\/div>\n\t\t<div class=\"elementor-element elementor-element-a114581 e-con-full e-flex e-con e-child\" data-id=\"a114581\" data-element_type=\"container\" data-e-type=\"container\">\n\t\t\t\t<div class=\"elementor-element elementor-element-223ea03a elementor-widget elementor-widget-text-editor\" data-id=\"223ea03a\" data-element_type=\"widget\" data-e-type=\"widget\" data-widget_type=\"text-editor.default\">\n\t\t\t\t<div class=\"elementor-widget-container\">\n\t\t\t\t\t\t\t\t\t<h1>Defensa<\/h1>\n<h2>Servicios de Defensa Individual y de Sistemas<\/h2>\n<p>El SNCIL trabaja en la comunidad para marcar la diferencia en la vida de las personas con discapacidad, eliminando barreras y centrando sus esfuerzos en la accesibilidad a los servicios p\u00fablicos, la educaci\u00f3n y las prestaciones.<br \/>\nComo CIL, estamos a la vanguardia de la defensa del acceso, la elecci\u00f3n y la autodeterminaci\u00f3n de las personas con discapacidad.<br \/>\nEl SNCIL puede ayudar a defender los derechos de las personas con cualquier tipo de discapacidad, tanto a nivel individual como del sistema.  <\/p>\n<p>La defensa es uno de los servicios b\u00e1sicos que prestan los centros para la vida independiente. SNCIL y todos los dem\u00e1s centros para la vida independiente promueven y ofrecen ambos tipos de defensa. Adem\u00e1s de reunirnos en persona, a menudo tambi\u00e9n proporcionamos este tipo de apoyo por tel\u00e9fono y correo electr\u00f3nico.  <\/p>\n<h2>La defensa puede ser:<\/h2>\n<h3><strong>Pedir lo que quieres  <\/strong><\/h3>\n<ul>\n<li>Hablar con alguien que tiene poder para cambiar las cosas<\/li>\n<li>Enviar una carta<\/li>\n<li>Pedir hablar con el supervisor o responsable<\/li>\n<\/ul>\n<h3><strong>Realizar una acci\u00f3n  <\/strong><\/h3>\n<ul>\n<li>Haz una llamada<\/li>\n<li>Env\u00eda un correo electr\u00f3nico<\/li>\n<li>Env\u00eda una carta &#8211; \u00a1f\u00edrmala siempre!<\/li>\n<\/ul>\n<h3><strong>Contactar con los medios de comunicaci\u00f3n<\/strong><\/h3>\n<ul>\n<li>\n<h3>Escribe una carta al director<\/h3>\n<\/li>\n<li>Escribe un art\u00edculo en el bolet\u00edn sobre un tema para informar y movilizar<\/li>\n<li>Habla con los medios de comunicaci\u00f3n (periodista, locutor de radio, etc.)<\/li>\n<\/ul>\n<h3><strong>Hablar con un responsable pol\u00edtico<\/strong><\/h3>\n<ul>\n<li>Concejal, Alcalde, Legislador Estatal, Congresista de EE.UU.<\/li>\n<li>Testificar en audiencias y reuniones p\u00fablicas<\/li>\n<\/ul>\n<h3><strong>\u00danete a un organismo de elaboraci\u00f3n de pol\u00edticas<\/strong><\/h3>\n<ul>\n<li>Un consejo o comisi\u00f3n gubernamental<\/li>\n<li>Una junta directiva organizativa<\/li>\n<\/ul>\n<h3><strong>Utilizar tus derechos civiles  <\/strong><\/h3>\n<ul>\n<li>Presentar un recurso o una reclamaci\u00f3n cuando no est\u00e1s de acuerdo con la decisi\u00f3n de un proveedor de servicios<\/li>\n<li>Presentar una queja sobre la ADA ante el Fiscal General de Nevada o el Departamento de Justicia de EE.UU.<\/li>\n<li>Conoce tus derechos y responsabilidades<\/li>\n<\/ul>\n<h3><strong>Impl\u00edcate en tu partido pol\u00edtico favorito a nivel local  <\/strong><\/h3>\n<ul>\n<li>Ser voluntario en una campa\u00f1a pol\u00edtica te da acceso a la informaci\u00f3n y a otras personas que piensan como t\u00fa<\/li>\n<li>Iniciar o firmar una petici\u00f3n<\/li>\n<li>Participar u organizar una concentraci\u00f3n, rueda de prensa o manifestaci\u00f3n<\/li>\n<li>Inscr\u00edbete para votar &#8211; \u00a1y vota!<\/li>\n<\/ul>\n\t\t\t\t\t\t\t\t<\/div>\n\t\t\t\t<\/div>\n\t\t\t\t<\/div>\n\t\t\t\t\t<\/div>\n\t\t\t\t<\/div>\n\t\t\t\t\t<\/div>\n\t\t\t\t<\/div>\n\t\t\t\t\t<\/div>\n\t\t\t\t<\/div>\n\t\t\t\t<\/div>\n\t\t","protected":false},"excerpt":{"rendered":"<p>Defensa Servicios de Defensa Individual y de Sistemas El SNCIL trabaja en la comunidad para marcar la diferencia en la vida de las personas con discapacidad, eliminando barreras y centrando sus esfuerzos en la accesibilidad a los servicios p\u00fablicos, la educaci\u00f3n y las prestaciones. Como CIL, estamos a la vanguardia de la defensa del acceso, [&hellip;]<\/p>\n","protected":false},"author":5,"featured_media":5209,"parent":0,"menu_order":0,"comment_status":"closed","ping_status":"closed","template":"","meta":{"_mc_calendar":[],"footnotes":""},"class_list":["post-5264","page","type-page","status-publish","has-post-thumbnail","hentry"],"_links":{"self":[{"href":"https:\/\/emergency.sncil.org\/es\/wp-json\/wp\/v2\/pages\/5264","targetHints":{"allow":["GET"]}}],"collection":[{"href":"https:\/\/emergency.sncil.org\/es\/wp-json\/wp\/v2\/pages"}],"about":[{"href":"https:\/\/emergency.sncil.org\/es\/wp-json\/wp\/v2\/types\/page"}],"author":[{"embeddable":true,"href":"https:\/\/emergency.sncil.org\/es\/wp-json\/wp\/v2\/users\/5"}],"replies":[{"embeddable":true,"href":"https:\/\/emergency.sncil.org\/es\/wp-json\/wp\/v2\/comments?post=5264"}],"version-history":[{"count":2,"href":"https:\/\/emergency.sncil.org\/es\/wp-json\/wp\/v2\/pages\/5264\/revisions"}],"predecessor-version":[{"id":5372,"href":"https:\/\/emergency.sncil.org\/es\/wp-json\/wp\/v2\/pages\/5264\/revisions\/5372"}],"wp:featuredmedia":[{"embeddable":true,"href":"https:\/\/emergency.sncil.org\/es\/wp-json\/wp\/v2\/media\/5209"}],"wp:attachment":[{"href":"https:\/\/emergency.sncil.org\/es\/wp-json\/wp\/v2\/media?parent=5264"}],"curies":[{"name":"wp","href":"https:\/\/api.w.org\/{rel}","templated":true}]}}