{"id":5260,"date":"2024-06-01T22:27:57","date_gmt":"2024-06-01T22:27:57","guid":{"rendered":"https:\/\/emergency.sncil.org\/formulario-de-busqueda-de-informacion-de-emergencia\/"},"modified":"2025-09-16T20:29:31","modified_gmt":"2025-09-16T20:29:31","slug":"formulario-de-busqueda-de-informacion-de-emergencia","status":"publish","type":"page","link":"https:\/\/emergency.sncil.org\/es\/","title":{"rendered":"Formulario de b\u00fasqueda de informaci\u00f3n de emergencia"},"content":{"rendered":"\t\t<div data-elementor-type=\"wp-page\" data-elementor-id=\"5260\" class=\"elementor elementor-5260 elementor-1648\" data-elementor-post-type=\"page\">\n\t\t\t\t<div class=\"elementor-element elementor-element-22a0ca1 e-flex e-con-boxed e-con e-parent\" data-id=\"22a0ca1\" data-element_type=\"container\" data-e-type=\"container\">\n\t\t\t\t\t<div class=\"e-con-inner\">\n\t\t\t\t<div class=\"elementor-element elementor-element-18eb36f elementor-widget elementor-widget-image\" data-id=\"18eb36f\" data-element_type=\"widget\" data-e-type=\"widget\" data-widget_type=\"image.default\">\n\t\t\t\t<div class=\"elementor-widget-container\">\n\t\t\t\t\t\t\t\t\t\t\t\t\t\t\t<img fetchpriority=\"high\" decoding=\"async\" width=\"800\" height=\"382\" src=\"https:\/\/emergency.sncil.org\/wp-content\/uploads\/2024\/10\/Spanish-Search-Header-SNCIL-1024x489.jpg\" class=\"attachment-large size-large wp-image-5558\" alt=\"\" srcset=\"https:\/\/emergency.sncil.org\/wp-content\/uploads\/2024\/10\/Spanish-Search-Header-SNCIL-1024x489.jpg 1024w, https:\/\/emergency.sncil.org\/wp-content\/uploads\/2024\/10\/Spanish-Search-Header-SNCIL-300x143.jpg 300w, https:\/\/emergency.sncil.org\/wp-content\/uploads\/2024\/10\/Spanish-Search-Header-SNCIL-768x366.jpg 768w, https:\/\/emergency.sncil.org\/wp-content\/uploads\/2024\/10\/Spanish-Search-Header-SNCIL.jpg 1440w\" sizes=\"(max-width: 800px) 100vw, 800px\" \/>\t\t\t\t\t\t\t\t\t\t\t\t\t\t\t<\/div>\n\t\t\t\t<\/div>\n\t\t\t\t\t<\/div>\n\t\t\t\t<\/div>\n\t\t<div class=\"elementor-element elementor-element-59ab09e e-flex e-con-boxed e-con e-parent\" data-id=\"59ab09e\" data-element_type=\"container\" data-e-type=\"container\">\n\t\t\t\t\t<div class=\"e-con-inner\">\n\t\t\t\t<div class=\"elementor-element elementor-element-ea6099a elementor-widget elementor-widget-heading\" data-id=\"ea6099a\" data-element_type=\"widget\" data-e-type=\"widget\" data-widget_type=\"heading.default\">\n\t\t\t\t<div class=\"elementor-widget-container\">\n\t\t\t\t\t<h2 class=\"elementor-heading-title elementor-size-default\">Convirt\u00e1monos en nuestros propios primeros intervinientes<br>...<span style=\"color:#00623A\">Juntos<\/span><\/h2>\t\t\t\t<\/div>\n\t\t\t\t<\/div>\n\t\t\t\t<div class=\"elementor-element elementor-element-74b9499 elementor-widget elementor-widget-text-editor\" data-id=\"74b9499\" data-element_type=\"widget\" data-e-type=\"widget\" data-widget_type=\"text-editor.default\">\n\t\t\t\t<div class=\"elementor-widget-container\">\n\t\t\t\t\t\t\t\t\t<p>Las emergencias pueden ocurrir en cualquier momento, pero es menos probable que tengan consecuencias a largo plazo si t\u00fa y tus seres queridos est\u00e1is preparados.<br \/>\nPara las personas mayores y discapacitadas, disponer de un plan es a\u00fan m\u00e1s esencial para garantizar la seguridad en caso de inundaci\u00f3n, incendio, tormenta, apag\u00f3n, terremoto u otra emergencia. <\/p>\n<p><span style=\"color: #000000;\">Aqu\u00ed tienes cuatro preguntas a tener en cuenta que te ayudar\u00e1n a prepararte antes de una cat\u00e1strofe, a mantenerte a salvo durante ella y a recuperarte despu\u00e9s:<\/span><\/p>\n<ol>\n<li><span style=\"color: #000000;\"><strong><span style=\"color: #00623a;\">\u00bfCu\u00e1l es tu plan?<\/span><\/strong><a href=\"https:\/\/emergency.sncil.org\/what-is-your-emergency-plan\/\" target=\"_blank\" rel=\"noopener\"><span style=\"text-decoration: underline;\"> Desc\u00e1rgate este<\/span> plan de emergencia<\/a> y rell\u00e9nalo con tus datos y cualquier circunstancia especial.<br \/>\nLuego impr\u00edmelo y col\u00f3calo en alg\u00fan lugar donde puedas encontrarlo f\u00e1cilmente (como dentro de un armario de la cocina), donde puedas revisarlo f\u00e1cilmente y llev\u00e1rtelo contigo en caso necesario.   <\/span><\/li>\n<li><span style=\"color: #000000;\"><span style=\"color: #00623a;\"><strong>\u00bfD\u00f3nde est\u00e1 tu bolsa? <\/strong><\/span>Querr\u00e1s tener una Bolsa de Viaje (o caja) que contenga todo lo que necesitar\u00e1s si tienes que salir de casa durante unos d\u00edas. <a href=\"https:\/\/emergency.sncil.org\/what-is-in-your-bag\/\" target=\"_blank\" rel=\"noopener\">Desc\u00e1rgate esta lista<\/a>, piensa en lo que necesitar\u00e1s cada d\u00eda, marca los art\u00edculos que te correspondan y luego impr\u00edmela para utilizarla en la preparaci\u00f3n de tu bolsa.<\/span><\/li>\n<li><span style=\"color: #000000;\"><span style=\"color: #00623a;\"><strong>\u00bfQui\u00e9n est\u00e1 en tu red?  <\/strong><\/span>Habla con tus amigos y familiares con antelaci\u00f3n para saber a qui\u00e9n puedes ayudar y qui\u00e9n puede ayudarte, y luego comparte tu plan con ellos.<br \/>\nConoce a tus vecinos.<br \/>\nAdem\u00e1s de la preparaci\u00f3n para emergencias, esto resulta \u00fatil por todo tipo de razones, desde conseguir ayuda para quitar la nieve hasta avisar a un vecino de que su perro se ha escapado. <a href=\"https:\/\/emergency.sncil.org\/who-are-your-people\/\" target=\"_blank\" rel=\"noopener\">Utiliza este formulario descargable<\/a> para llevar un registro de tus personas y su informaci\u00f3n de contacto.  <\/span><\/li>\n<li><span style=\"color: #000000;\"><span style=\"color: #00623a;\"><strong>\u00bfCu\u00e1ndo practicas?  <\/strong><\/span>Estos detalles pueden olvidarse f\u00e1cilmente a medida que avanzamos en nuestra vida cotidiana.<br \/>\nPor eso es importante practicar con regularidad, hasta que se conviertan en memoria muscular.<br \/>\nConsidera la posibilidad de programar una pr\u00e1ctica familiar cada seis meses, cuando cambie la hora y cambies las pilas de los detectores de humo.  <\/span><\/li>\n<\/ol>\n<p>Esto puede parecer mucho, pero no te agobies.<br \/>\nConc\u00e9ntrate en una cosa cada vez hasta que todo est\u00e9 en su sitio. <\/p>\n\t\t\t\t\t\t\t\t<\/div>\n\t\t\t\t<\/div>\n\t\t\t\t<div class=\"elementor-element elementor-element-7006df0 elementor-widget elementor-widget-text-editor\" data-id=\"7006df0\" data-element_type=\"widget\" data-e-type=\"widget\" data-widget_type=\"text-editor.default\">\n\t\t\t\t<div class=\"elementor-widget-container\">\n\t\t\t\t\t\t\t\t\t<h2>Formulario de b\u00fasqueda de emergencia<\/h2>\n\t\t\t\t\t\t\t\t<\/div>\n\t\t\t\t<\/div>\n\t\t\t\t<div class=\"elementor-element elementor-element-3ce830d elementor-widget__width-initial elementor-widget elementor-widget-shortcode\" data-id=\"3ce830d\" data-element_type=\"widget\" data-e-type=\"widget\" data-widget_type=\"shortcode.default\">\n\t\t\t\t<div class=\"elementor-widget-container\">\n\t\t\t\t\t\t\t<div class=\"elementor-shortcode\"><div class=\"wpforms-container wpforms-container-full wpforms-render-modern\" id=\"wpforms-1813\"><form id=\"wpforms-form-1813\" class=\"wpforms-validate wpforms-form wpforms-ajax-form\" data-formid=\"1813\" method=\"post\" enctype=\"multipart\/form-data\" action=\"\/es\/wp-json\/wp\/v2\/pages\/5260\" data-token=\"68d188975f6529ec606e52809671acff\" data-token-time=\"1778332454\"><noscript class=\"wpforms-error-noscript\">Por favor, activa JavaScript en tu navegador para completar este formulario.<\/noscript><div class=\"wpforms-hidden\" id=\"wpforms-error-noscript\">Por favor, activa JavaScript en tu navegador para completar este formulario.<\/div><div class=\"wpforms-field-container\"><div id=\"wpforms-1813-field_1-container\" class=\"wpforms-field wpforms-field-select wpforms-field-select-style-classic\" data-field-id=\"1\"><label class=\"wpforms-field-label\" for=\"wpforms-1813-field_1\">Seleccione Emergencia <span class=\"wpforms-required-label\" aria-hidden=\"true\">*<\/span><\/label><select id=\"wpforms-1813-field_1\" class=\"wpforms-field-medium wpforms-field-required\" name=\"wpforms[fields][1]\" required=\"required\"><option value=\"Terremoto\" >Terremoto<\/option><option value=\"Incendios\" >Incendios<\/option><option value=\"Tormenta de Nieve\" >Tormenta de Nieve<\/option><option value=\"lluvias\/Inundaciones\" >lluvias\/Inundaciones<\/option><option value=\"Ola de Calor\" >Ola de Calor<\/option><option value=\"Pandemia\" >Pandemia<\/option><option value=\"Terrorsimo\/Tiroteos\" >Terrorsimo\/Tiroteos<\/option><\/select><\/div><div id=\"wpforms-1813-field_2-container\" class=\"wpforms-field wpforms-field-checkbox wpforms-list-3-columns\" data-field-id=\"2\"><fieldset><legend class=\"wpforms-field-label\">Informaci\u00f3n espec\u00edfica sobre discapacidad<\/legend><ul id=\"wpforms-1813-field_2\" class=\"wpforms-icon-choices wpforms-icon-choices-default wpforms-icon-choices-large\" style=\"--wpforms-icon-choices-color: #066aab;\"><li class=\"choice-1 depth-1 wpforms-icon-choices-item\"><label class=\"wpforms-field-label-inline\" for=\"wpforms-1813-field_2_1\">\n\t\t\t\t<span class=\"wpforms-icon-choices-icon\">\n\t\t\t\t\t<svg xmlns=\"http:\/\/www.w3.org\/2000\/svg\" width=\"80\" height=\"64px\" viewBox=\"0 0 512 512\"><!--! Font Awesome Free 6.4.0 by @fontawesome - https:\/\/fontawesome.com License - https:\/\/fontawesome.com\/license\/free (Icons: CC BY 4.0, Fonts: SIL OFL 1.1, Code: MIT License) Copyright 2023 Fonticons, Inc. --><path d=\"M502.6 54.6l-40 40c-12.5 12.5-32.8 12.5-45.3 0s-12.5-32.8 0-45.3l40-40c12.5-12.5 32.8-12.5 45.3 0s12.5 32.8 0 45.3zm-320 320l-128 128c-12.5 12.5-32.8 12.5-45.3 0s-12.5-32.8 0-45.3l128-128c12.5-12.5 32.8-12.5 45.3 0s12.5 32.8 0 45.3zM240 128c-57.6 0-105.1 43.6-111.3 99.5c-1.9 17.6-17.8 30.2-35.3 28.3s-30.2-17.8-28.3-35.3C74.8 132.5 149.4 64 240 64c97.2 0 176 78.8 176 176c0 46-17.7 87.9-46.6 119.3c-12 13-17.4 24.8-17.4 34.7V400c0 61.9-50.1 112-112 112c-17.7 0-32-14.3-32-32s14.3-32 32-32c26.5 0 48-21.5 48-48v-6.1c0-32.9 17.4-59.6 34.4-78c18.4-20 29.6-46.6 29.6-75.9c0-61.9-50.1-112-112-112zm0 80c-17.7 0-32 14.3-32 32c0 13.3-10.7 24-24 24s-24-10.7-24-24c0-44.2 35.8-80 80-80s80 35.8 80 80c0 13.3-10.7 24-24 24s-24-10.7-24-24c0-17.7-14.3-32-32-32z\"\/><\/svg>\n\t\t\t\t\t<span class=\"wpforms-icon-choices-icon-bg\"><\/span>\n\t\t\t\t<\/span>\n\t\t\t\t<input type=\"checkbox\" id=\"wpforms-1813-field_2_1\" class=\"wpforms-screen-reader-element\" name=\"wpforms[fields][2][]\" value=\"deaf\" aria-errormessage=\"wpforms-1813-field_2_1-error\"  >\n\t\t\t\t<span class=\"wpforms-icon-choices-label\">Sordos y con problemas de audici\u00f3n<\/span>\n\t\t\t<\/label><\/li><li class=\"choice-2 depth-1 wpforms-icon-choices-item\"><label class=\"wpforms-field-label-inline\" for=\"wpforms-1813-field_2_2\">\n\t\t\t\t<span class=\"wpforms-icon-choices-icon\">\n\t\t\t\t\t<svg xmlns=\"http:\/\/www.w3.org\/2000\/svg\" width=\"80\" height=\"64px\" viewBox=\"0 0 640 512\"><!--! Font Awesome Free 6.4.0 by @fontawesome - https:\/\/fontawesome.com License - https:\/\/fontawesome.com\/license\/free (Icons: CC BY 4.0, Fonts: SIL OFL 1.1, Code: MIT License) Copyright 2023 Fonticons, Inc. --><path d=\"M38.8 5.1C28.4-3.1 13.3-1.2 5.1 9.2S-1.2 34.7 9.2 42.9l592 464c10.4 8.2 25.5 6.3 33.7-4.1s6.3-25.5-4.1-33.7L525.6 386.7c39.6-40.6 66.4-86.1 79.9-118.4c3.3-7.9 3.3-16.7 0-24.6c-14.9-35.7-46.2-87.7-93-131.1C465.5 68.8 400.8 32 320 32c-68.2 0-125 26.3-169.3 60.8L38.8 5.1zM223 149.5c48.6-44.3 123-50.8 179.3-11.7c60.8 42.4 78.9 123.2 44.2 186.9L408 294.5c8.4-19.3 10.6-41.4 4.8-63.3c-11.1-41.5-47.8-69.4-88.6-71.1c-5.8-.2-9.2 6.1-7.4 11.7c2.1 6.4 3.3 13.2 3.3 20.3c0 10.2-2.4 19.8-6.6 28.3L223 149.5zm223.1 298L83.1 161.5c-11 14.4-20.5 28.7-28.4 42.2l339 265.7c18.7-5.5 36.2-13 52.6-21.8zM34.5 268.3c14.9 35.7 46.2 87.7 93 131.1C174.5 443.2 239.2 480 320 480c3.1 0 6.1-.1 9.2-.2L33.1 247.8c-1.8 6.8-1.3 14 1.4 20.5z\"\/><\/svg>\n\t\t\t\t\t<span class=\"wpforms-icon-choices-icon-bg\"><\/span>\n\t\t\t\t<\/span>\n\t\t\t\t<input type=\"checkbox\" id=\"wpforms-1813-field_2_2\" class=\"wpforms-screen-reader-element\" name=\"wpforms[fields][2][]\" value=\"blind\" aria-errormessage=\"wpforms-1813-field_2_2-error\"  >\n\t\t\t\t<span class=\"wpforms-icon-choices-label\">Ciegos y Baja Visi\u00f3n<\/span>\n\t\t\t<\/label><\/li><li class=\"choice-3 depth-1 wpforms-icon-choices-item\"><label class=\"wpforms-field-label-inline\" for=\"wpforms-1813-field_2_3\">\n\t\t\t\t<span class=\"wpforms-icon-choices-icon\">\n\t\t\t\t\t<svg xmlns=\"http:\/\/www.w3.org\/2000\/svg\" width=\"80\" height=\"64px\" viewBox=\"0 0 512 512\"><!--! Font Awesome Free 6.4.0 by @fontawesome - https:\/\/fontawesome.com License - https:\/\/fontawesome.com\/license\/free (Icons: CC BY 4.0, Fonts: SIL OFL 1.1, Code: MIT License) Copyright 2023 Fonticons, Inc. --><path d=\"M192 96a48 48 0 1 0 0-96 48 48 0 1 0 0 96zM120.5 247.2c12.4-4.7 18.7-18.5 14-30.9s-18.5-18.7-30.9-14C43.1 225.1 0 283.5 0 352c0 88.4 71.6 160 160 160c61.2 0 114.3-34.3 141.2-84.7c6.2-11.7 1.8-26.2-9.9-32.5s-26.2-1.8-32.5 9.9C240 440 202.8 464 160 464C98.1 464 48 413.9 48 352c0-47.9 30.1-88.8 72.5-104.8zM259.8 176l-1.9-9.7c-4.5-22.3-24-38.3-46.8-38.3c-30.1 0-52.7 27.5-46.8 57l23.1 115.5c6 29.9 32.2 51.4 62.8 51.4h5.1c.4 0 .8 0 1.3 0h94.1c6.7 0 12.6 4.1 15 10.4L402 459.2c6 16.1 23.8 24.6 40.1 19.1l48-16c16.8-5.6 25.8-23.7 20.2-40.5s-23.7-25.8-40.5-20.2l-18.7 6.2-25.5-68c-11.7-31.2-41.6-51.9-74.9-51.9H282.2l-9.6-48H336c17.7 0 32-14.3 32-32s-14.3-32-32-32H259.8z\"\/><\/svg>\n\t\t\t\t\t<span class=\"wpforms-icon-choices-icon-bg\"><\/span>\n\t\t\t\t<\/span>\n\t\t\t\t<input type=\"checkbox\" id=\"wpforms-1813-field_2_3\" class=\"wpforms-screen-reader-element\" name=\"wpforms[fields][2][]\" value=\"physical\" aria-errormessage=\"wpforms-1813-field_2_3-error\"  >\n\t\t\t\t<span class=\"wpforms-icon-choices-label\">F\u00edsico<\/span>\n\t\t\t<\/label><\/li><li class=\"choice-4 depth-1 wpforms-icon-choices-item\"><label class=\"wpforms-field-label-inline\" for=\"wpforms-1813-field_2_4\">\n\t\t\t\t<span class=\"wpforms-icon-choices-icon\">\n\t\t\t\t\t<svg xmlns=\"http:\/\/www.w3.org\/2000\/svg\" width=\"80\" height=\"64px\" viewBox=\"0 0 512 512\"><!--! Font Awesome Free 6.4.0 by @fontawesome - https:\/\/fontawesome.com License - https:\/\/fontawesome.com\/license\/free (Icons: CC BY 4.0, Fonts: SIL OFL 1.1, Code: MIT License) Copyright 2023 Fonticons, Inc. --><path d=\"M184 0c30.9 0 56 25.1 56 56V456c0 30.9-25.1 56-56 56c-28.9 0-52.7-21.9-55.7-50.1c-5.2 1.4-10.7 2.1-16.3 2.1c-35.3 0-64-28.7-64-64c0-7.4 1.3-14.6 3.6-21.2C21.4 367.4 0 338.2 0 304c0-31.9 18.7-59.5 45.8-72.3C37.1 220.8 32 207 32 192c0-30.7 21.6-56.3 50.4-62.6C80.8 123.9 80 118 80 112c0-29.9 20.6-55.1 48.3-62.1C131.3 21.9 155.1 0 184 0zM328 0c28.9 0 52.6 21.9 55.7 49.9c27.8 7 48.3 32.1 48.3 62.1c0 6-.8 11.9-2.4 17.4c28.8 6.2 50.4 31.9 50.4 62.6c0 15-5.1 28.8-13.8 39.7C493.3 244.5 512 272.1 512 304c0 34.2-21.4 63.4-51.6 74.8c2.3 6.6 3.6 13.8 3.6 21.2c0 35.3-28.7 64-64 64c-5.6 0-11.1-.7-16.3-2.1c-3 28.2-26.8 50.1-55.7 50.1c-30.9 0-56-25.1-56-56V56c0-30.9 25.1-56 56-56z\"\/><\/svg>\n\t\t\t\t\t<span class=\"wpforms-icon-choices-icon-bg\"><\/span>\n\t\t\t\t<\/span>\n\t\t\t\t<input type=\"checkbox\" id=\"wpforms-1813-field_2_4\" class=\"wpforms-screen-reader-element\" name=\"wpforms[fields][2][]\" value=\"cognitive\" aria-errormessage=\"wpforms-1813-field_2_4-error\"  >\n\t\t\t\t<span class=\"wpforms-icon-choices-label\">Cognitivo<\/span>\n\t\t\t<\/label><\/li><li class=\"choice-5 depth-1 wpforms-icon-choices-item\"><label class=\"wpforms-field-label-inline\" for=\"wpforms-1813-field_2_5\">\n\t\t\t\t<span class=\"wpforms-icon-choices-icon\">\n\t\t\t\t\t<svg xmlns=\"http:\/\/www.w3.org\/2000\/svg\" width=\"80\" height=\"64px\" viewBox=\"0 0 512 512\"><!--! Font Awesome Free 6.4.0 by @fontawesome - https:\/\/fontawesome.com License - https:\/\/fontawesome.com\/license\/free (Icons: CC BY 4.0, Fonts: SIL OFL 1.1, Code: MIT License) Copyright 2023 Fonticons, Inc. --><path d=\"M208 48a48 48 0 1 1 96 0 48 48 0 1 1 -96 0zm40 304V480c0 17.7-14.3 32-32 32s-32-14.3-32-32V256.9l-28.6 47.5c-9.1 15.1-28.8 20-43.9 10.9s-20-28.8-10.9-43.9l58.3-97c17.4-28.9 48.6-46.6 82.3-46.6h29.7c33.7 0 64.9 17.7 82.3 46.6l58.3 97c9.1 15.1 4.2 34.8-10.9 43.9s-34.8 4.2-43.9-10.9L328 256.9V480c0 17.7-14.3 32-32 32s-32-14.3-32-32V352H248zM7 7C16.4-2.3 31.6-2.3 41 7l80 80c9.4 9.4 9.4 24.6 0 33.9s-24.6 9.4-33.9 0L7 41C-2.3 31.6-2.3 16.4 7 7zM471 7c9.4-9.4 24.6-9.4 33.9 0s9.4 24.6 0 33.9l-80 80c-9.4 9.4-24.6 9.4-33.9 0s-9.4-24.6 0-33.9L471 7zM7 505c-9.4-9.4-9.4-24.6 0-33.9l80-80c9.4-9.4 24.6-9.4 33.9 0s9.4 24.6 0 33.9L41 505c-9.4 9.4-24.6 9.4-33.9 0zm464 0l-80-80c-9.4-9.4-9.4-24.6 0-33.9s24.6-9.4 33.9 0l80 80c9.4 9.4 9.4 24.6 0 33.9s-24.6 9.4-33.9 0z\"\/><\/svg>\n\t\t\t\t\t<span class=\"wpforms-icon-choices-icon-bg\"><\/span>\n\t\t\t\t<\/span>\n\t\t\t\t<input type=\"checkbox\" id=\"wpforms-1813-field_2_5\" class=\"wpforms-screen-reader-element\" name=\"wpforms[fields][2][]\" value=\"mental\" aria-errormessage=\"wpforms-1813-field_2_5-error\"  >\n\t\t\t\t<span class=\"wpforms-icon-choices-label\">Mental\/Emocional<\/span>\n\t\t\t<\/label><\/li><li class=\"choice-6 depth-1 wpforms-icon-choices-item\"><label class=\"wpforms-field-label-inline\" for=\"wpforms-1813-field_2_6\">\n\t\t\t\t<span class=\"wpforms-icon-choices-icon\">\n\t\t\t\t\t<svg xmlns=\"http:\/\/www.w3.org\/2000\/svg\" width=\"80\" height=\"64px\" viewBox=\"0 0 448 512\"><!--! Font Awesome Free 6.4.0 by @fontawesome - https:\/\/fontawesome.com License - https:\/\/fontawesome.com\/license\/free (Icons: CC BY 4.0, Fonts: SIL OFL 1.1, Code: MIT License) Copyright 2023 Fonticons, Inc. --><path d=\"M224 256A128 128 0 1 0 224 0a128 128 0 1 0 0 256zm-96 55.2C54 332.9 0 401.3 0 482.3C0 498.7 13.3 512 29.7 512H418.3c16.4 0 29.7-13.3 29.7-29.7c0-81-54-149.4-128-171.1V362c27.6 7.1 48 32.2 48 62v40c0 8.8-7.2 16-16 16H336c-8.8 0-16-7.2-16-16s7.2-16 16-16V424c0-17.7-14.3-32-32-32s-32 14.3-32 32v24c8.8 0 16 7.2 16 16s-7.2 16-16 16H256c-8.8 0-16-7.2-16-16V424c0-29.8 20.4-54.9 48-62V304.9c-6-.6-12.1-.9-18.3-.9H178.3c-6.2 0-12.3 .3-18.3 .9v65.4c23.1 6.9 40 28.3 40 53.7c0 30.9-25.1 56-56 56s-56-25.1-56-56c0-25.4 16.9-46.8 40-53.7V311.2zM144 448a24 24 0 1 0 0-48 24 24 0 1 0 0 48z\"\/><\/svg>\n\t\t\t\t\t<span class=\"wpforms-icon-choices-icon-bg\"><\/span>\n\t\t\t\t<\/span>\n\t\t\t\t<input type=\"checkbox\" id=\"wpforms-1813-field_2_6\" class=\"wpforms-screen-reader-element\" name=\"wpforms[fields][2][]\" value=\"medical\" aria-errormessage=\"wpforms-1813-field_2_6-error\"  >\n\t\t\t\t<span class=\"wpforms-icon-choices-label\">M\u00e9dico<\/span>\n\t\t\t<\/label><\/li><li class=\"choice-7 depth-1 wpforms-icon-choices-item\"><label class=\"wpforms-field-label-inline\" for=\"wpforms-1813-field_2_7\">\n\t\t\t\t<span class=\"wpforms-icon-choices-icon\">\n\t\t\t\t\t<svg xmlns=\"http:\/\/www.w3.org\/2000\/svg\" width=\"80\" height=\"64px\" viewBox=\"0 0 512 512\"><!--! Font Awesome Free 6.4.0 by @fontawesome - https:\/\/fontawesome.com License - https:\/\/fontawesome.com\/license\/free (Icons: CC BY 4.0, Fonts: SIL OFL 1.1, Code: MIT License) Copyright 2023 Fonticons, Inc. --><path d=\"M176 96a48 48 0 1 0 0-96 48 48 0 1 0 0 96zm-8.4 32c-36.4 0-69.6 20.5-85.9 53.1L35.4 273.7c-7.9 15.8-1.5 35 14.3 42.9s35 1.5 42.9-14.3L128 231.6v43.2c0 17 6.7 33.3 18.7 45.3L224 397.3V480c0 17.7 14.3 32 32 32s32-14.3 32-32V390.6c0-12.7-5.1-24.9-14.1-33.9L224 306.7V213.3l70.4 93.9c10.6 14.1 30.7 17 44.8 6.4s17-30.7 6.4-44.8L268.8 166.4C250.7 142.2 222.2 128 192 128H167.6zM128.3 346.8L97 472.2c-4.3 17.1 6.1 34.5 23.3 38.8s34.5-6.1 38.8-23.3l22-88.2-52.8-52.8zM450.8 505.1c5 7.3 15 9.1 22.3 4s9.1-15 4-22.3L358.9 316.1c-2.8 3.8-6.1 7.3-10.1 10.3c-5 3.8-10.5 6.4-16.2 7.9L450.8 505.1z\"\/><\/svg>\n\t\t\t\t\t<span class=\"wpforms-icon-choices-icon-bg\"><\/span>\n\t\t\t\t<\/span>\n\t\t\t\t<input type=\"checkbox\" id=\"wpforms-1813-field_2_7\" class=\"wpforms-screen-reader-element\" name=\"wpforms[fields][2][]\" value=\"aging\" aria-errormessage=\"wpforms-1813-field_2_7-error\"  >\n\t\t\t\t<span class=\"wpforms-icon-choices-label\">Envejecimiento<\/span>\n\t\t\t<\/label><\/li><\/ul><\/fieldset><\/div><\/div><!-- .wpforms-field-container --><div class=\"wpforms-submit-container\" ><input type=\"hidden\" name=\"wpforms[id]\" value=\"1813\"><input type=\"hidden\" name=\"page_title\" value=\"\"><input type=\"hidden\" name=\"page_url\" value=\"https:\/\/emergency.sncil.org\/es\/wp-json\/wp\/v2\/pages\/5260\"><input type=\"hidden\" name=\"url_referer\" value=\"\"><button type=\"submit\" name=\"wpforms[submit]\" id=\"wpforms-submit-1813\" class=\"wpforms-submit\" data-alt-text=\"Env\u00edo\" data-submit-text=\"Entregar\" aria-live=\"assertive\" value=\"wpforms-submit\">Entregar<\/button><img decoding=\"async\" src=\"https:\/\/emergency.sncil.org\/wp-content\/plugins\/wpforms\/assets\/images\/submit-spin.svg\" class=\"wpforms-submit-spinner\" style=\"display: none;\" width=\"26\" height=\"26\" alt=\"Cargando\"><\/div><\/form><\/div>  <!-- .wpforms-container --><\/div>\n\t\t\t\t\t\t<\/div>\n\t\t\t\t<\/div>\n\t\t\t\t\t<\/div>\n\t\t\t\t<\/div>\n\t\t\t\t<\/div>\n\t\t","protected":false},"excerpt":{"rendered":"<p>Convirt\u00e1monos en nuestros propios primeros intervinientes&#8230;Juntos Las emergencias pueden ocurrir en cualquier momento, pero es menos probable que tengan consecuencias a largo plazo si t\u00fa y tus seres queridos est\u00e1is preparados. Para las personas mayores y discapacitadas, disponer de un plan es a\u00fan m\u00e1s esencial para garantizar la seguridad en caso de inundaci\u00f3n, incendio, tormenta, [&hellip;]<\/p>\n","protected":false},"author":1,"featured_media":0,"parent":0,"menu_order":0,"comment_status":"closed","ping_status":"closed","template":"","meta":{"_mc_calendar":[],"footnotes":""},"class_list":["post-5260","page","type-page","status-publish","hentry"],"_links":{"self":[{"href":"https:\/\/emergency.sncil.org\/es\/wp-json\/wp\/v2\/pages\/5260","targetHints":{"allow":["GET"]}}],"collection":[{"href":"https:\/\/emergency.sncil.org\/es\/wp-json\/wp\/v2\/pages"}],"about":[{"href":"https:\/\/emergency.sncil.org\/es\/wp-json\/wp\/v2\/types\/page"}],"author":[{"embeddable":true,"href":"https:\/\/emergency.sncil.org\/es\/wp-json\/wp\/v2\/users\/1"}],"replies":[{"embeddable":true,"href":"https:\/\/emergency.sncil.org\/es\/wp-json\/wp\/v2\/comments?post=5260"}],"version-history":[{"count":7,"href":"https:\/\/emergency.sncil.org\/es\/wp-json\/wp\/v2\/pages\/5260\/revisions"}],"predecessor-version":[{"id":5821,"href":"https:\/\/emergency.sncil.org\/es\/wp-json\/wp\/v2\/pages\/5260\/revisions\/5821"}],"wp:attachment":[{"href":"https:\/\/emergency.sncil.org\/es\/wp-json\/wp\/v2\/media?parent=5260"}],"curies":[{"name":"wp","href":"https:\/\/api.w.org\/{rel}","templated":true}]}}